{"id":38909,"date":"2021-05-29T10:34:20","date_gmt":"2021-05-29T10:34:20","guid":{"rendered":"https:\/\/www.3p-gmbh.de\/?post_type=product&#038;p=38909"},"modified":"2021-11-18T09:55:50","modified_gmt":"2021-11-18T09:55:50","slug":"saugerstangen-fuer-heidelberg-tiegel-modelle-gt-gts-und-gtp","status":"publish","type":"product","link":"https:\/\/www.3p-gmbh.de\/pl\/produkt\/saugerstangen-fuer-heidelberg-tiegel-modelle-gt-gts-und-gtp\/","title":{"rendered":"Saugerstangen f\u00fcr Heidelberg Tiegel Modelle GT GTS und GTP"},"content":{"rendered":"<p><strong>Saugerstangen f\u00fcr schwere Grammaturen f\u00fcr Heidelberg Tiegel Modelle GT GTS und GTP<\/strong><\/p>\n<div>f\u00fcr Original Heidelberg Tiegelpresse<\/div>\n<div>OHT Heidelberg\u00a0 GT A3 &#8211; Tiegelautomat Sondersaugstangen<\/div>\n<div>f\u00fcr hohe Grammaturen<\/div>\n","protected":false},"excerpt":{"rendered":"<p>Saugerstangen f\u00fcr schwere Grammaturen f\u00fcr Heidelberg Tiegel Modelle GT GTS und GTP f\u00fcr Original Heidelberg Tiegelpresse OHT Heidelberg\u00a0 GT A3 &#8211; Tiegelautomat Sondersaugstangen f\u00fcr hohe Grammaturen<\/p>\n","protected":false},"featured_media":38910,"template":"","meta":[],"product_brand":[],"product_cat":[343],"product_tag":[],"class_list":{"0":"post-38909","1":"product","2":"type-product","3":"status-publish","4":"has-post-thumbnail","6":"product_cat-buchdruck","8":"first","9":"instock","10":"taxable","11":"shipping-taxable","12":"product-type-simple"},"jetpack_sharing_enabled":true,"_links":{"self":[{"href":"https:\/\/www.3p-gmbh.de\/pl\/wp-json\/wp\/v2\/product\/38909","targetHints":{"allow":["GET"]}}],"collection":[{"href":"https:\/\/www.3p-gmbh.de\/pl\/wp-json\/wp\/v2\/product"}],"about":[{"href":"https:\/\/www.3p-gmbh.de\/pl\/wp-json\/wp\/v2\/types\/product"}],"wp:featuredmedia":[{"embeddable":true,"href":"https:\/\/www.3p-gmbh.de\/pl\/wp-json\/wp\/v2\/media\/38910"}],"wp:attachment":[{"href":"https:\/\/www.3p-gmbh.de\/pl\/wp-json\/wp\/v2\/media?parent=38909"}],"wp:term":[{"taxonomy":"product_brand","embeddable":true,"href":"https:\/\/www.3p-gmbh.de\/pl\/wp-json\/wp\/v2\/product_brand?post=38909"},{"taxonomy":"product_cat","embeddable":true,"href":"https:\/\/www.3p-gmbh.de\/pl\/wp-json\/wp\/v2\/product_cat?post=38909"},{"taxonomy":"product_tag","embeddable":true,"href":"https:\/\/www.3p-gmbh.de\/pl\/wp-json\/wp\/v2\/product_tag?post=38909"}],"curies":[{"name":"wp","href":"https:\/\/api.w.org\/{rel}","templated":true}]}}