{"id":38279,"date":"2021-05-09T13:41:53","date_gmt":"2021-05-09T13:41:53","guid":{"rendered":"https:\/\/www.3p-gmbh.de\/?post_type=product&#038;p=38279"},"modified":"2021-05-09T13:41:54","modified_gmt":"2021-05-09T13:41:54","slug":"hochleistungs-schneideline-baumann-wohlenberg-perfecta-132-ts-ase-lm","status":"publish","type":"product","link":"https:\/\/www.3p-gmbh.de\/pl\/produkt\/hochleistungs-schneideline-baumann-wohlenberg-perfecta-132-ts-ase-lm\/","title":{"rendered":"Hochleistungs &#8211; Schneideline Baumann Wohlenberg Perfecta 132 TS ASE LM"},"content":{"rendered":"<p><strong>Hochleistungs Schneideline\u00a0Baumann Wohlenberg P 132\u00a0 TS ASE LM<\/strong><br \/>\n<strong>aus 2009<\/strong><\/p>\n<p><em><strong>mit<\/strong><\/em><\/p>\n<p><strong>R\u00fcttler Baumann BSB 5-L<\/strong><br \/>\nmit zwei pneumatisch arbeitenden Klappen, linke Klappe mit \u00d6ffnung f\u00fcr Zangengreifer<br \/>\nBogenformat\u00a0 900 x 1300mm<br \/>\nLagenh\u00f6he\u00a0\u00a0 \u00a0160mm<\/p>\n<p><strong>mit Zangentransport zum Hintertisch &#8211; F\u00f6rdersystem Baumann BSF -R 5<\/strong><\/p>\n<p><strong>Schnellschneider Wohlenberg Perfecta 132 TS ASE<\/strong> (Sp\u00e4neentsorgung durch Tisch\u00f6ffnung vor dem Messer )<br \/>\n<strong>Sp\u00e4neband<\/strong> rechts auslaufend in Absaugstutzen<\/p>\n<p><strong>Abstapler links mit zwei automatischen Paletteneinschubf\u00e4chern Baumann BA-3 F<\/strong><\/p>\n<p><em><strong>Demo unter<\/strong><\/em><br \/>\n<a href=\"https:\/\/youtu.be\/9hpPMEKaF3s\">https:\/\/youtu.be\/9hpPMEKaF3s<\/a><\/p>\n<p><a href=\"https:\/\/www.3p-gmbh.de\/wp-content\/uploads\/2021\/05\/Aufstellplan-Wohlenberg-132-TS-ASE.pdf\">Aufstellplan Wohlenberg 132 TS ASE<\/a><\/p>\n","protected":false},"excerpt":{"rendered":"<p>Hochleistungs Schneideline\u00a0Baumann Wohlenberg P 132\u00a0 TS ASE LM aus 2009 mit R\u00fcttler Baumann BSB 5-L mit zwei pneumatisch arbeitenden Klappen, linke Klappe mit \u00d6ffnung f\u00fcr Zangengreifer Bogenformat\u00a0 900 x 1300mm Lagenh\u00f6he\u00a0\u00a0 \u00a0160mm mit Zangentransport zum Hintertisch &#8211; F\u00f6rdersystem Baumann BSF -R 5 Schnellschneider Wohlenberg Perfecta 132 TS ASE (Sp\u00e4neentsorgung durch Tisch\u00f6ffnung vor dem Messer ) [&hellip;]<\/p>\n","protected":false},"featured_media":38328,"template":"","meta":[],"product_brand":[],"product_cat":[788],"product_tag":[],"class_list":{"0":"post-38279","1":"product","2":"type-product","3":"status-publish","4":"has-post-thumbnail","6":"product_cat-schneidemaschinen","7":"pa_hersteller-baumann-wohlenberg","8":"pa_typ-perfecta-132-ts-ase-lm","10":"first","11":"instock","12":"taxable","13":"shipping-taxable","14":"product-type-simple"},"jetpack_sharing_enabled":true,"_links":{"self":[{"href":"https:\/\/www.3p-gmbh.de\/pl\/wp-json\/wp\/v2\/product\/38279","targetHints":{"allow":["GET"]}}],"collection":[{"href":"https:\/\/www.3p-gmbh.de\/pl\/wp-json\/wp\/v2\/product"}],"about":[{"href":"https:\/\/www.3p-gmbh.de\/pl\/wp-json\/wp\/v2\/types\/product"}],"wp:featuredmedia":[{"embeddable":true,"href":"https:\/\/www.3p-gmbh.de\/pl\/wp-json\/wp\/v2\/media\/38328"}],"wp:attachment":[{"href":"https:\/\/www.3p-gmbh.de\/pl\/wp-json\/wp\/v2\/media?parent=38279"}],"wp:term":[{"taxonomy":"product_brand","embeddable":true,"href":"https:\/\/www.3p-gmbh.de\/pl\/wp-json\/wp\/v2\/product_brand?post=38279"},{"taxonomy":"product_cat","embeddable":true,"href":"https:\/\/www.3p-gmbh.de\/pl\/wp-json\/wp\/v2\/product_cat?post=38279"},{"taxonomy":"product_tag","embeddable":true,"href":"https:\/\/www.3p-gmbh.de\/pl\/wp-json\/wp\/v2\/product_tag?post=38279"}],"curies":[{"name":"wp","href":"https:\/\/api.w.org\/{rel}","templated":true}]}}