{"id":37927,"date":"2021-04-06T20:09:13","date_gmt":"2021-04-06T20:09:13","guid":{"rendered":"https:\/\/www.3p-gmbh.de\/?post_type=product&#038;p=37927"},"modified":"2021-04-06T20:09:13","modified_gmt":"2021-04-06T20:09:13","slug":"kompressor-worthington-rollair-rlr-750-bm-6-500-t-mit-hankison-kaelte-lufttrockner","status":"publish","type":"product","link":"https:\/\/www.3p-gmbh.de\/pl\/produkt\/kompressor-worthington-rollair-rlr-750-bm-6-500-t-mit-hankison-kaelte-lufttrockner\/","title":{"rendered":"Kompressor Worthington Rollair RLR 750 BM 6 500 T mit Hankison K\u00e4lte-Lufttrockner"},"content":{"rendered":"<p><strong>Kompressor Worthington Rollair RLR 750 BM 6 500 T mit Hankison K\u00e4lte-Lufttrockner<\/strong><br \/>\nmit ca. 28.000 Betriebsstunden<\/p>\n<p>vollautomatische, intern komplett verrohrte und verdrahtete Kompaktanlage,<br \/>\neinstufig \u00f6leingespritzt verdichtend, luftgek\u00fchlt, schallged\u00e4mpft<\/p>\n<p>Betriebsdruck 10 bar<br \/>\nVolumenstrom 40 m3\/Stunde<br \/>\nLeistung 5,5 KW<br \/>\nKessel 500 Liter<\/p>\n<p><a href=\"https:\/\/www.3p-gmbh.de\/wp-content\/uploads\/2021\/04\/ROLLAIR_550_2000_EN.pdf\">ROLLAIR_550_2000_EN<\/a><\/p>\n","protected":false},"excerpt":{"rendered":"<p>Kompressor Worthington Rollair RLR 750 BM 6 500 T mit Hankison K\u00e4lte-Lufttrockner mit ca. 28.000 Betriebsstunden vollautomatische, intern komplett verrohrte und verdrahtete Kompaktanlage, einstufig \u00f6leingespritzt verdichtend, luftgek\u00fchlt, schallged\u00e4mpft Betriebsdruck 10 bar Volumenstrom 40 m3\/Stunde Leistung 5,5 KW Kessel 500 Liter ROLLAIR_550_2000_EN<\/p>\n","protected":false},"featured_media":37940,"template":"","meta":[],"product_brand":[],"product_cat":[1492],"product_tag":[],"class_list":{"0":"post-37927","1":"product","2":"type-product","3":"status-publish","4":"has-post-thumbnail","6":"product_cat-kompressoren-und-vakuumpumpen","7":"pa_hersteller-worthington-creyssensac","8":"pa_typ-rollair-rlr-750-bm-6-500-t","10":"first","11":"instock","12":"taxable","13":"shipping-taxable","14":"product-type-simple"},"jetpack_sharing_enabled":true,"_links":{"self":[{"href":"https:\/\/www.3p-gmbh.de\/pl\/wp-json\/wp\/v2\/product\/37927","targetHints":{"allow":["GET"]}}],"collection":[{"href":"https:\/\/www.3p-gmbh.de\/pl\/wp-json\/wp\/v2\/product"}],"about":[{"href":"https:\/\/www.3p-gmbh.de\/pl\/wp-json\/wp\/v2\/types\/product"}],"wp:featuredmedia":[{"embeddable":true,"href":"https:\/\/www.3p-gmbh.de\/pl\/wp-json\/wp\/v2\/media\/37940"}],"wp:attachment":[{"href":"https:\/\/www.3p-gmbh.de\/pl\/wp-json\/wp\/v2\/media?parent=37927"}],"wp:term":[{"taxonomy":"product_brand","embeddable":true,"href":"https:\/\/www.3p-gmbh.de\/pl\/wp-json\/wp\/v2\/product_brand?post=37927"},{"taxonomy":"product_cat","embeddable":true,"href":"https:\/\/www.3p-gmbh.de\/pl\/wp-json\/wp\/v2\/product_cat?post=37927"},{"taxonomy":"product_tag","embeddable":true,"href":"https:\/\/www.3p-gmbh.de\/pl\/wp-json\/wp\/v2\/product_tag?post=37927"}],"curies":[{"name":"wp","href":"https:\/\/api.w.org\/{rel}","templated":true}]}}