{"id":37671,"date":"2021-04-06T10:39:05","date_gmt":"2021-04-06T10:39:05","guid":{"rendered":"https:\/\/www.3p-gmbh.de\/?post_type=product&#038;p=37671"},"modified":"2021-04-06T10:39:05","modified_gmt":"2021-04-06T10:39:05","slug":"cmc-q-joint-falzeinbrennmaschine","status":"publish","type":"product","link":"https:\/\/www.3p-gmbh.de\/pl\/produkt\/cmc-q-joint-falzeinbrennmaschine\/","title":{"rendered":"CMC Q-Joint &#8211; Falzeinbrennmaschine"},"content":{"rendered":"<p><strong>CMC Q-Joint &#8211;\u00a0Falzeinbrennmaschine<\/strong><\/p>\n<p>Um die \u00d6ffnungsf\u00fchrung zwischen dem Buchr\u00fccken und dem Buchdeckel zu formen.<\/p>\n<p>Einlegebreite 50cm<br \/>\nBuchdicke 5 &#8211; 80 mm<\/p>\n<p>-Die Klingen werden mittels elektrischen Widerst\u00e4nden mit W\u00e4rmeregler aufgew\u00e4rmt<br \/>\n-Ausf\u00fchrungen mit Vorrichtung f\u00fcr den automatischen Zyklus und pneumatischer Pressung<br \/>\nwelche es erm\u00f6glicht, die Andruckzeit einzustellen<\/p>\n<p><a href=\"http:\/\/www.cmc-italia.com\/pdf\/Q-Joint_CMC_Italia.pdf\">http:\/\/www.cmc-italia.com\/pdf\/Q-Joint_CMC_Italia.pdf<\/a><\/p>\n","protected":false},"excerpt":{"rendered":"<p>CMC Q-Joint &#8211;\u00a0Falzeinbrennmaschine Um die \u00d6ffnungsf\u00fchrung zwischen dem Buchr\u00fccken und dem Buchdeckel zu formen. Einlegebreite 50cm Buchdicke 5 &#8211; 80 mm -Die Klingen werden mittels elektrischen Widerst\u00e4nden mit W\u00e4rmeregler aufgew\u00e4rmt -Ausf\u00fchrungen mit Vorrichtung f\u00fcr den automatischen Zyklus und pneumatischer Pressung welche es erm\u00f6glicht, die Andruckzeit einzustellen http:\/\/www.cmc-italia.com\/pdf\/Q-Joint_CMC_Italia.pdf<\/p>\n","protected":false},"featured_media":37672,"template":"","meta":[],"product_brand":[],"product_cat":[1764],"product_tag":[],"class_list":{"0":"post-37671","1":"product","2":"type-product","3":"status-publish","4":"has-post-thumbnail","6":"product_cat-sortimentsbuchbinderei","7":"pa_hersteller-cmc","8":"pa_typ-q-joint","10":"first","11":"instock","12":"taxable","13":"shipping-taxable","14":"product-type-simple"},"jetpack_sharing_enabled":true,"_links":{"self":[{"href":"https:\/\/www.3p-gmbh.de\/pl\/wp-json\/wp\/v2\/product\/37671","targetHints":{"allow":["GET"]}}],"collection":[{"href":"https:\/\/www.3p-gmbh.de\/pl\/wp-json\/wp\/v2\/product"}],"about":[{"href":"https:\/\/www.3p-gmbh.de\/pl\/wp-json\/wp\/v2\/types\/product"}],"wp:featuredmedia":[{"embeddable":true,"href":"https:\/\/www.3p-gmbh.de\/pl\/wp-json\/wp\/v2\/media\/37672"}],"wp:attachment":[{"href":"https:\/\/www.3p-gmbh.de\/pl\/wp-json\/wp\/v2\/media?parent=37671"}],"wp:term":[{"taxonomy":"product_brand","embeddable":true,"href":"https:\/\/www.3p-gmbh.de\/pl\/wp-json\/wp\/v2\/product_brand?post=37671"},{"taxonomy":"product_cat","embeddable":true,"href":"https:\/\/www.3p-gmbh.de\/pl\/wp-json\/wp\/v2\/product_cat?post=37671"},{"taxonomy":"product_tag","embeddable":true,"href":"https:\/\/www.3p-gmbh.de\/pl\/wp-json\/wp\/v2\/product_tag?post=37671"}],"curies":[{"name":"wp","href":"https:\/\/api.w.org\/{rel}","templated":true}]}}