{"id":37647,"date":"2021-04-06T10:16:50","date_gmt":"2021-04-06T10:16:50","guid":{"rendered":"https:\/\/www.3p-gmbh.de\/?post_type=product&#038;p=37647"},"modified":"2021-04-06T10:16:50","modified_gmt":"2021-04-06T10:16:50","slug":"cmc-q-cover-start-50-70-deckenmachgeraet","status":"publish","type":"product","link":"https:\/\/www.3p-gmbh.de\/pl\/produkt\/cmc-q-cover-start-50-70-deckenmachgeraet\/","title":{"rendered":"CMC &#8211; Q-Cover START 50-70 Deckenmachger\u00e4t"},"content":{"rendered":"<p><strong>CMC &#8211; Q-Cover START 50-70 Deckenmachger\u00e4t<\/strong><\/p>\n<p>Einschlagseinheit mit Sauglufttisch und F\u00fchrung f\u00fcr die Positionierung der Deckenpappen.<\/p>\n<p>Geeignet f\u00fcr Kunden die schon Anleimmaschine und Anreinemaschine haben.<br \/>\nF\u00fcr Qualitativ hochwertige Produkte mit einer geringen Investition.<\/p>\n<p>Format min. 12 x 15 cm<br \/>\nFormat max. 50 x 70 cm<br \/>\nUmschlagpapierdicke 100 &#8211; 170 Gramm\/m2<br \/>\nPappendicke 1,5 &#8211; 3,0mm<\/p>\n<p><a href=\"http:\/\/www.cmc-italia.com\/pdf\/Q-Cover_CMC_Italia.pdf\">http:\/\/www.cmc-italia.com\/pdf\/Q-Cover_CMC_Italia.pdf<\/a><\/p>\n","protected":false},"excerpt":{"rendered":"<p>CMC &#8211; Q-Cover START 50-70 Deckenmachger\u00e4t Einschlagseinheit mit Sauglufttisch und F\u00fchrung f\u00fcr die Positionierung der Deckenpappen. Geeignet f\u00fcr Kunden die schon Anleimmaschine und Anreinemaschine haben. F\u00fcr Qualitativ hochwertige Produkte mit einer geringen Investition. Format min. 12 x 15 cm Format max. 50 x 70 cm Umschlagpapierdicke 100 &#8211; 170 Gramm\/m2 Pappendicke 1,5 &#8211; 3,0mm http:\/\/www.cmc-italia.com\/pdf\/Q-Cover_CMC_Italia.pdf<\/p>\n","protected":false},"featured_media":37648,"template":"","meta":[],"product_brand":[],"product_cat":[1764],"product_tag":[],"class_list":{"0":"post-37647","1":"product","2":"type-product","3":"status-publish","4":"has-post-thumbnail","6":"product_cat-sortimentsbuchbinderei","7":"pa_hersteller-cmc","8":"pa_typ-q-cover-start","10":"first","11":"instock","12":"taxable","13":"shipping-taxable","14":"product-type-simple"},"jetpack_sharing_enabled":true,"_links":{"self":[{"href":"https:\/\/www.3p-gmbh.de\/pl\/wp-json\/wp\/v2\/product\/37647","targetHints":{"allow":["GET"]}}],"collection":[{"href":"https:\/\/www.3p-gmbh.de\/pl\/wp-json\/wp\/v2\/product"}],"about":[{"href":"https:\/\/www.3p-gmbh.de\/pl\/wp-json\/wp\/v2\/types\/product"}],"wp:featuredmedia":[{"embeddable":true,"href":"https:\/\/www.3p-gmbh.de\/pl\/wp-json\/wp\/v2\/media\/37648"}],"wp:attachment":[{"href":"https:\/\/www.3p-gmbh.de\/pl\/wp-json\/wp\/v2\/media?parent=37647"}],"wp:term":[{"taxonomy":"product_brand","embeddable":true,"href":"https:\/\/www.3p-gmbh.de\/pl\/wp-json\/wp\/v2\/product_brand?post=37647"},{"taxonomy":"product_cat","embeddable":true,"href":"https:\/\/www.3p-gmbh.de\/pl\/wp-json\/wp\/v2\/product_cat?post=37647"},{"taxonomy":"product_tag","embeddable":true,"href":"https:\/\/www.3p-gmbh.de\/pl\/wp-json\/wp\/v2\/product_tag?post=37647"}],"curies":[{"name":"wp","href":"https:\/\/api.w.org\/{rel}","templated":true}]}}