{"id":37542,"date":"2021-03-24T09:32:57","date_gmt":"2021-03-24T09:32:57","guid":{"rendered":"https:\/\/www.3p-gmbh.de\/?post_type=product&#038;p=37542"},"modified":"2021-03-24T09:34:06","modified_gmt":"2021-03-24T09:34:06","slug":"band-all-trl","status":"publish","type":"product","link":"https:\/\/www.3p-gmbh.de\/pl\/produkt\/band-all-trl\/","title":{"rendered":"Band All \/ Bandall TRL 24-30"},"content":{"rendered":"<p><strong>Band All \/ Bandall TRL 24-30<\/strong><\/p>\n<ul>\n<li>Banderolieren und B\u00fcndeln in linearer Aufstellung<\/li>\n<li>die Produkte werden mit Hilfe einer geraden Zuf\u00fchr- und Abf\u00fchrleitung durch den Banderolierbogen transportiert<\/li>\n<li>Pusher und Stopper sorgen daf\u00fcr, dass die von Ihnen zu banderolierenden Produkte auf korrekte Weise im Banderolierbogen platziert werden<\/li>\n<\/ul>\n","protected":false},"excerpt":{"rendered":"<p>Band All \/ Bandall TRL 24-30 Banderolieren und B\u00fcndeln in linearer Aufstellung die Produkte werden mit Hilfe einer geraden Zuf\u00fchr- und Abf\u00fchrleitung durch den Banderolierbogen transportiert Pusher und Stopper sorgen daf\u00fcr, dass die von Ihnen zu banderolierenden Produkte auf korrekte Weise im Banderolierbogen platziert werden<\/p>\n","protected":false},"featured_media":37547,"template":"","meta":[],"product_brand":[],"product_cat":[1746],"product_tag":[],"class_list":{"0":"post-37542","1":"product","2":"type-product","3":"status-publish","4":"has-post-thumbnail","6":"product_cat-banderoliermaschinen","7":"pa_hersteller-band-all","8":"pa_typ-trl-24-30","10":"first","11":"instock","12":"taxable","13":"shipping-taxable","14":"product-type-simple"},"jetpack_sharing_enabled":true,"_links":{"self":[{"href":"https:\/\/www.3p-gmbh.de\/pl\/wp-json\/wp\/v2\/product\/37542","targetHints":{"allow":["GET"]}}],"collection":[{"href":"https:\/\/www.3p-gmbh.de\/pl\/wp-json\/wp\/v2\/product"}],"about":[{"href":"https:\/\/www.3p-gmbh.de\/pl\/wp-json\/wp\/v2\/types\/product"}],"wp:featuredmedia":[{"embeddable":true,"href":"https:\/\/www.3p-gmbh.de\/pl\/wp-json\/wp\/v2\/media\/37547"}],"wp:attachment":[{"href":"https:\/\/www.3p-gmbh.de\/pl\/wp-json\/wp\/v2\/media?parent=37542"}],"wp:term":[{"taxonomy":"product_brand","embeddable":true,"href":"https:\/\/www.3p-gmbh.de\/pl\/wp-json\/wp\/v2\/product_brand?post=37542"},{"taxonomy":"product_cat","embeddable":true,"href":"https:\/\/www.3p-gmbh.de\/pl\/wp-json\/wp\/v2\/product_cat?post=37542"},{"taxonomy":"product_tag","embeddable":true,"href":"https:\/\/www.3p-gmbh.de\/pl\/wp-json\/wp\/v2\/product_tag?post=37542"}],"curies":[{"name":"wp","href":"https:\/\/api.w.org\/{rel}","templated":true}]}}