{"id":37174,"date":"2021-03-04T01:18:29","date_gmt":"2021-03-04T01:18:29","guid":{"rendered":"https:\/\/www.3p-gmbh.de\/?post_type=product&#038;p=37174"},"modified":"2021-03-04T01:18:30","modified_gmt":"2021-03-04T01:18:30","slug":"schliessrahmen-fuer-heidelberg-oht-modell-gt-gts-gtp","status":"publish","type":"product","link":"https:\/\/www.3p-gmbh.de\/pl\/produkt\/schliessrahmen-fuer-heidelberg-oht-modell-gt-gts-gtp\/","title":{"rendered":"Schlie\u00dfrahmen f\u00fcr Heidelberg OHT  Modell GT , GTS , GTP"},"content":{"rendered":"<div><strong>Schlie\u00dfrahmen f\u00fcr Heidelberg OHT\u00a0 Modell GT , GTS , GTP<\/strong><\/div>\n<div>Format 32x46cm<\/div>\n","protected":false},"excerpt":{"rendered":"<p>Schlie\u00dfrahmen f\u00fcr Heidelberg OHT\u00a0 Modell GT , GTS , GTP Format 32x46cm<\/p>\n","protected":false},"featured_media":37179,"template":"","meta":[],"product_brand":[],"product_cat":[418],"product_tag":[],"class_list":{"0":"post-37174","1":"product","2":"type-product","3":"status-publish","4":"has-post-thumbnail","6":"product_cat-druckmaschinenzubehoer-und-ersatzteile","8":"first","9":"instock","10":"taxable","11":"shipping-taxable","12":"product-type-simple"},"jetpack_sharing_enabled":true,"_links":{"self":[{"href":"https:\/\/www.3p-gmbh.de\/pl\/wp-json\/wp\/v2\/product\/37174","targetHints":{"allow":["GET"]}}],"collection":[{"href":"https:\/\/www.3p-gmbh.de\/pl\/wp-json\/wp\/v2\/product"}],"about":[{"href":"https:\/\/www.3p-gmbh.de\/pl\/wp-json\/wp\/v2\/types\/product"}],"wp:featuredmedia":[{"embeddable":true,"href":"https:\/\/www.3p-gmbh.de\/pl\/wp-json\/wp\/v2\/media\/37179"}],"wp:attachment":[{"href":"https:\/\/www.3p-gmbh.de\/pl\/wp-json\/wp\/v2\/media?parent=37174"}],"wp:term":[{"taxonomy":"product_brand","embeddable":true,"href":"https:\/\/www.3p-gmbh.de\/pl\/wp-json\/wp\/v2\/product_brand?post=37174"},{"taxonomy":"product_cat","embeddable":true,"href":"https:\/\/www.3p-gmbh.de\/pl\/wp-json\/wp\/v2\/product_cat?post=37174"},{"taxonomy":"product_tag","embeddable":true,"href":"https:\/\/www.3p-gmbh.de\/pl\/wp-json\/wp\/v2\/product_tag?post=37174"}],"curies":[{"name":"wp","href":"https:\/\/api.w.org\/{rel}","templated":true}]}}