{"id":37060,"date":"2021-03-04T00:51:49","date_gmt":"2021-03-04T00:51:49","guid":{"rendered":"https:\/\/www.3p-gmbh.de\/?post_type=product&#038;p=37060"},"modified":"2021-03-04T00:51:49","modified_gmt":"2021-03-04T00:51:49","slug":"contemp-druckereitechnik-prs-24-pump-regelstation-umwaelzpumpenschrank","status":"publish","type":"product","link":"https:\/\/www.3p-gmbh.de\/pl\/produkt\/contemp-druckereitechnik-prs-24-pump-regelstation-umwaelzpumpenschrank\/","title":{"rendered":"ConTemp Druckereitechnik PRS 24  Pump- &#038; regelstation Umw\u00e4lzpumpenschrank"},"content":{"rendered":"<div><span style=\"font-family: Arial;\"><span style=\"color: #0000ff;\"><strong>ConTemp Druckereitechnik Umw\u00e4lzpumpenschrank<\/strong><\/span>\u00a0<span style=\"color: #ff0000;\"><strong>\u00a0PRS 24\u00a0 Pump- &amp; regelstation<\/strong><\/span><\/span><\/div>\n<div><span style=\"font-family: Arial;\">f\u00fcr den K\u00fchlkreislauf\u00a0von Druckmaschinen mit einer Kapazit\u00e4t von 18.000 Liter pro Stunde Umw\u00e4lzung zu externen R\u00fcckk\u00fchlern<\/span><\/div>\n<div><\/div>\n<div><span style=\"font-family: Arial;\">mit eingebauter Umw\u00e4lzpumpe WILO-HELIXm VE1603-4.0- 1\/16\/E\/KS<\/span><\/div>\n<div><span style=\"font-family: Arial;\">(normalsaugende, mehrstufige Hochdruck-Pumpe in vertikaler Ausf\u00fchrung mit Inline-Anschl\u00fcssen)<\/span><\/div>\n","protected":false},"excerpt":{"rendered":"<p>ConTemp Druckereitechnik Umw\u00e4lzpumpenschrank\u00a0\u00a0PRS 24\u00a0 Pump- &amp; regelstation f\u00fcr den K\u00fchlkreislauf\u00a0von Druckmaschinen mit einer Kapazit\u00e4t von 18.000 Liter pro Stunde Umw\u00e4lzung zu externen R\u00fcckk\u00fchlern mit eingebauter Umw\u00e4lzpumpe WILO-HELIXm VE1603-4.0- 1\/16\/E\/KS (normalsaugende, mehrstufige Hochdruck-Pumpe in vertikaler Ausf\u00fchrung mit Inline-Anschl\u00fcssen)<\/p>\n","protected":false},"featured_media":37061,"template":"","meta":[],"product_brand":[],"product_cat":[418],"product_tag":[],"class_list":{"0":"post-37060","1":"product","2":"type-product","3":"status-publish","4":"has-post-thumbnail","6":"product_cat-druckmaschinenzubehoer-und-ersatzteile","7":"pa_hersteller-contemp-druckereitechnik","8":"pa_typ-prs-24","10":"first","11":"instock","12":"taxable","13":"shipping-taxable","14":"product-type-simple"},"jetpack_sharing_enabled":true,"_links":{"self":[{"href":"https:\/\/www.3p-gmbh.de\/pl\/wp-json\/wp\/v2\/product\/37060","targetHints":{"allow":["GET"]}}],"collection":[{"href":"https:\/\/www.3p-gmbh.de\/pl\/wp-json\/wp\/v2\/product"}],"about":[{"href":"https:\/\/www.3p-gmbh.de\/pl\/wp-json\/wp\/v2\/types\/product"}],"wp:featuredmedia":[{"embeddable":true,"href":"https:\/\/www.3p-gmbh.de\/pl\/wp-json\/wp\/v2\/media\/37061"}],"wp:attachment":[{"href":"https:\/\/www.3p-gmbh.de\/pl\/wp-json\/wp\/v2\/media?parent=37060"}],"wp:term":[{"taxonomy":"product_brand","embeddable":true,"href":"https:\/\/www.3p-gmbh.de\/pl\/wp-json\/wp\/v2\/product_brand?post=37060"},{"taxonomy":"product_cat","embeddable":true,"href":"https:\/\/www.3p-gmbh.de\/pl\/wp-json\/wp\/v2\/product_cat?post=37060"},{"taxonomy":"product_tag","embeddable":true,"href":"https:\/\/www.3p-gmbh.de\/pl\/wp-json\/wp\/v2\/product_tag?post=37060"}],"curies":[{"name":"wp","href":"https:\/\/api.w.org\/{rel}","templated":true}]}}