{"id":37051,"date":"2021-03-04T00:46:15","date_gmt":"2021-03-04T00:46:15","guid":{"rendered":"https:\/\/www.3p-gmbh.de\/?post_type=product&#038;p=37051"},"modified":"2021-03-04T00:46:15","modified_gmt":"2021-03-04T00:46:15","slug":"folienschweisser-hpl-450-as","status":"publish","type":"product","link":"https:\/\/www.3p-gmbh.de\/pl\/produkt\/folienschweisser-hpl-450-as\/","title":{"rendered":"Folienschwei\u00dfer HPL 450 AS"},"content":{"rendered":"<p><strong>Folienschwei\u00dfer HPL 450 AS<\/strong><\/p>\n<p><em>schnell, einfach und effektiv thermosplastische Folie gezielt verschwei\u00dfen<\/em><\/p>\n<ul>\n<li>Balkenschwei\u00dfger\u00e4t<\/li>\n<li>halbautomatische Impulsschwei\u00dfmaschine<\/li>\n<li>Verschwei\u00dfen und verarbeiten jeder Art thermoplastischer Folie<\/li>\n<li>stufenlos regelbare Schwei\u00dfzeitautomatik<\/li>\n<li>durchg\u00e4ngig gleichbleibender Anpressdruck<\/li>\n<li>keinerlei Aufheizzeit ben\u00f6tigt<\/li>\n<li>integrierte Abschneideeinrichtung<\/li>\n<li>Fu\u00dfschalter<\/li>\n<\/ul>\n<p>Schwei\u00dfnahtl\u00e4nge: 450 mm<br \/>\nSchneidl\u00e4nge 360: mm<br \/>\nMax. Folienst\u00e4rke mit PE: 2 x 200 my<br \/>\nSchwei\u00dfnahtbreite: 3 mm<br \/>\nElektrischer Anschluss: 230 V, 50\/60 Hz<\/p>\n","protected":false},"excerpt":{"rendered":"<p>Folienschwei\u00dfer HPL 450 AS schnell, einfach und effektiv thermosplastische Folie gezielt verschwei\u00dfen Balkenschwei\u00dfger\u00e4t halbautomatische Impulsschwei\u00dfmaschine Verschwei\u00dfen und verarbeiten jeder Art thermoplastischer Folie stufenlos regelbare Schwei\u00dfzeitautomatik durchg\u00e4ngig gleichbleibender Anpressdruck keinerlei Aufheizzeit ben\u00f6tigt integrierte Abschneideeinrichtung Fu\u00dfschalter Schwei\u00dfnahtl\u00e4nge: 450 mm Schneidl\u00e4nge 360: mm Max. Folienst\u00e4rke mit PE: 2 x 200 my Schwei\u00dfnahtbreite: 3 mm Elektrischer Anschluss: 230 V, [&hellip;]<\/p>\n","protected":false},"featured_media":37056,"template":"","meta":[],"product_brand":[],"product_cat":[76],"product_tag":[],"class_list":{"0":"post-37051","1":"product","2":"type-product","3":"status-publish","4":"has-post-thumbnail","6":"product_cat-folienverpackung-und-straffpacker","7":"pa_hersteller-ht-verpackungen","8":"pa_typ-hpl-450-as","10":"first","11":"instock","12":"taxable","13":"shipping-taxable","14":"product-type-simple"},"jetpack_sharing_enabled":true,"_links":{"self":[{"href":"https:\/\/www.3p-gmbh.de\/pl\/wp-json\/wp\/v2\/product\/37051","targetHints":{"allow":["GET"]}}],"collection":[{"href":"https:\/\/www.3p-gmbh.de\/pl\/wp-json\/wp\/v2\/product"}],"about":[{"href":"https:\/\/www.3p-gmbh.de\/pl\/wp-json\/wp\/v2\/types\/product"}],"wp:featuredmedia":[{"embeddable":true,"href":"https:\/\/www.3p-gmbh.de\/pl\/wp-json\/wp\/v2\/media\/37056"}],"wp:attachment":[{"href":"https:\/\/www.3p-gmbh.de\/pl\/wp-json\/wp\/v2\/media?parent=37051"}],"wp:term":[{"taxonomy":"product_brand","embeddable":true,"href":"https:\/\/www.3p-gmbh.de\/pl\/wp-json\/wp\/v2\/product_brand?post=37051"},{"taxonomy":"product_cat","embeddable":true,"href":"https:\/\/www.3p-gmbh.de\/pl\/wp-json\/wp\/v2\/product_cat?post=37051"},{"taxonomy":"product_tag","embeddable":true,"href":"https:\/\/www.3p-gmbh.de\/pl\/wp-json\/wp\/v2\/product_tag?post=37051"}],"curies":[{"name":"wp","href":"https:\/\/api.w.org\/{rel}","templated":true}]}}