{"id":37002,"date":"2021-03-04T00:36:39","date_gmt":"2021-03-04T00:36:39","guid":{"rendered":"https:\/\/www.3p-gmbh.de\/?post_type=product&#038;p=37002"},"modified":"2021-03-04T00:36:40","modified_gmt":"2021-03-04T00:36:40","slug":"gewindeschneidmaschine-rems-tornado-typ-2010-220v-50hz","status":"publish","type":"product","link":"https:\/\/www.3p-gmbh.de\/pl\/produkt\/gewindeschneidmaschine-rems-tornado-typ-2010-220v-50hz\/","title":{"rendered":"Gewindeschneidmaschine Rems Tornado Typ 2010 220V, 50Hz"},"content":{"rendered":"<p><strong>Gewindeschneidmaschine Rems Tornado Typ 2010 220V, 50Hz<\/strong><br \/>\n<strong>Gebrauchtger\u00e4t<\/strong><\/p>\n<p>Gewindeschneidmaschine f\u00fcr Rohrgewinde (1\/16) 1\/8 &#8211; 2&#8243;, 16 &#8211; 63 mm, Bolzengewinde (6) 10 &#8211; 60 mm, 1\/4 &#8211; 2&#8243;.<\/p>\n<p>Mit wartungsfreiem Getriebe, Sicherheitsfu\u00dfschalter mit Not-Aus, 2 automatischen Spannfuttern, automatischer Schmierk\u00fchlung.<\/p>\n<p>Mit Werkzeugsatz, bestehend aus einem Universal-Automatik-Schneidkopf f\u00fcr s\u00e4mtliche Gewinde, auch Langgewinde, automatisch \u00f6ffnend, mit Gewindel\u00e4ngen-Automatik f\u00fcr kegelige Gewinde, Schneidbacken f\u00fcr Rohrgewinde kegelig ISO 7-1, EN 10226 (DIN 2999, BSPT) R 1\/2- 3\/4 und R 1 &#8211; 2 rechts, Rohrabschneider, Rohrinnenentgrateinrichtung, Andr\u00fcckhebel. H\u00f6henverstellbare Materialauflage.<br \/>\nPolumschaltbarer Kondensatormotor 230 V, 50 Hz, 2100 W. 52\/26 min-1, auch unter Volllast.<br \/>\nSehr leiser Lauf.<\/p>\n<p>Tragbar, 3 Rohrbeine, Rollenst\u00fctze<\/p>\n","protected":false},"excerpt":{"rendered":"<p>Gewindeschneidmaschine Rems Tornado Typ 2010 220V, 50Hz Gebrauchtger\u00e4t Gewindeschneidmaschine f\u00fcr Rohrgewinde (1\/16) 1\/8 &#8211; 2&#8243;, 16 &#8211; 63 mm, Bolzengewinde (6) 10 &#8211; 60 mm, 1\/4 &#8211; 2&#8243;. Mit wartungsfreiem Getriebe, Sicherheitsfu\u00dfschalter mit Not-Aus, 2 automatischen Spannfuttern, automatischer Schmierk\u00fchlung. Mit Werkzeugsatz, bestehend aus einem Universal-Automatik-Schneidkopf f\u00fcr s\u00e4mtliche Gewinde, auch Langgewinde, automatisch \u00f6ffnend, mit Gewindel\u00e4ngen-Automatik f\u00fcr [&hellip;]<\/p>\n","protected":false},"featured_media":37031,"template":"","meta":[],"product_brand":[],"product_cat":[2140],"product_tag":[],"class_list":{"0":"post-37002","1":"product","2":"type-product","3":"status-publish","4":"has-post-thumbnail","6":"product_cat-werkstattausruestung","7":"pa_hersteller-rems","8":"pa_typ-tornado-typ-2010","10":"first","11":"instock","12":"taxable","13":"shipping-taxable","14":"product-type-simple"},"jetpack_sharing_enabled":true,"_links":{"self":[{"href":"https:\/\/www.3p-gmbh.de\/pl\/wp-json\/wp\/v2\/product\/37002","targetHints":{"allow":["GET"]}}],"collection":[{"href":"https:\/\/www.3p-gmbh.de\/pl\/wp-json\/wp\/v2\/product"}],"about":[{"href":"https:\/\/www.3p-gmbh.de\/pl\/wp-json\/wp\/v2\/types\/product"}],"wp:featuredmedia":[{"embeddable":true,"href":"https:\/\/www.3p-gmbh.de\/pl\/wp-json\/wp\/v2\/media\/37031"}],"wp:attachment":[{"href":"https:\/\/www.3p-gmbh.de\/pl\/wp-json\/wp\/v2\/media?parent=37002"}],"wp:term":[{"taxonomy":"product_brand","embeddable":true,"href":"https:\/\/www.3p-gmbh.de\/pl\/wp-json\/wp\/v2\/product_brand?post=37002"},{"taxonomy":"product_cat","embeddable":true,"href":"https:\/\/www.3p-gmbh.de\/pl\/wp-json\/wp\/v2\/product_cat?post=37002"},{"taxonomy":"product_tag","embeddable":true,"href":"https:\/\/www.3p-gmbh.de\/pl\/wp-json\/wp\/v2\/product_tag?post=37002"}],"curies":[{"name":"wp","href":"https:\/\/api.w.org\/{rel}","templated":true}]}}