{"id":36923,"date":"2021-02-23T14:49:40","date_gmt":"2021-02-23T14:49:40","guid":{"rendered":"https:\/\/www.3p-gmbh.de\/?post_type=product&#038;p=36923"},"modified":"2021-02-23T14:49:40","modified_gmt":"2021-02-23T14:49:40","slug":"buchdecken-rueckenrundegeraet-schmedt-praerund","status":"publish","type":"product","link":"https:\/\/www.3p-gmbh.de\/pl\/produkt\/buchdecken-rueckenrundegeraet-schmedt-praerund\/","title":{"rendered":"Buchdecken-R\u00fcckenrundeger\u00e4t Schmedt Pr\u00e4Rund"},"content":{"rendered":"<div><span style=\"font-family: Arial;\"><span style=\"color: #008000;\"><strong>Buchdecken-R\u00fcckenrundeger\u00e4t\u00a0 Schmedt Pr\u00e4Rund<\/strong><\/span>\u00a0<\/span><\/div>\n<div><\/div>\n<div><span style=\"font-family: Arial;\">Anwendungen:<\/span><\/div>\n<div><span style=\"font-family: Arial;\">Hardcover-B\u00fccher, Fotoalben, Terminkalender, Notizb\u00fccher<br \/>\n<\/span><\/div>\n<div><span style=\"font-family: Arial;\">mit elektrisch beheiztem und \u00fcber Thermostat geregeltem Rundestab<br \/>\nArbeitsbreite: bis 600 mm R\u00fcckenl\u00e4nge<br \/>\nR\u00fcckenbreite: 10 &#8211; 120 mm<br \/>\nElektr. Anschluss: 230 V &#8211; Wechselstrom<\/span><\/div>\n","protected":false},"excerpt":{"rendered":"<p>Buchdecken-R\u00fcckenrundeger\u00e4t\u00a0 Schmedt Pr\u00e4Rund\u00a0 Anwendungen: Hardcover-B\u00fccher, Fotoalben, Terminkalender, Notizb\u00fccher mit elektrisch beheiztem und \u00fcber Thermostat geregeltem Rundestab Arbeitsbreite: bis 600 mm R\u00fcckenl\u00e4nge R\u00fcckenbreite: 10 &#8211; 120 mm Elektr. Anschluss: 230 V &#8211; Wechselstrom<\/p>\n","protected":false},"featured_media":36924,"template":"","meta":[],"product_brand":[],"product_cat":[1764],"product_tag":[],"class_list":{"0":"post-36923","1":"product","2":"type-product","3":"status-publish","4":"has-post-thumbnail","6":"product_cat-sortimentsbuchbinderei","7":"pa_hersteller-schmedt","8":"pa_typ-praerund","10":"first","11":"instock","12":"taxable","13":"shipping-taxable","14":"product-type-simple"},"jetpack_sharing_enabled":true,"_links":{"self":[{"href":"https:\/\/www.3p-gmbh.de\/pl\/wp-json\/wp\/v2\/product\/36923","targetHints":{"allow":["GET"]}}],"collection":[{"href":"https:\/\/www.3p-gmbh.de\/pl\/wp-json\/wp\/v2\/product"}],"about":[{"href":"https:\/\/www.3p-gmbh.de\/pl\/wp-json\/wp\/v2\/types\/product"}],"wp:featuredmedia":[{"embeddable":true,"href":"https:\/\/www.3p-gmbh.de\/pl\/wp-json\/wp\/v2\/media\/36924"}],"wp:attachment":[{"href":"https:\/\/www.3p-gmbh.de\/pl\/wp-json\/wp\/v2\/media?parent=36923"}],"wp:term":[{"taxonomy":"product_brand","embeddable":true,"href":"https:\/\/www.3p-gmbh.de\/pl\/wp-json\/wp\/v2\/product_brand?post=36923"},{"taxonomy":"product_cat","embeddable":true,"href":"https:\/\/www.3p-gmbh.de\/pl\/wp-json\/wp\/v2\/product_cat?post=36923"},{"taxonomy":"product_tag","embeddable":true,"href":"https:\/\/www.3p-gmbh.de\/pl\/wp-json\/wp\/v2\/product_tag?post=36923"}],"curies":[{"name":"wp","href":"https:\/\/api.w.org\/{rel}","templated":true}]}}