{"id":36905,"date":"2021-02-23T14:44:36","date_gmt":"2021-02-23T14:44:36","guid":{"rendered":"https:\/\/www.3p-gmbh.de\/?post_type=product&#038;p=36905"},"modified":"2022-11-14T22:46:25","modified_gmt":"2022-11-14T22:46:25","slug":"doppelspindelpresse-hunkeler-adp-45-70","status":"publish","type":"product","link":"https:\/\/www.3p-gmbh.de\/pl\/produkt\/doppelspindelpresse-hunkeler-adp-45-70\/","title":{"rendered":"Doppelspindelpresse \/ Doppelplattenpresse Hunkeler ADP 45-70"},"content":{"rendered":"<div><strong>Doppelspindelpresse Hunkeler ADP 45-70<\/strong><\/div>\n<div><\/div>\n<div>Doppelplattenpressung\u00a0 45x70cm,<\/div>\n<div>oben oder unten,<\/div>\n<div>beidseitig Spindel gef\u00fchrt<\/div>\n<div>380 Volt<\/div>\n<div><\/div>\n<div>zum Pressen der B\u00fccher mit Kartonumschlag nach dem Einh\u00e4ngen,<\/div>\n<div>oder als Gl\u00e4tt- und Packpresse einzusetzen.<\/div>\n","protected":false},"excerpt":{"rendered":"<p>Doppelspindelpresse Hunkeler ADP 45-70 Doppelplattenpressung\u00a0 45x70cm, oben oder unten, beidseitig Spindel gef\u00fchrt 380 Volt zum Pressen der B\u00fccher mit Kartonumschlag nach dem Einh\u00e4ngen, oder als Gl\u00e4tt- und Packpresse einzusetzen.<\/p>\n","protected":false},"featured_media":45674,"template":"","meta":[],"product_brand":[],"product_cat":[242],"product_tag":[],"class_list":{"0":"post-36905","1":"product","2":"type-product","3":"status-publish","4":"has-post-thumbnail","6":"product_cat-pressen","7":"pa_hersteller-hunkeler","8":"pa_typ-adp-45-70","10":"first","11":"instock","12":"taxable","13":"shipping-taxable","14":"product-type-simple"},"jetpack_sharing_enabled":true,"_links":{"self":[{"href":"https:\/\/www.3p-gmbh.de\/pl\/wp-json\/wp\/v2\/product\/36905","targetHints":{"allow":["GET"]}}],"collection":[{"href":"https:\/\/www.3p-gmbh.de\/pl\/wp-json\/wp\/v2\/product"}],"about":[{"href":"https:\/\/www.3p-gmbh.de\/pl\/wp-json\/wp\/v2\/types\/product"}],"wp:featuredmedia":[{"embeddable":true,"href":"https:\/\/www.3p-gmbh.de\/pl\/wp-json\/wp\/v2\/media\/45674"}],"wp:attachment":[{"href":"https:\/\/www.3p-gmbh.de\/pl\/wp-json\/wp\/v2\/media?parent=36905"}],"wp:term":[{"taxonomy":"product_brand","embeddable":true,"href":"https:\/\/www.3p-gmbh.de\/pl\/wp-json\/wp\/v2\/product_brand?post=36905"},{"taxonomy":"product_cat","embeddable":true,"href":"https:\/\/www.3p-gmbh.de\/pl\/wp-json\/wp\/v2\/product_cat?post=36905"},{"taxonomy":"product_tag","embeddable":true,"href":"https:\/\/www.3p-gmbh.de\/pl\/wp-json\/wp\/v2\/product_tag?post=36905"}],"curies":[{"name":"wp","href":"https:\/\/api.w.org\/{rel}","templated":true}]}}