{"id":36076,"date":"2021-01-28T15:29:08","date_gmt":"2021-01-28T15:29:08","guid":{"rendered":"https:\/\/www.3p-gmbh.de\/?post_type=product&#038;p=36076"},"modified":"2021-01-28T15:29:09","modified_gmt":"2021-01-28T15:29:09","slug":"straffpacker-kallfass-superwrap-650-mit-kallfass-schrumpftunel-universal-650-hv","status":"publish","type":"product","link":"https:\/\/www.3p-gmbh.de\/pl\/produkt\/straffpacker-kallfass-superwrap-650-mit-kallfass-schrumpftunel-universal-650-hv\/","title":{"rendered":"Straffpacker Kallfass Superwrap 650 mit Kallfass Schrumpftunel Universal 650 HV"},"content":{"rendered":"<div><span style=\"font-family: Arial;\"><span style=\"color: #008000;\"><strong>vollautomatische B\u00fcndelpackmaschine Kallfass Superwrap 650 Inline mit Schrumpftunnel Universal 650\u00a0HV mit K\u00fchlung nach dem Schrumpfen<\/strong><\/span><\/span><\/div>\n<div><span style=\"color: #008000; font-family: Arial;\"><strong>aus Bj. 2004<\/strong><\/span><span style=\"font-family: Arial;\"><span style=\"color: #008000;\"><strong><br \/>\n<\/strong><\/span><\/span><\/div>\n<div><span style=\"font-family: Arial;\">Mit\u00a0vielseitigen Einsatzm\u00f6glichkeiten Gl\u00e4ser, Dosen, Boxen, Konserven, Produktstapel und Produktgebinde mit und ohne Tray<\/span><\/div>\n<div><span style=\"font-family: Arial;\">sind bei der Super Wrap bestens aufgehoben.<\/span><\/div>\n<div><span style=\"font-family: Arial;\">Die Banderoliermaschine \u00fcberzeugt dar\u00fcber hinaus durch Schnelligkeit und Zuverl\u00e4ssigkeit.<\/span><\/div>\n<div><span style=\"font-family: Arial;\">Technische Daten:<\/span><\/div>\n<div><\/div>\n<div><span style=\"font-family: Arial;\">Verpackungsart: Folien-Banderole<br \/>\nVerpackungsleistung: bis zu\u00a015 Takte\/\/Min.<br \/>\nFormatbereich: Durchlassbreite: 650 mm<br \/>\nDurchlassh\u00f6he, einstellbar: 100 &#8211; 400 mm<\/span><\/div>\n<div><\/div>\n<div><a href=\"https:\/\/www.3p-gmbh.de\/wp-content\/uploads\/2021\/01\/Kallfass-SuperWrap.pdf\">Kallfass SuperWrap<\/a><\/div>\n","protected":false},"excerpt":{"rendered":"<p>vollautomatische B\u00fcndelpackmaschine Kallfass Superwrap 650 Inline mit Schrumpftunnel Universal 650\u00a0HV mit K\u00fchlung nach dem Schrumpfen aus Bj. 2004 Mit\u00a0vielseitigen Einsatzm\u00f6glichkeiten Gl\u00e4ser, Dosen, Boxen, Konserven, Produktstapel und Produktgebinde mit und ohne Tray sind bei der Super Wrap bestens aufgehoben. Die Banderoliermaschine \u00fcberzeugt dar\u00fcber hinaus durch Schnelligkeit und Zuverl\u00e4ssigkeit. Technische Daten: Verpackungsart: Folien-Banderole Verpackungsleistung: bis zu\u00a015 Takte\/\/Min. [&hellip;]<\/p>\n","protected":false},"featured_media":36077,"template":"","meta":[],"product_brand":[],"product_cat":[76],"product_tag":[],"class_list":{"0":"post-36076","1":"product","2":"type-product","3":"status-publish","4":"has-post-thumbnail","6":"product_cat-folienverpackung-und-straffpacker","7":"pa_hersteller-kallfass","8":"pa_typ-superwrap-650-mit-standard-650-n","10":"first","11":"instock","12":"taxable","13":"shipping-taxable","14":"product-type-simple"},"jetpack_sharing_enabled":true,"_links":{"self":[{"href":"https:\/\/www.3p-gmbh.de\/pl\/wp-json\/wp\/v2\/product\/36076","targetHints":{"allow":["GET"]}}],"collection":[{"href":"https:\/\/www.3p-gmbh.de\/pl\/wp-json\/wp\/v2\/product"}],"about":[{"href":"https:\/\/www.3p-gmbh.de\/pl\/wp-json\/wp\/v2\/types\/product"}],"wp:featuredmedia":[{"embeddable":true,"href":"https:\/\/www.3p-gmbh.de\/pl\/wp-json\/wp\/v2\/media\/36077"}],"wp:attachment":[{"href":"https:\/\/www.3p-gmbh.de\/pl\/wp-json\/wp\/v2\/media?parent=36076"}],"wp:term":[{"taxonomy":"product_brand","embeddable":true,"href":"https:\/\/www.3p-gmbh.de\/pl\/wp-json\/wp\/v2\/product_brand?post=36076"},{"taxonomy":"product_cat","embeddable":true,"href":"https:\/\/www.3p-gmbh.de\/pl\/wp-json\/wp\/v2\/product_cat?post=36076"},{"taxonomy":"product_tag","embeddable":true,"href":"https:\/\/www.3p-gmbh.de\/pl\/wp-json\/wp\/v2\/product_tag?post=36076"}],"curies":[{"name":"wp","href":"https:\/\/api.w.org\/{rel}","templated":true}]}}