{"id":35835,"date":"2021-01-12T13:54:31","date_gmt":"2021-01-12T13:54:31","guid":{"rendered":"https:\/\/www.3p-gmbh.de\/?post_type=product&#038;p=35835"},"modified":"2021-01-12T13:54:32","modified_gmt":"2021-01-12T13:54:32","slug":"renz-ecl-500-elektrische-schliessmaschine-fuer-drahtkammbindungen","status":"publish","type":"product","link":"https:\/\/www.3p-gmbh.de\/pl\/produkt\/renz-ecl-500-elektrische-schliessmaschine-fuer-drahtkammbindungen\/","title":{"rendered":"Renz ECL 500 elektrische Schlie\u00dfmaschine f\u00fcr Drahtkammbindungen"},"content":{"rendered":"<p><strong>Renz ECL 500 elektrische Schlie\u00dfmaschine f\u00fcr Drahtkammbindungen<\/strong><br \/>\n<strong>aus Bj. 2004<br \/>\n<\/strong><br \/>\n&#8211; Arbeitsbreite bis 500 mm<br \/>\n&#8211; Sicherheitsvorrichtung gegen Verletzungen<br \/>\n&#8211; Zu verarbeitende Durchmesser: 3\/16\u0093 &#8211; 1 1\/2\u0093<br \/>\n&#8211; Kein Werkzeugwechsel erforderlich<br \/>\n&#8211; Mechanische Schlie\u00dfleistung: 2.000 Takte\/h*<br \/>\n&#8211; Anschluss: 230\/ 50 Hz<br \/>\n&#8211; Gewicht: 38 kg<\/p>\n<p>* Die tats\u00e4chliche Bindeleistung ist von mehreren Faktoren abh\u00e4ngig, die Wichtigsten sind:<br \/>\n&#8211; Block oder Kalenderbindung ( 2 Drahtelemente + Aufh\u00e4nger )<br \/>\n&#8211; Geschicklichkeit der Bedienperson<\/p>\n<p>Ihr Vorteil:<br \/>\nDurch den Einsatz eines elektrischen Schlie\u00dfger\u00e4tes gew\u00e4hren Sie ein immer gleiches und perfektes Schlie\u00dfergebnis!<br \/>\nWeiter haben Sie beide H\u00e4nde f\u00fcr die Fixierung des Bindegutes bei einer Schlie\u00dfmaschine der ECL-Baureihe zur Verf\u00fcgung (Schlie\u00dfmechanismus wird durch Fu\u00dfschalter ausgel\u00f6st) und die Handhabung wird dadurch sehr einfach.<\/p>\n","protected":false},"excerpt":{"rendered":"<p>Renz ECL 500 elektrische Schlie\u00dfmaschine f\u00fcr Drahtkammbindungen aus Bj. 2004 &#8211; Arbeitsbreite bis 500 mm &#8211; Sicherheitsvorrichtung gegen Verletzungen &#8211; Zu verarbeitende Durchmesser: 3\/16\u0093 &#8211; 1 1\/2\u0093 &#8211; Kein Werkzeugwechsel erforderlich &#8211; Mechanische Schlie\u00dfleistung: 2.000 Takte\/h* &#8211; Anschluss: 230\/ 50 Hz &#8211; Gewicht: 38 kg * Die tats\u00e4chliche Bindeleistung ist von mehreren Faktoren abh\u00e4ngig, die [&hellip;]<\/p>\n","protected":false},"featured_media":35836,"template":"","meta":[],"product_brand":[],"product_cat":[85],"product_tag":[],"class_list":{"0":"post-35835","1":"product","2":"type-product","3":"status-publish","4":"has-post-thumbnail","6":"product_cat-drahtbindemaschinen","7":"pa_hersteller-renz","8":"pa_typ-ecl-500","10":"first","11":"instock","12":"taxable","13":"shipping-taxable","14":"product-type-simple"},"jetpack_sharing_enabled":true,"_links":{"self":[{"href":"https:\/\/www.3p-gmbh.de\/pl\/wp-json\/wp\/v2\/product\/35835","targetHints":{"allow":["GET"]}}],"collection":[{"href":"https:\/\/www.3p-gmbh.de\/pl\/wp-json\/wp\/v2\/product"}],"about":[{"href":"https:\/\/www.3p-gmbh.de\/pl\/wp-json\/wp\/v2\/types\/product"}],"wp:featuredmedia":[{"embeddable":true,"href":"https:\/\/www.3p-gmbh.de\/pl\/wp-json\/wp\/v2\/media\/35836"}],"wp:attachment":[{"href":"https:\/\/www.3p-gmbh.de\/pl\/wp-json\/wp\/v2\/media?parent=35835"}],"wp:term":[{"taxonomy":"product_brand","embeddable":true,"href":"https:\/\/www.3p-gmbh.de\/pl\/wp-json\/wp\/v2\/product_brand?post=35835"},{"taxonomy":"product_cat","embeddable":true,"href":"https:\/\/www.3p-gmbh.de\/pl\/wp-json\/wp\/v2\/product_cat?post=35835"},{"taxonomy":"product_tag","embeddable":true,"href":"https:\/\/www.3p-gmbh.de\/pl\/wp-json\/wp\/v2\/product_tag?post=35835"}],"curies":[{"name":"wp","href":"https:\/\/api.w.org\/{rel}","templated":true}]}}