{"id":35825,"date":"2021-01-12T13:48:31","date_gmt":"2021-01-12T13:48:31","guid":{"rendered":"https:\/\/www.3p-gmbh.de\/?post_type=product&#038;p=35825"},"modified":"2021-01-12T13:48:32","modified_gmt":"2021-01-12T13:48:32","slug":"kennzeichnungssystem-fuer-industrielles-kennzeichnen-mit-printolux-modell-printolux-fb-30-plus","status":"publish","type":"product","link":"https:\/\/www.3p-gmbh.de\/pl\/produkt\/kennzeichnungssystem-fuer-industrielles-kennzeichnen-mit-printolux-modell-printolux-fb-30-plus\/","title":{"rendered":"Kennzeichnungssystem f\u00fcr Industrielles Kennzeichnen mit PrintoLUX\u00ae  Modell  PrintoLUX FB-30-Plus"},"content":{"rendered":"<div><strong>Kennzeichnungssystem PrintoLUX FB-30-Plus<\/strong><\/div>\n<div>\nManuelle H\u00f6hen anpassen bis 30 mm<br \/>\nAktive Druckfl\u00e4che bis maximal 320 x 540 mm<br \/>\nAuflagegewicht bis max. 10 kg. Dabei hohe Druckqualit\u00e4t durch ruhenden Drucktisch und sich bewegendes Druckwerk<br \/>\nWeitere verbesserte Druckergebnisse: Realisierung von bis zu 0,05 mm Strichst\u00e4rken<\/div>\n","protected":false},"excerpt":{"rendered":"<p>Kennzeichnungssystem PrintoLUX FB-30-Plus Manuelle H\u00f6hen anpassen bis 30 mm Aktive Druckfl\u00e4che bis maximal 320 x 540 mm Auflagegewicht bis max. 10 kg. Dabei hohe Druckqualit\u00e4t durch ruhenden Drucktisch und sich bewegendes Druckwerk Weitere verbesserte Druckergebnisse: Realisierung von bis zu 0,05 mm Strichst\u00e4rken<\/p>\n","protected":false},"featured_media":35826,"template":"","meta":[],"product_brand":[],"product_cat":[314],"product_tag":[],"class_list":{"0":"post-35825","1":"product","2":"type-product","3":"status-publish","4":"has-post-thumbnail","6":"product_cat-digitaldruck","7":"pa_hersteller-printolux","8":"pa_typ-fb-30-plus","10":"first","11":"instock","12":"taxable","13":"shipping-taxable","14":"product-type-simple"},"jetpack_sharing_enabled":true,"_links":{"self":[{"href":"https:\/\/www.3p-gmbh.de\/pl\/wp-json\/wp\/v2\/product\/35825","targetHints":{"allow":["GET"]}}],"collection":[{"href":"https:\/\/www.3p-gmbh.de\/pl\/wp-json\/wp\/v2\/product"}],"about":[{"href":"https:\/\/www.3p-gmbh.de\/pl\/wp-json\/wp\/v2\/types\/product"}],"wp:featuredmedia":[{"embeddable":true,"href":"https:\/\/www.3p-gmbh.de\/pl\/wp-json\/wp\/v2\/media\/35826"}],"wp:attachment":[{"href":"https:\/\/www.3p-gmbh.de\/pl\/wp-json\/wp\/v2\/media?parent=35825"}],"wp:term":[{"taxonomy":"product_brand","embeddable":true,"href":"https:\/\/www.3p-gmbh.de\/pl\/wp-json\/wp\/v2\/product_brand?post=35825"},{"taxonomy":"product_cat","embeddable":true,"href":"https:\/\/www.3p-gmbh.de\/pl\/wp-json\/wp\/v2\/product_cat?post=35825"},{"taxonomy":"product_tag","embeddable":true,"href":"https:\/\/www.3p-gmbh.de\/pl\/wp-json\/wp\/v2\/product_tag?post=35825"}],"curies":[{"name":"wp","href":"https:\/\/api.w.org\/{rel}","templated":true}]}}