{"id":35111,"date":"2021-01-11T12:01:28","date_gmt":"2021-01-11T12:01:28","guid":{"rendered":"https:\/\/www.3p-gmbh.de\/?post_type=product&#038;p=35111"},"modified":"2021-01-11T12:01:29","modified_gmt":"2021-01-11T12:01:29","slug":"thermo-relief-durchlaufofen-euromag-ecamo-supermatic-25-luxe-dual-mit-geradem-an-und-ausleger","status":"publish","type":"product","link":"https:\/\/www.3p-gmbh.de\/pl\/produkt\/thermo-relief-durchlaufofen-euromag-ecamo-supermatic-25-luxe-dual-mit-geradem-an-und-ausleger\/","title":{"rendered":"Thermo Relief-Durchlaufofen Euromag Ecamo Supermatic 25 luxe dual mit geradem An- und Ausleger"},"content":{"rendered":"<div><span style=\"color: #0000ff; font-family: Arial;\">Technisch stellt der Reliefdruck (auch als Thermographie bekannt) ein Anschlussverfahren des klassischen Offsetdrucks dar.<\/span><\/div>\n<div><span style=\"color: #0000ff; font-family: Arial;\">Dazu wird nach dem normalen Druckgang ein feines Kunststoffgranulat auf die noch frischen Farbschichten aufgest\u00e4ubt.<\/span><\/div>\n<div><span style=\"color: #0000ff; font-family: Arial;\">Dieser Puder, der nur auf den bedruckten Fl\u00e4chen haften bleibt, verschmilzt im Heiztunnel zu einer farblosen Transparentbeschichtung,<\/span><\/div>\n<div><span style=\"color: #0000ff; font-family: Arial;\">dem erhabenen, f\u00fchlbaren Relief auf den Farbfl\u00e4chen des Endproduktes.<\/span><\/div>\n<div><\/div>\n<div><span style=\"font-family: Arial;\">&#8211; automatischer Puderauftrag im Durchlaufbetrieb mit regelbarer Geschwindigkeit<\/span><\/div>\n<div><span style=\"font-family: Arial;\">&#8211; Einlaufbreite 250mm<\/span><\/div>\n<div><span style=\"font-family: Arial;\">&#8211; schwenkbare Einlaufh\u00f6he<\/span><\/div>\n<div><\/div>\n<div><a href=\"https:\/\/www.3p-gmbh.de\/wp-content\/uploads\/2021\/01\/Prospekt-Supermatic.pdf\">Prospekt Supermatic<\/a><\/div>\n","protected":false},"excerpt":{"rendered":"<p>Technisch stellt der Reliefdruck (auch als Thermographie bekannt) ein Anschlussverfahren des klassischen Offsetdrucks dar. Dazu wird nach dem normalen Druckgang ein feines Kunststoffgranulat auf die noch frischen Farbschichten aufgest\u00e4ubt. Dieser Puder, der nur auf den bedruckten Fl\u00e4chen haften bleibt, verschmilzt im Heiztunnel zu einer farblosen Transparentbeschichtung, dem erhabenen, f\u00fchlbaren Relief auf den Farbfl\u00e4chen des Endproduktes. [&hellip;]<\/p>\n","protected":false},"featured_media":35120,"template":"","meta":[],"product_brand":[],"product_cat":[2064],"product_tag":[],"class_list":{"0":"post-35111","1":"product","2":"type-product","3":"status-publish","4":"has-post-thumbnail","6":"product_cat-reliefdruck","7":"pa_hersteller-ecamo-caslon-adana","8":"pa_typ-supermatic-25-luxe-dual","10":"first","11":"instock","12":"taxable","13":"shipping-taxable","14":"product-type-simple"},"jetpack_sharing_enabled":true,"_links":{"self":[{"href":"https:\/\/www.3p-gmbh.de\/pl\/wp-json\/wp\/v2\/product\/35111","targetHints":{"allow":["GET"]}}],"collection":[{"href":"https:\/\/www.3p-gmbh.de\/pl\/wp-json\/wp\/v2\/product"}],"about":[{"href":"https:\/\/www.3p-gmbh.de\/pl\/wp-json\/wp\/v2\/types\/product"}],"wp:featuredmedia":[{"embeddable":true,"href":"https:\/\/www.3p-gmbh.de\/pl\/wp-json\/wp\/v2\/media\/35120"}],"wp:attachment":[{"href":"https:\/\/www.3p-gmbh.de\/pl\/wp-json\/wp\/v2\/media?parent=35111"}],"wp:term":[{"taxonomy":"product_brand","embeddable":true,"href":"https:\/\/www.3p-gmbh.de\/pl\/wp-json\/wp\/v2\/product_brand?post=35111"},{"taxonomy":"product_cat","embeddable":true,"href":"https:\/\/www.3p-gmbh.de\/pl\/wp-json\/wp\/v2\/product_cat?post=35111"},{"taxonomy":"product_tag","embeddable":true,"href":"https:\/\/www.3p-gmbh.de\/pl\/wp-json\/wp\/v2\/product_tag?post=35111"}],"curies":[{"name":"wp","href":"https:\/\/api.w.org\/{rel}","templated":true}]}}