{"id":35050,"date":"2021-01-11T11:35:53","date_gmt":"2021-01-11T11:35:53","guid":{"rendered":"https:\/\/www.3p-gmbh.de\/?post_type=product&#038;p=35050"},"modified":"2021-01-11T11:36:13","modified_gmt":"2021-01-11T11:36:13","slug":"profitec-popp-mobile-hoehenverstellbare-bogenwendetasche-mit-schraegrolleneinlauf","status":"publish","type":"product","link":"https:\/\/www.3p-gmbh.de\/pl\/produkt\/profitec-popp-mobile-hoehenverstellbare-bogenwendetasche-mit-schraegrolleneinlauf\/","title":{"rendered":"Profitec Popp mobile &#8211; h\u00f6henverstellbare Bogenwendetasche mit Schr\u00e4grolleneinlauf"},"content":{"rendered":"<div><span style=\"font-family: Arial;\">Einlaufbreite 650mm<\/span><\/div>\n<div><\/div>\n<div><span style=\"font-family: Arial;\">Der Bogenwender erm\u00f6glicht das Wenden von ebenen Bogen mit einer Falztasche in Laufrichtung.<\/span><\/div>\n<div><span style=\"font-family: Arial;\">Somit k\u00f6nnen die Bogen beidseitig bedruckt oder gelabelt werden.<\/span><\/div>\n<div><\/div>\n<div><span style=\"font-family: Arial;\">Die Einfuhr- und Ausf\u00fchrtransportwalzen sind Segmentiert,<\/span><\/div>\n<div><span style=\"font-family: Arial;\">die Geschwindigkeit vom Schr\u00e4grollentisch und Tascheneinlauf<\/span><\/div>\n<div><span style=\"font-family: Arial;\">sind getrennt regelbar<\/span><\/div>\n","protected":false},"excerpt":{"rendered":"<p>Einlaufbreite 650mm Der Bogenwender erm\u00f6glicht das Wenden von ebenen Bogen mit einer Falztasche in Laufrichtung. Somit k\u00f6nnen die Bogen beidseitig bedruckt oder gelabelt werden. Die Einfuhr- und Ausf\u00fchrtransportwalzen sind Segmentiert, die Geschwindigkeit vom Schr\u00e4grollentisch und Tascheneinlauf sind getrennt regelbar<\/p>\n","protected":false},"featured_media":35103,"template":"","meta":[],"product_brand":[],"product_cat":[1845],"product_tag":[],"class_list":{"0":"post-35050","1":"product","2":"type-product","3":"status-publish","4":"has-post-thumbnail","6":"product_cat-falzmaschinenzubehoer","7":"pa_hersteller-popp-maschinenbau","8":"pa_typ-mobile","10":"first","11":"instock","12":"taxable","13":"shipping-taxable","14":"product-type-simple"},"jetpack_sharing_enabled":true,"_links":{"self":[{"href":"https:\/\/www.3p-gmbh.de\/pl\/wp-json\/wp\/v2\/product\/35050","targetHints":{"allow":["GET"]}}],"collection":[{"href":"https:\/\/www.3p-gmbh.de\/pl\/wp-json\/wp\/v2\/product"}],"about":[{"href":"https:\/\/www.3p-gmbh.de\/pl\/wp-json\/wp\/v2\/types\/product"}],"wp:featuredmedia":[{"embeddable":true,"href":"https:\/\/www.3p-gmbh.de\/pl\/wp-json\/wp\/v2\/media\/35103"}],"wp:attachment":[{"href":"https:\/\/www.3p-gmbh.de\/pl\/wp-json\/wp\/v2\/media?parent=35050"}],"wp:term":[{"taxonomy":"product_brand","embeddable":true,"href":"https:\/\/www.3p-gmbh.de\/pl\/wp-json\/wp\/v2\/product_brand?post=35050"},{"taxonomy":"product_cat","embeddable":true,"href":"https:\/\/www.3p-gmbh.de\/pl\/wp-json\/wp\/v2\/product_cat?post=35050"},{"taxonomy":"product_tag","embeddable":true,"href":"https:\/\/www.3p-gmbh.de\/pl\/wp-json\/wp\/v2\/product_tag?post=35050"}],"curies":[{"name":"wp","href":"https:\/\/api.w.org\/{rel}","templated":true}]}}