{"id":34395,"date":"2020-10-27T10:36:29","date_gmt":"2020-10-27T10:36:29","guid":{"rendered":"https:\/\/www.3p-gmbh.de\/?post_type=product&#038;p=34395"},"modified":"2020-10-27T10:36:29","modified_gmt":"2020-10-27T10:36:29","slug":"loesemittelbasierende-inkjet-adressierung-videojet-bx-6500","status":"publish","type":"product","link":"https:\/\/www.3p-gmbh.de\/pl\/produkt\/loesemittelbasierende-inkjet-adressierung-videojet-bx-6500\/","title":{"rendered":"L\u00f6semittelbasierende Inkjet Adressierung Videojet BX 6500"},"content":{"rendered":"<div>L\u00f6semittelbasierende Inkjet Adressierung Videojet BX 6500 mit zwei Druckk\u00f6pfen<\/div>\n<div>aus Bj. 2017<\/div>\n","protected":false},"excerpt":{"rendered":"<p>L\u00f6semittelbasierende Inkjet Adressierung Videojet BX 6500 mit zwei Druckk\u00f6pfen aus Bj. 2017<\/p>\n","protected":false},"featured_media":34396,"template":"","meta":[],"product_brand":[],"product_cat":[1744],"product_tag":[],"class_list":{"0":"post-34395","1":"product","2":"type-product","3":"status-publish","4":"has-post-thumbnail","6":"product_cat-adressier-und-kuvertiersysteme","7":"pa_hersteller-videojet","8":"pa_typ-bx-6500","10":"first","11":"instock","12":"taxable","13":"shipping-taxable","14":"product-type-simple"},"jetpack_sharing_enabled":true,"_links":{"self":[{"href":"https:\/\/www.3p-gmbh.de\/pl\/wp-json\/wp\/v2\/product\/34395","targetHints":{"allow":["GET"]}}],"collection":[{"href":"https:\/\/www.3p-gmbh.de\/pl\/wp-json\/wp\/v2\/product"}],"about":[{"href":"https:\/\/www.3p-gmbh.de\/pl\/wp-json\/wp\/v2\/types\/product"}],"wp:featuredmedia":[{"embeddable":true,"href":"https:\/\/www.3p-gmbh.de\/pl\/wp-json\/wp\/v2\/media\/34396"}],"wp:attachment":[{"href":"https:\/\/www.3p-gmbh.de\/pl\/wp-json\/wp\/v2\/media?parent=34395"}],"wp:term":[{"taxonomy":"product_brand","embeddable":true,"href":"https:\/\/www.3p-gmbh.de\/pl\/wp-json\/wp\/v2\/product_brand?post=34395"},{"taxonomy":"product_cat","embeddable":true,"href":"https:\/\/www.3p-gmbh.de\/pl\/wp-json\/wp\/v2\/product_cat?post=34395"},{"taxonomy":"product_tag","embeddable":true,"href":"https:\/\/www.3p-gmbh.de\/pl\/wp-json\/wp\/v2\/product_tag?post=34395"}],"curies":[{"name":"wp","href":"https:\/\/api.w.org\/{rel}","templated":true}]}}