{"id":34090,"date":"2020-10-19T14:25:02","date_gmt":"2020-10-19T14:25:02","guid":{"rendered":"https:\/\/www.3p-gmbh.de\/?post_type=product&#038;p=34090"},"modified":"2020-10-19T14:25:02","modified_gmt":"2020-10-19T14:25:02","slug":"sammelhefter-hohner-hsb-8-000-der-werkzeuglose","status":"publish","type":"product","link":"https:\/\/www.3p-gmbh.de\/pl\/produkt\/sammelhefter-hohner-hsb-8-000-der-werkzeuglose\/","title":{"rendered":"Sammelhefter Hohner HSB 8.000 &#8211; Der Werkzeuglose"},"content":{"rendered":"<div><span style=\"color: #ff0000; font-family: Arial;\"><strong>Bj. 12-2015 ca. 3500 Betriebsstunden<\/strong><\/span><\/div>\n<div>\n<span style=\"font-family: Arial;\">6\u00a0Bogenanleger VF 1 f\u00fcr 2:1 Schaltung<br \/>\n1 Handanlage<br \/>\n1 Umschlaganleger<\/span><\/div>\n<div><span style=\"color: #ff0000; font-family: Arial;\">7 Opticontrol Bogeninspektion<\/span><\/div>\n<div><span style=\"font-family: Arial;\">Hefter mit Klammer- und Dickenkontrolle<\/span><\/div>\n<div><span style=\"color: #ff0000; font-family: Arial;\">4\u00a0Heftk\u00f6pfe HK 52-8 Universal<\/span><\/div>\n<div><span style=\"color: #ff0000; font-family: Arial;\">4\u00a0Heftk\u00f6pfe HK 52-8 f\u00fcr Ring\u00f6sen 6mm<\/span><\/div>\n<div><span style=\"font-family: Arial;\">4 Gro\u00dfspulentr\u00e4ger<\/span><\/div>\n<div><span style=\"font-family: Arial;\">Trimmer mit Mittelschnitteinrichtung f\u00fcr Doppelnutzenproduktion<\/span><\/div>\n<div><span style=\"font-family: Arial;\">\u00dcberleittisch<\/span><span style=\"font-family: Arial;\"><br \/>\nDruck-Vakuumversorgung<\/span><\/div>\n<div><span style=\"font-family: Arial;\">lange Bandauslage<\/span><\/div>\n<div><span style=\"color: #ff0000; font-family: Arial;\"><strong>ohne Kreuzleger !!!!!<\/strong><\/span><\/div>\n<div>\n<span style=\"font-family: Arial;\">Der Weg der Mitte \u0096 bedienerfreundlich &amp; wirtschaftlich<br \/>\nDer HSB 8.000 ist die ideale L\u00f6sung, wenn Sie einen automatischen Sammelhefter f\u00fcr die Weiterverarbeitung vorgefalzter Bogen bei kleinen und mittleren Auflagen suchen.<br \/>\nHinter seiner kompakten Abmessung verbirgt unser \u0084Halbautomatischer\u0093 f\u00fcr den Anwender eine gro\u00dfe Vielfalt und hohes Know-How.<\/span><\/div>\n<div><\/div>\n<div><span style=\"font-family: Arial;\">Formateinstellungen erfolgen beispielsweise werkzeuglos und bedeuten effizientes und bedienerfreundliches Arbeiten in k\u00fcrzester Zeit; bei extrem reduziertem Personaleinsatz kann dieser Sammelhefter bis zu 8.000 Produkte pro Stunde mit hohem Qualit\u00e4tsanspruch und ohne jeglichen Klammerversatz produzieren.<br \/>\nAu\u00dferdem zeigt der HSB 8.000 Format, denn er ist mit einem Maximalformat von 365 x 350 mm Klassenbester. Auch Ring\u00f6senheftungen sind f\u00fcr ihn als Option kein Problem.<br \/>\nBei Hohner werden Ihre Qualit\u00e4ts- und Wirtschaftlichkeits-\u00dcberlegungen ernst genommen und bedienerfreundlich umgesetzt.<\/span><\/div>\n<div><\/div>\n<div><span style=\"font-family: Arial;\">Die Vorteile in K\u00fcrze:<\/span><\/div>\n<div><\/div>\n<div><span style=\"font-family: Arial;\">Nachtr\u00e4gliche Ausbau- und Anpassungsm\u00f6glichkeit der Anlage an Ihre individuellen Bed\u00fcrfnisse durch umfangreiches Baukastensystem (vielf\u00e4ltige, optionale Erweiterungsm\u00f6glichkeiten: von einem Handanleger bis hin zu 8 automatischen Falzbogeneinzelanlegern, automatischer Umschlaganleger, Doppelnutzeneinrichtung, 2:1 Schaltung, Klammerkontrolle, Paketkreuzleger sowie Transportsystem f\u00fcr Schneidabf\u00e4lle)<br \/>\nMesserverbindung \u00fcber ein Joch<br \/>\n12 Kugelumlauf-Buchsen f\u00fcr hoch pr\u00e4zise F\u00fchrung und extrem lange Standzeiten der Messer<br \/>\nKein Klammerversatz &#8211; Heftung und Positionierung der Klammern einwandfrei<br \/>\nKompaktes Ma\u00df mit hohem Leistungsprofil &#8211; reduzierter Platzbedarf<br \/>\nMinimierter Personalbedarf<br \/>\nErgonomische, bedienerfreundliche Anlege-H\u00f6he<\/span><\/div>\n<div><\/div>\n<div><span style=\"font-family: Arial;\">Ihre Vorteile<\/span><\/div>\n<div><\/div>\n<div><span style=\"font-family: Arial;\">&#8211; stabile Produktion mit ca. 7000 Takten<br \/>\n&#8211; kurze Umr\u00fcstezeiten<br \/>\n&#8211; das Gro\u00dfe maximal Format 340x355mm<br \/>\n&#8211; geringe Investitionskosten, schneller ROI<\/span><\/div>\n","protected":false},"excerpt":{"rendered":"<p><a href=\"https:\/\/www.3p-gmbh.de\/wp-content\/uploads\/2020\/10\/HSB-8000-Details.pdf\">HSB 8000 Details<\/a><\/p>\n","protected":false},"featured_media":34091,"template":"","meta":[],"product_brand":[],"product_cat":[86],"product_tag":[],"class_list":{"0":"post-34090","1":"product","2":"type-product","3":"status-publish","4":"has-post-thumbnail","6":"product_cat-sammelhefter","7":"pa_hersteller-hohner","8":"pa_typ-hohner-hsb-8-000","10":"first","11":"instock","12":"taxable","13":"shipping-taxable","14":"product-type-simple"},"jetpack_sharing_enabled":true,"_links":{"self":[{"href":"https:\/\/www.3p-gmbh.de\/pl\/wp-json\/wp\/v2\/product\/34090","targetHints":{"allow":["GET"]}}],"collection":[{"href":"https:\/\/www.3p-gmbh.de\/pl\/wp-json\/wp\/v2\/product"}],"about":[{"href":"https:\/\/www.3p-gmbh.de\/pl\/wp-json\/wp\/v2\/types\/product"}],"wp:featuredmedia":[{"embeddable":true,"href":"https:\/\/www.3p-gmbh.de\/pl\/wp-json\/wp\/v2\/media\/34091"}],"wp:attachment":[{"href":"https:\/\/www.3p-gmbh.de\/pl\/wp-json\/wp\/v2\/media?parent=34090"}],"wp:term":[{"taxonomy":"product_brand","embeddable":true,"href":"https:\/\/www.3p-gmbh.de\/pl\/wp-json\/wp\/v2\/product_brand?post=34090"},{"taxonomy":"product_cat","embeddable":true,"href":"https:\/\/www.3p-gmbh.de\/pl\/wp-json\/wp\/v2\/product_cat?post=34090"},{"taxonomy":"product_tag","embeddable":true,"href":"https:\/\/www.3p-gmbh.de\/pl\/wp-json\/wp\/v2\/product_tag?post=34090"}],"curies":[{"name":"wp","href":"https:\/\/api.w.org\/{rel}","templated":true}]}}