{"id":23500,"date":"2020-05-13T13:05:15","date_gmt":"2020-05-13T13:05:15","guid":{"rendered":"https:\/\/www.3p-gmbh.de\/?post_type=product&#038;p=23500"},"modified":"2020-05-13T13:05:15","modified_gmt":"2020-05-13T13:05:15","slug":"pp-bandumreifungsmaschine-smb-cyklop-ampag-sprint","status":"publish","type":"product","link":"https:\/\/www.3p-gmbh.de\/pl\/produkt\/pp-bandumreifungsmaschine-smb-cyklop-ampag-sprint\/","title":{"rendered":"PP &#8211; Bandumreifungsmaschine SMB Cyklop Ampag Sprint"},"content":{"rendered":"<p>Werkstatt revidierter Zustand<\/p>\n<p>Technische Details<br \/>\nPaket-Leistung (Pakete\/min): 48<br \/>\nMin. Paketl\u00e4nge (mm): no Limit<br \/>\nMax. Paketl\u00e4nge (mm): no Limit<br \/>\nMin. Paketbreite (mm): 100<br \/>\nMax. Paketbreite (mm): 600<br \/>\nMin. Paketh\u00f6he (mm): 5,00<br \/>\nMax. Paketh\u00f6he (mm): 500<br \/>\nMax. Paketgewicht (kg): 30<br \/>\nelektrische Leistung (KW): 1,0<\/p>\n<p>Bandbreite aktuell auf 5mm eingestellt<\/p>\n","protected":false},"excerpt":{"rendered":"<p>Werkstatt revidierter Zustand Technische Details Paket-Leistung (Pakete\/min): 48 Min. Paketl\u00e4nge (mm): no Limit Max. Paketl\u00e4nge (mm): no Limit Min. Paketbreite (mm): 100 Max. Paketbreite (mm): 600 Min. Paketh\u00f6he (mm): 5,00 Max. Paketh\u00f6he (mm): 500 Max. Paketgewicht (kg): 30 elektrische Leistung (KW): 1,0 Bandbreite aktuell auf 5mm eingestellt<\/p>\n","protected":false},"featured_media":23501,"template":"","meta":[],"product_brand":[],"product_cat":[166],"product_tag":[],"class_list":{"0":"post-23500","1":"product","2":"type-product","3":"status-publish","4":"has-post-thumbnail","6":"product_cat-umreifungsmaschinen","7":"pa_hersteller-cyklop-smb","8":"pa_typ-cyklop-ampag-sprint","10":"first","11":"instock","12":"taxable","13":"shipping-taxable","14":"product-type-simple"},"jetpack_sharing_enabled":true,"_links":{"self":[{"href":"https:\/\/www.3p-gmbh.de\/pl\/wp-json\/wp\/v2\/product\/23500","targetHints":{"allow":["GET"]}}],"collection":[{"href":"https:\/\/www.3p-gmbh.de\/pl\/wp-json\/wp\/v2\/product"}],"about":[{"href":"https:\/\/www.3p-gmbh.de\/pl\/wp-json\/wp\/v2\/types\/product"}],"wp:featuredmedia":[{"embeddable":true,"href":"https:\/\/www.3p-gmbh.de\/pl\/wp-json\/wp\/v2\/media\/23501"}],"wp:attachment":[{"href":"https:\/\/www.3p-gmbh.de\/pl\/wp-json\/wp\/v2\/media?parent=23500"}],"wp:term":[{"taxonomy":"product_brand","embeddable":true,"href":"https:\/\/www.3p-gmbh.de\/pl\/wp-json\/wp\/v2\/product_brand?post=23500"},{"taxonomy":"product_cat","embeddable":true,"href":"https:\/\/www.3p-gmbh.de\/pl\/wp-json\/wp\/v2\/product_cat?post=23500"},{"taxonomy":"product_tag","embeddable":true,"href":"https:\/\/www.3p-gmbh.de\/pl\/wp-json\/wp\/v2\/product_tag?post=23500"}],"curies":[{"name":"wp","href":"https:\/\/api.w.org\/{rel}","templated":true}]}}