{"id":23473,"date":"2020-05-12T14:59:53","date_gmt":"2020-05-12T14:59:53","guid":{"rendered":"https:\/\/www.3p-gmbh.de\/?post_type=product&#038;p=23473"},"modified":"2020-05-12T14:59:53","modified_gmt":"2020-05-12T14:59:53","slug":"knorr-rl-2-va-bogenruettler","status":"publish","type":"product","link":"https:\/\/www.3p-gmbh.de\/pl\/produkt\/knorr-rl-2-va-bogenruettler\/","title":{"rendered":"Knorr RL-2-VA Bogenr\u00fcttler"},"content":{"rendered":"<p>SN 7058008<br \/>\nBogenformat ca. 66 x 88cm<\/p>\n<p>\u2022 Geschwei\u00dftes Untergestell mit automatischer R\u00fcttelmechanik<br \/>\n\u2022 Manuelle Seitenklappe links und rechts, somit r\u00fctteln von \u00dcberformaten m\u00f6glich !<br \/>\n\u2022 Hochwertiger Edelstahltisch mit starkem Luftpolster<br \/>\n\u2022 Trennlineal f\u00fcr keinere Bogenformate<br \/>\n\u2022 Tischneigung in bis zu 12 Stufen links\/rechts verstellbar<br \/>\n\u2022 Griffg\u00fcnstiges Bedienelement<br \/>\n\u2022 Stufenlos verstellbare Vibrationsintensit\u00e4t mittels Frequenzumrichter<br \/>\n\u2022 Tischh\u00f6he justierbar<br \/>\n\u2022 Drehrichtung R\u00fcttelmotor wahlweise rechts oder links<br \/>\n\u2022 R\u00fctteln mit\/ohne Luft<\/p>\n","protected":false},"excerpt":{"rendered":"<p>SN 7058008 Bogenformat ca. 66 x 88cm \u2022 Geschwei\u00dftes Untergestell mit automatischer R\u00fcttelmechanik \u2022 Manuelle Seitenklappe links und rechts, somit r\u00fctteln von \u00dcberformaten m\u00f6glich ! \u2022 Hochwertiger Edelstahltisch mit starkem Luftpolster \u2022 Trennlineal f\u00fcr keinere Bogenformate \u2022 Tischneigung in bis zu 12 Stufen links\/rechts verstellbar \u2022 Griffg\u00fcnstiges Bedienelement \u2022 Stufenlos verstellbare Vibrationsintensit\u00e4t mittels Frequenzumrichter \u2022 [&hellip;]<\/p>\n","protected":false},"featured_media":23474,"template":"","meta":[],"product_brand":[],"product_cat":[1759],"product_tag":[],"class_list":{"0":"post-23473","1":"product","2":"type-product","3":"status-publish","4":"has-post-thumbnail","6":"product_cat-ruetteltische","7":"pa_hersteller-knorr","8":"pa_typ-rl-2-va","10":"first","11":"instock","12":"taxable","13":"shipping-taxable","14":"product-type-simple"},"jetpack_sharing_enabled":true,"_links":{"self":[{"href":"https:\/\/www.3p-gmbh.de\/pl\/wp-json\/wp\/v2\/product\/23473","targetHints":{"allow":["GET"]}}],"collection":[{"href":"https:\/\/www.3p-gmbh.de\/pl\/wp-json\/wp\/v2\/product"}],"about":[{"href":"https:\/\/www.3p-gmbh.de\/pl\/wp-json\/wp\/v2\/types\/product"}],"wp:featuredmedia":[{"embeddable":true,"href":"https:\/\/www.3p-gmbh.de\/pl\/wp-json\/wp\/v2\/media\/23474"}],"wp:attachment":[{"href":"https:\/\/www.3p-gmbh.de\/pl\/wp-json\/wp\/v2\/media?parent=23473"}],"wp:term":[{"taxonomy":"product_brand","embeddable":true,"href":"https:\/\/www.3p-gmbh.de\/pl\/wp-json\/wp\/v2\/product_brand?post=23473"},{"taxonomy":"product_cat","embeddable":true,"href":"https:\/\/www.3p-gmbh.de\/pl\/wp-json\/wp\/v2\/product_cat?post=23473"},{"taxonomy":"product_tag","embeddable":true,"href":"https:\/\/www.3p-gmbh.de\/pl\/wp-json\/wp\/v2\/product_tag?post=23473"}],"curies":[{"name":"wp","href":"https:\/\/api.w.org\/{rel}","templated":true}]}}