{"id":23453,"date":"2020-05-12T14:28:22","date_gmt":"2020-05-12T14:28:22","guid":{"rendered":"https:\/\/www.3p-gmbh.de\/?post_type=product&#038;p=23453"},"modified":"2020-05-12T14:28:22","modified_gmt":"2020-05-12T14:28:22","slug":"polar-ruettelautomat-ra-4-mit-luftausstreichwalze","status":"publish","type":"product","link":"https:\/\/www.3p-gmbh.de\/pl\/produkt\/polar-ruettelautomat-ra-4-mit-luftausstreichwalze\/","title":{"rendered":"Polar R\u00fcttelautomat RA 4 mit Luftausstreichwalze"},"content":{"rendered":"<p>Nach abgeschlossenem R\u00fcttelvorgang wird die Luft aus der Schneidlage gepresst.<br \/>\nSie k\u00f6nnen 1- oder 2-mal ausstreichen, wobei der Pressdruck des ersten Ausstreichvorganges einstellbar ist und bei geneigtem Tisch auch \u201ezwischendurch ausstreichen\u201c.<\/p>\n<p>Tischgr\u00f6\u00dfe 900x1150mm<br \/>\nLagenh\u00f6he min. 30 mm<br \/>\nLagenh\u00f6he man. 80 mm<br \/>\nDruckluftbedarf bei 6 &#8211; 8 bar ca. 2L\/min<\/p>\n","protected":false},"excerpt":{"rendered":"<p>Nach abgeschlossenem R\u00fcttelvorgang wird die Luft aus der Schneidlage gepresst. Sie k\u00f6nnen 1- oder 2-mal ausstreichen, wobei der Pressdruck des ersten Ausstreichvorganges einstellbar ist und bei geneigtem Tisch auch \u201ezwischendurch ausstreichen\u201c. Tischgr\u00f6\u00dfe 900x1150mm Lagenh\u00f6he min. 30 mm Lagenh\u00f6he man. 80 mm Druckluftbedarf bei 6 &#8211; 8 bar ca. 2L\/min<\/p>\n","protected":false},"featured_media":23454,"template":"","meta":[],"product_brand":[],"product_cat":[1759],"product_tag":[],"class_list":{"0":"post-23453","1":"product","2":"type-product","3":"status-publish","4":"has-post-thumbnail","6":"product_cat-ruetteltische","7":"pa_hersteller-polar-mohr","8":"pa_typ-ra-4-ra-4","10":"first","11":"instock","12":"taxable","13":"shipping-taxable","14":"product-type-simple"},"jetpack_sharing_enabled":true,"_links":{"self":[{"href":"https:\/\/www.3p-gmbh.de\/pl\/wp-json\/wp\/v2\/product\/23453","targetHints":{"allow":["GET"]}}],"collection":[{"href":"https:\/\/www.3p-gmbh.de\/pl\/wp-json\/wp\/v2\/product"}],"about":[{"href":"https:\/\/www.3p-gmbh.de\/pl\/wp-json\/wp\/v2\/types\/product"}],"wp:featuredmedia":[{"embeddable":true,"href":"https:\/\/www.3p-gmbh.de\/pl\/wp-json\/wp\/v2\/media\/23454"}],"wp:attachment":[{"href":"https:\/\/www.3p-gmbh.de\/pl\/wp-json\/wp\/v2\/media?parent=23453"}],"wp:term":[{"taxonomy":"product_brand","embeddable":true,"href":"https:\/\/www.3p-gmbh.de\/pl\/wp-json\/wp\/v2\/product_brand?post=23453"},{"taxonomy":"product_cat","embeddable":true,"href":"https:\/\/www.3p-gmbh.de\/pl\/wp-json\/wp\/v2\/product_cat?post=23453"},{"taxonomy":"product_tag","embeddable":true,"href":"https:\/\/www.3p-gmbh.de\/pl\/wp-json\/wp\/v2\/product_tag?post=23453"}],"curies":[{"name":"wp","href":"https:\/\/api.w.org\/{rel}","templated":true}]}}