{"id":23435,"date":"2020-05-12T13:38:52","date_gmt":"2020-05-12T13:38:52","guid":{"rendered":"https:\/\/www.3p-gmbh.de\/?post_type=product&#038;p=23435"},"modified":"2020-05-12T13:38:52","modified_gmt":"2020-05-12T13:38:52","slug":"cyklop-b6-klebebandspender-klebetechnik-streifengeber-manueller-streifengeber","status":"publish","type":"product","link":"https:\/\/www.3p-gmbh.de\/pl\/produkt\/cyklop-b6-klebebandspender-klebetechnik-streifengeber-manueller-streifengeber\/","title":{"rendered":"Cyklop B6 &#8211; Klebebandspender &#8211; KLEBETECHNIK  STREIFENGEBER  &#8211;  Manueller Streifengeber"},"content":{"rendered":"<p>Klebebandbreite 20 bis 100 mm<br \/>\nKlebebandl\u00e4nge 100 mm bis 1.100 mm einstellbar<br \/>\nRollenaussendurchmesser max. 200 mm<br \/>\nGewicht ca. 9,3 kg<\/p>\n<p>Mit Nassklebeb\u00e4nder und Streifengeber werden Versandschachteln schnell, einfach und effizient verschlossen.<br \/>\nKlebeb\u00e4nder und Schachteln sind nach dem Gebrauch problemlos recycelbar.<br \/>\nDer Klebstoff wird bei der Aktivierung fl\u00fcssig und dringt in die Poren der Schachteldecke ein.<br \/>\nEs entsteht ein D\u00fcbeleffekt.<br \/>\nDer Verschluss ist fest und dauerhaft.<br \/>\nMultiband wird zum Bestandteil der Schachtel.<br \/>\nWeder Hitze noch K\u00e4lte haben Einfluss auf den Verschluss. Nassklebeb\u00e4nder und Multiband\u00ae sind umweltfreundlich.<br \/>\nDas Kraftpapier ist frei von Schadstoffen und kann der Wiederverwertung zugef\u00fchrt werden.<br \/>\nDer Klebstoff aus St\u00e4rkederivat ist biologisch abbaubar und nicht toxisch.<br \/>\nDie Polyester-Roh-weis- Verst\u00e4rkungen haben keine gesundheits- und umweltsch\u00e4digende Wirkung.<\/p>\n<p>Multiband\u00ae gibt es mit zwei Verst\u00e4rkungsanordungen:<br \/>\n-mit zwei L\u00e4ngsverst\u00e4rkungen aus Polyester f\u00fcr den optimalen Schutz der Schachtelkanten.<br \/>\n-mit einer zus\u00e4tzlichen Kurvenverst\u00e4rkung, die au\u00dferdem noch den Mittelteil sichert.<\/p>\n","protected":false},"excerpt":{"rendered":"<p>Klebebandbreite 20 bis 100 mm Klebebandl\u00e4nge 100 mm bis 1.100 mm einstellbar Rollenaussendurchmesser max. 200 mm Gewicht ca. 9,3 kg Mit Nassklebeb\u00e4nder und Streifengeber werden Versandschachteln schnell, einfach und effizient verschlossen. Klebeb\u00e4nder und Schachteln sind nach dem Gebrauch problemlos recycelbar. Der Klebstoff wird bei der Aktivierung fl\u00fcssig und dringt in die Poren der Schachteldecke ein. [&hellip;]<\/p>\n","protected":false},"featured_media":23436,"template":"","meta":[],"product_brand":[],"product_cat":[119],"product_tag":[],"class_list":{"0":"post-23435","1":"product","2":"type-product","3":"status-publish","4":"has-post-thumbnail","6":"product_cat-etikettierer","7":"pa_hersteller-cyklop","8":"pa_typ-b6","10":"first","11":"instock","12":"taxable","13":"shipping-taxable","14":"product-type-simple"},"jetpack_sharing_enabled":true,"_links":{"self":[{"href":"https:\/\/www.3p-gmbh.de\/pl\/wp-json\/wp\/v2\/product\/23435","targetHints":{"allow":["GET"]}}],"collection":[{"href":"https:\/\/www.3p-gmbh.de\/pl\/wp-json\/wp\/v2\/product"}],"about":[{"href":"https:\/\/www.3p-gmbh.de\/pl\/wp-json\/wp\/v2\/types\/product"}],"wp:featuredmedia":[{"embeddable":true,"href":"https:\/\/www.3p-gmbh.de\/pl\/wp-json\/wp\/v2\/media\/23436"}],"wp:attachment":[{"href":"https:\/\/www.3p-gmbh.de\/pl\/wp-json\/wp\/v2\/media?parent=23435"}],"wp:term":[{"taxonomy":"product_brand","embeddable":true,"href":"https:\/\/www.3p-gmbh.de\/pl\/wp-json\/wp\/v2\/product_brand?post=23435"},{"taxonomy":"product_cat","embeddable":true,"href":"https:\/\/www.3p-gmbh.de\/pl\/wp-json\/wp\/v2\/product_cat?post=23435"},{"taxonomy":"product_tag","embeddable":true,"href":"https:\/\/www.3p-gmbh.de\/pl\/wp-json\/wp\/v2\/product_tag?post=23435"}],"curies":[{"name":"wp","href":"https:\/\/api.w.org\/{rel}","templated":true}]}}