{"id":23274,"date":"2020-04-03T11:49:23","date_gmt":"2020-04-03T11:49:23","guid":{"rendered":"https:\/\/www.3p-gmbh.de\/?post_type=product&#038;p=23274"},"modified":"2020-04-15T14:29:22","modified_gmt":"2020-04-15T14:29:22","slug":"schnellschneideline-polar-92-xt-mit-ruettler-ra-2-optional-lift-lw-450-und-zaehlwaage","status":"publish","type":"product","link":"https:\/\/www.3p-gmbh.de\/pl\/produkt\/schnellschneideline-polar-92-xt-mit-ruettler-ra-2-optional-lift-lw-450-und-zaehlwaage\/","title":{"rendered":"Schnellschneideline Polar 92 XT mit R\u00fcttler RA-2, optional Lift LW 450 und Z\u00e4hlwaage"},"content":{"rendered":"<p>Schnellschneider Polar 92 XT<br \/>\nBaujahr 2007<br \/>\nnur 840.707 Schnitte<\/p>\n<p>&#8211; Schnittbreite: 92 cm<br \/>\n&#8211; XT Touch Programmsteuerung<br \/>\n&#8211; Lichtschranke,<br \/>\n&#8211; verchromter Lufttisch<br \/>\n&#8211; verchromter Lufteitenlufttische links &amp; rechts 75x75cm<br \/>\n&#8211; Hintertischabdeckung<br \/>\n&#8211; 2 Messer<\/p>\n<p>Zustand: Wartungsgepflegt<br \/>\nsofort verf\u00fcgbar<\/p>\n<p>R\u00fcttelautomat Polar RA-2 mit Luftausstreichwalze und pneumatischen Klappanschl\u00e4gen<br \/>\naus Bj. 2005<br \/>\nNach abgeschlossenem R\u00fcttelvorgang wird die Luft aus der Schneidlage gepresst.<br \/>\nSie k\u00f6nnen 1- oder 2-mal ausstreichen, wobei der Pressdruck des ersten Ausstreichvorganges einstellbar ist und bei geneigtem Tisch auch \u201ezwischendurch ausstreichen\u201c.<br \/>\nEdelstahl-plattierte Tischfl\u00e4che 72 x 87 cm<br \/>\nLagenh\u00f6he min. 30 mm<br \/>\nLagenh\u00f6he man. 165 mm<br \/>\nTischh\u00f6he 860 &#8211; 950 mm<br \/>\nDruckluftbedarf bei 6 &#8211; 8 bar ca. 2L\/min<br \/>\nZustand: Wartungsgepflegt<br \/>\nsofort verf\u00fcbar<\/p>\n<p>Gegen Aufpreis bieten wir aus Lagerbestand an<br \/>\nBogenwaage &#8211; Z\u00e4hlwaage Avery Weigh-Tronix f\u00fcr R\u00fcttler Polar Mohr RA-2 oder RA-4<br \/>\naus Bj. 2011<br \/>\nzum Erstellen von mengengenauen Schneidlagen<\/p>\n<p>Polar Mohr Stapellift Polar LW 450 &#8211; 1<br \/>\naus 2005<br \/>\nDurch das automatische Anheben des Schneidgutes kann der Bediener in einer f\u00fcr ihn<br \/>\nergonomisch g\u00fcnstigen Arbeitsh\u00f6he das Material in den R\u00fcttelautomat oder direkt in<br \/>\ndie Schneidmaschine laden.<br \/>\nDer Stapellift kann aber auch zum Abstapeln von Schneidgut eingesetzt werden<\/p>\n<p>Stapellifte m\u00fcssen nicht im Boden verankert werden und k\u00f6nnen somit leicht fahrbar umgestellt werden.<br \/>\nSie sind mit stufenlos justierbaren Reflexlichtschranken f\u00fcr automatisches Heben oder Senken ausgestattet.<\/p>\n<p>Technische Daten<br \/>\nWanne (Innenma\u00dfe) cm 62 x 90<br \/>\nHub bis cm 85<br \/>\nH\u00f6he (bei max. Hub) cm 150 (196)<br \/>\nTragkraft max. kg 450<\/p>\n","protected":false},"excerpt":{"rendered":"<p><a href=\"https:\/\/www.3p-gmbh.de\/wp-content\/uploads\/2020\/04\/06_Produktblatt_POLAR-92_dt_01.2010.pdf\">06_Produktblatt_POLAR-92_dt_01.2010<\/a><\/p>\n","protected":false},"featured_media":23275,"template":"","meta":[],"product_brand":[],"product_cat":[788],"product_tag":[],"class_list":{"0":"post-23274","1":"product","2":"type-product","3":"status-publish","4":"has-post-thumbnail","6":"product_cat-schneidemaschinen","7":"pa_hersteller-polar-mohr","8":"pa_typ-92-xt","9":"pa_typ-bogenwaage-zaehlwaage-avery-weigh-troni","10":"pa_typ-lw-450-1","11":"pa_typ-ra-2","13":"first","14":"instock","15":"taxable","16":"shipping-taxable","17":"purchasable","18":"product-type-simple"},"jetpack_sharing_enabled":true,"_links":{"self":[{"href":"https:\/\/www.3p-gmbh.de\/pl\/wp-json\/wp\/v2\/product\/23274","targetHints":{"allow":["GET"]}}],"collection":[{"href":"https:\/\/www.3p-gmbh.de\/pl\/wp-json\/wp\/v2\/product"}],"about":[{"href":"https:\/\/www.3p-gmbh.de\/pl\/wp-json\/wp\/v2\/types\/product"}],"wp:featuredmedia":[{"embeddable":true,"href":"https:\/\/www.3p-gmbh.de\/pl\/wp-json\/wp\/v2\/media\/23275"}],"wp:attachment":[{"href":"https:\/\/www.3p-gmbh.de\/pl\/wp-json\/wp\/v2\/media?parent=23274"}],"wp:term":[{"taxonomy":"product_brand","embeddable":true,"href":"https:\/\/www.3p-gmbh.de\/pl\/wp-json\/wp\/v2\/product_brand?post=23274"},{"taxonomy":"product_cat","embeddable":true,"href":"https:\/\/www.3p-gmbh.de\/pl\/wp-json\/wp\/v2\/product_cat?post=23274"},{"taxonomy":"product_tag","embeddable":true,"href":"https:\/\/www.3p-gmbh.de\/pl\/wp-json\/wp\/v2\/product_tag?post=23274"}],"curies":[{"name":"wp","href":"https:\/\/api.w.org\/{rel}","templated":true}]}}