{"id":23249,"date":"2020-04-02T08:45:05","date_gmt":"2020-04-02T08:45:05","guid":{"rendered":"https:\/\/www.3p-gmbh.de\/?post_type=product&#038;p=23249"},"modified":"2020-04-15T14:29:22","modified_gmt":"2020-04-15T14:29:22","slug":"muero-magnet-motor-tischruettler-mit-kassettenfach-und-verstellbarer-ruettelstaerke","status":"publish","type":"product","link":"https:\/\/www.3p-gmbh.de\/pl\/produkt\/muero-magnet-motor-tischruettler-mit-kassettenfach-und-verstellbarer-ruettelstaerke\/","title":{"rendered":"M\u00fcro Magnet-Motor Tischr\u00fcttler mit Kassettenfach und verstellbarer R\u00fcttelst\u00e4rke"},"content":{"rendered":"<p>220 Volt<\/p>\n","protected":false},"excerpt":{"rendered":"<p>220 Volt<\/p>\n","protected":false},"featured_media":23250,"template":"","meta":[],"product_brand":[],"product_cat":[1764],"product_tag":[],"class_list":{"0":"post-23249","1":"product","2":"type-product","3":"status-publish","4":"has-post-thumbnail","6":"product_cat-sortimentsbuchbinderei","7":"pa_hersteller-muero","9":"first","10":"instock","11":"taxable","12":"shipping-taxable","13":"purchasable","14":"product-type-simple"},"jetpack_sharing_enabled":true,"_links":{"self":[{"href":"https:\/\/www.3p-gmbh.de\/pl\/wp-json\/wp\/v2\/product\/23249","targetHints":{"allow":["GET"]}}],"collection":[{"href":"https:\/\/www.3p-gmbh.de\/pl\/wp-json\/wp\/v2\/product"}],"about":[{"href":"https:\/\/www.3p-gmbh.de\/pl\/wp-json\/wp\/v2\/types\/product"}],"wp:featuredmedia":[{"embeddable":true,"href":"https:\/\/www.3p-gmbh.de\/pl\/wp-json\/wp\/v2\/media\/23250"}],"wp:attachment":[{"href":"https:\/\/www.3p-gmbh.de\/pl\/wp-json\/wp\/v2\/media?parent=23249"}],"wp:term":[{"taxonomy":"product_brand","embeddable":true,"href":"https:\/\/www.3p-gmbh.de\/pl\/wp-json\/wp\/v2\/product_brand?post=23249"},{"taxonomy":"product_cat","embeddable":true,"href":"https:\/\/www.3p-gmbh.de\/pl\/wp-json\/wp\/v2\/product_cat?post=23249"},{"taxonomy":"product_tag","embeddable":true,"href":"https:\/\/www.3p-gmbh.de\/pl\/wp-json\/wp\/v2\/product_tag?post=23249"}],"curies":[{"name":"wp","href":"https:\/\/api.w.org\/{rel}","templated":true}]}}