{"id":23188,"date":"2020-03-18T09:37:33","date_gmt":"2020-03-18T09:37:33","guid":{"rendered":"https:\/\/www.3p-gmbh.de\/?post_type=product&#038;p=23188"},"modified":"2020-04-15T14:29:23","modified_gmt":"2020-04-15T14:29:23","slug":"vacuumatic-universal-streifeneinschussgeraet-vuti","status":"publish","type":"product","link":"https:\/\/www.3p-gmbh.de\/pl\/produkt\/vacuumatic-universal-streifeneinschussgeraet-vuti\/","title":{"rendered":"Vacuumatic Universal Streifeneinschussger\u00e4t Vuti"},"content":{"rendered":"<ul>\n<li>elektrische Verbindung zur Druckmaschine zur Druckmaschine<\/li>\n<li>einfache Eingabe der gew\u00fcnschten Z\u00e4hlmenge mit Tastatur und Display<\/li>\n<li>offener Streifenf\u00fchrungskanal mit geradlinigem Streifeneinschuss, L\u00e4nge 600 mm vereinfacht die Beseitigung von Papierresten<\/li>\n<li>Streifenstau (automatisches Alarmsystem, wenn Streifenvorschub blockiert)<\/li>\n<li>Einsatzh\u00f6he verstellbar bis 150 cm<\/li>\n<li>Streifenl\u00e4nge einstellbar von ca. 10 bis 20 cm<\/li>\n<li>abz\u00e4hlen von 2 bis 9999 Bogen<\/li>\n<li>Abschneidverz\u00f6gerung 1-99 B\u00f6gen<\/li>\n<li>Z\u00e4hlgeschwindigkeit bis ca. 120.000 Bg.\/h<\/li>\n<li>elektr. Anschlu\u00df 230 V<\/li>\n<\/ul>\n","protected":false},"excerpt":{"rendered":"<p>elektrische Verbindung zur Druckmaschine zur Druckmaschine einfache Eingabe der gew\u00fcnschten Z\u00e4hlmenge mit Tastatur und Display offener Streifenf\u00fchrungskanal mit geradlinigem Streifeneinschuss, L\u00e4nge 600 mm vereinfacht die Beseitigung von Papierresten Streifenstau (automatisches Alarmsystem, wenn Streifenvorschub blockiert) Einsatzh\u00f6he verstellbar bis 150 cm Streifenl\u00e4nge einstellbar von ca. 10 bis 20 cm abz\u00e4hlen von 2 bis 9999 Bogen Abschneidverz\u00f6gerung 1-99 [&hellip;]<\/p>\n","protected":false},"featured_media":23189,"template":"","meta":[],"product_brand":[],"product_cat":[1758],"product_tag":[],"class_list":{"0":"post-23188","1":"product","2":"type-product","3":"status-publish","4":"has-post-thumbnail","6":"product_cat-papierzaehlmaschinen","7":"pa_hersteller-vacuumatic","8":"pa_typ-vuti","10":"first","11":"instock","12":"taxable","13":"shipping-taxable","14":"purchasable","15":"product-type-simple"},"jetpack_sharing_enabled":true,"_links":{"self":[{"href":"https:\/\/www.3p-gmbh.de\/pl\/wp-json\/wp\/v2\/product\/23188","targetHints":{"allow":["GET"]}}],"collection":[{"href":"https:\/\/www.3p-gmbh.de\/pl\/wp-json\/wp\/v2\/product"}],"about":[{"href":"https:\/\/www.3p-gmbh.de\/pl\/wp-json\/wp\/v2\/types\/product"}],"wp:featuredmedia":[{"embeddable":true,"href":"https:\/\/www.3p-gmbh.de\/pl\/wp-json\/wp\/v2\/media\/23189"}],"wp:attachment":[{"href":"https:\/\/www.3p-gmbh.de\/pl\/wp-json\/wp\/v2\/media?parent=23188"}],"wp:term":[{"taxonomy":"product_brand","embeddable":true,"href":"https:\/\/www.3p-gmbh.de\/pl\/wp-json\/wp\/v2\/product_brand?post=23188"},{"taxonomy":"product_cat","embeddable":true,"href":"https:\/\/www.3p-gmbh.de\/pl\/wp-json\/wp\/v2\/product_cat?post=23188"},{"taxonomy":"product_tag","embeddable":true,"href":"https:\/\/www.3p-gmbh.de\/pl\/wp-json\/wp\/v2\/product_tag?post=23188"}],"curies":[{"name":"wp","href":"https:\/\/api.w.org\/{rel}","templated":true}]}}