{"id":22990,"date":"2020-03-11T09:29:29","date_gmt":"2020-03-11T09:29:29","guid":{"rendered":"https:\/\/www.3p-gmbh.de\/?post_type=product&#038;p=22990"},"modified":"2020-04-15T14:29:24","modified_gmt":"2020-04-15T14:29:24","slug":"bickel-hk-3-90-mit-bandauslage-motor-nut-und-perforiermaschine","status":"publish","type":"product","link":"https:\/\/www.3p-gmbh.de\/pl\/produkt\/bickel-hk-3-90-mit-bandauslage-motor-nut-und-perforiermaschine\/","title":{"rendered":"Bickel HK 3-90 mit Bandauslage &#8211; Motor Nut- und Perforiermaschine"},"content":{"rendered":"<p>Einlegebreite 90cm<\/p>\n<p>Diese Maschine mit Arbeitsbreite 90cm wird zum wirtschaftlichen Einsatz bei Perforier- oder Nutarbeiten eingesetzt.<br \/>\nDer Stanzvorgang wird \u00fcber eine elektrisch gesteuerte, mit Fuss ausgel\u00f6ste Kupplung get\u00e4tigt.<br \/>\nDadurch hat man beide H\u00e4nde zum Anlegen und Ausrichten der Bogen frei.<br \/>\nDie angetriebenen B\u00e4nder im Auslauf erh\u00f6hen die Produktivit\u00e4t.<\/p>\n<p>Als Zubeh\u00f6r ist ein Perforierkamm sowie ein eingebautes Rillwerkzeug<br \/>\nund diverse Anschl\u00e4ge dabei.<\/p>\n<p>Weitere Werkzeuge auf Anfrage erh\u00e4ltlich.<\/p>\n","protected":false},"excerpt":{"rendered":"<p>Einlegebreite 90cm Diese Maschine mit Arbeitsbreite 90cm wird zum wirtschaftlichen Einsatz bei Perforier- oder Nutarbeiten eingesetzt. Der Stanzvorgang wird \u00fcber eine elektrisch gesteuerte, mit Fuss ausgel\u00f6ste Kupplung get\u00e4tigt. Dadurch hat man beide H\u00e4nde zum Anlegen und Ausrichten der Bogen frei. Die angetriebenen B\u00e4nder im Auslauf erh\u00f6hen die Produktivit\u00e4t. Als Zubeh\u00f6r ist ein Perforierkamm sowie ein [&hellip;]<\/p>\n","protected":false},"featured_media":22991,"template":"","meta":[],"product_brand":[],"product_cat":[1755],"product_tag":[],"class_list":{"0":"post-22990","1":"product","2":"type-product","3":"status-publish","4":"has-post-thumbnail","6":"product_cat-nut-perforiermaschinen","7":"pa_hersteller-bickel","8":"pa_typ-hk-3-90","10":"first","11":"instock","12":"taxable","13":"shipping-taxable","14":"purchasable","15":"product-type-simple"},"jetpack_sharing_enabled":true,"_links":{"self":[{"href":"https:\/\/www.3p-gmbh.de\/pl\/wp-json\/wp\/v2\/product\/22990","targetHints":{"allow":["GET"]}}],"collection":[{"href":"https:\/\/www.3p-gmbh.de\/pl\/wp-json\/wp\/v2\/product"}],"about":[{"href":"https:\/\/www.3p-gmbh.de\/pl\/wp-json\/wp\/v2\/types\/product"}],"wp:featuredmedia":[{"embeddable":true,"href":"https:\/\/www.3p-gmbh.de\/pl\/wp-json\/wp\/v2\/media\/22991"}],"wp:attachment":[{"href":"https:\/\/www.3p-gmbh.de\/pl\/wp-json\/wp\/v2\/media?parent=22990"}],"wp:term":[{"taxonomy":"product_brand","embeddable":true,"href":"https:\/\/www.3p-gmbh.de\/pl\/wp-json\/wp\/v2\/product_brand?post=22990"},{"taxonomy":"product_cat","embeddable":true,"href":"https:\/\/www.3p-gmbh.de\/pl\/wp-json\/wp\/v2\/product_cat?post=22990"},{"taxonomy":"product_tag","embeddable":true,"href":"https:\/\/www.3p-gmbh.de\/pl\/wp-json\/wp\/v2\/product_tag?post=22990"}],"curies":[{"name":"wp","href":"https:\/\/api.w.org\/{rel}","templated":true}]}}