{"id":22597,"date":"2020-02-19T09:56:31","date_gmt":"2020-02-19T09:56:31","guid":{"rendered":"https:\/\/www.3p-gmbh.de\/?post_type=product&#038;p=22597"},"modified":"2020-04-15T14:28:31","modified_gmt":"2020-04-15T14:28:31","slug":"baumer-hhs-c-210-kaltleimeinrichtung","status":"publish","type":"product","link":"https:\/\/www.3p-gmbh.de\/pl\/produkt\/baumer-hhs-c-210-kaltleimeinrichtung\/","title":{"rendered":"Baumer HHS C-210 Kaltleimeinrichtung"},"content":{"rendered":"<p>2-Kanal Steuerger\u00e4t, HHS C-210<br \/>\nKaltleim-Tank mit pneumatik Ventil und Konsole f\u00fcr das Steuerger\u00e4t<br \/>\nLichtschranken,<br \/>\n1 Drehgeber<br \/>\nund einer Auftragsd\u00fcse (Originalverpackt)<br \/>\nHandbuch<\/p>\n","protected":false},"excerpt":{"rendered":"<p>2-Kanal Steuerger\u00e4t, HHS C-210 Kaltleim-Tank mit pneumatik Ventil und Konsole f\u00fcr das Steuerger\u00e4t Lichtschranken, 1 Drehgeber und einer Auftragsd\u00fcse (Originalverpackt) Handbuch<\/p>\n","protected":false},"featured_media":22635,"template":"","meta":[],"product_brand":[],"product_cat":[1845],"product_tag":[],"class_list":{"0":"post-22597","1":"product","2":"type-product","3":"status-publish","4":"has-post-thumbnail","6":"product_cat-falzmaschinenzubehoer","7":"pa_hersteller-baumer-hhs","8":"pa_typ-c-210","10":"first","11":"instock","12":"taxable","13":"shipping-taxable","14":"purchasable","15":"product-type-simple"},"jetpack_sharing_enabled":true,"_links":{"self":[{"href":"https:\/\/www.3p-gmbh.de\/pl\/wp-json\/wp\/v2\/product\/22597","targetHints":{"allow":["GET"]}}],"collection":[{"href":"https:\/\/www.3p-gmbh.de\/pl\/wp-json\/wp\/v2\/product"}],"about":[{"href":"https:\/\/www.3p-gmbh.de\/pl\/wp-json\/wp\/v2\/types\/product"}],"wp:featuredmedia":[{"embeddable":true,"href":"https:\/\/www.3p-gmbh.de\/pl\/wp-json\/wp\/v2\/media\/22635"}],"wp:attachment":[{"href":"https:\/\/www.3p-gmbh.de\/pl\/wp-json\/wp\/v2\/media?parent=22597"}],"wp:term":[{"taxonomy":"product_brand","embeddable":true,"href":"https:\/\/www.3p-gmbh.de\/pl\/wp-json\/wp\/v2\/product_brand?post=22597"},{"taxonomy":"product_cat","embeddable":true,"href":"https:\/\/www.3p-gmbh.de\/pl\/wp-json\/wp\/v2\/product_cat?post=22597"},{"taxonomy":"product_tag","embeddable":true,"href":"https:\/\/www.3p-gmbh.de\/pl\/wp-json\/wp\/v2\/product_tag?post=22597"}],"curies":[{"name":"wp","href":"https:\/\/api.w.org\/{rel}","templated":true}]}}