{"id":22114,"date":"2020-02-10T12:40:27","date_gmt":"2020-02-10T12:40:27","guid":{"rendered":"https:\/\/www.3p-gmbh.de\/?post_type=product&#038;p=22114"},"modified":"2020-04-15T14:28:31","modified_gmt":"2020-04-15T14:28:31","slug":"wupa-kerma-ts-1-handstanztiegel","status":"publish","type":"product","link":"https:\/\/www.3p-gmbh.de\/pl\/produkt\/wupa-kerma-ts-1-handstanztiegel\/","title":{"rendered":"Wupa Kerma TS-1 Handstanztiegel"},"content":{"rendered":"<p>Format ca. 650x510cm<br \/>\nGr\u00f6\u00dfe Rahmeninnenma\u00df 64&#215;48,5cm<br \/>\nmechanische Kupplung<br \/>\nTrittschaltmatten links\/rechts<\/p>\n","protected":false},"excerpt":{"rendered":"<p>Format ca. 650x510cm Gr\u00f6\u00dfe Rahmeninnenma\u00df 64&#215;48,5cm mechanische Kupplung Trittschaltmatten links\/rechts<\/p>\n","protected":false},"featured_media":22117,"template":"","meta":[],"product_brand":[],"product_cat":[343],"product_tag":[],"class_list":{"0":"post-22114","1":"product","2":"type-product","3":"status-publish","4":"has-post-thumbnail","6":"product_cat-buchdruck","7":"pa_hersteller-wupa","8":"pa_typ-kerma-ts-1","10":"first","11":"instock","12":"taxable","13":"shipping-taxable","14":"purchasable","15":"product-type-simple"},"jetpack_sharing_enabled":true,"_links":{"self":[{"href":"https:\/\/www.3p-gmbh.de\/pl\/wp-json\/wp\/v2\/product\/22114","targetHints":{"allow":["GET"]}}],"collection":[{"href":"https:\/\/www.3p-gmbh.de\/pl\/wp-json\/wp\/v2\/product"}],"about":[{"href":"https:\/\/www.3p-gmbh.de\/pl\/wp-json\/wp\/v2\/types\/product"}],"wp:featuredmedia":[{"embeddable":true,"href":"https:\/\/www.3p-gmbh.de\/pl\/wp-json\/wp\/v2\/media\/22117"}],"wp:attachment":[{"href":"https:\/\/www.3p-gmbh.de\/pl\/wp-json\/wp\/v2\/media?parent=22114"}],"wp:term":[{"taxonomy":"product_brand","embeddable":true,"href":"https:\/\/www.3p-gmbh.de\/pl\/wp-json\/wp\/v2\/product_brand?post=22114"},{"taxonomy":"product_cat","embeddable":true,"href":"https:\/\/www.3p-gmbh.de\/pl\/wp-json\/wp\/v2\/product_cat?post=22114"},{"taxonomy":"product_tag","embeddable":true,"href":"https:\/\/www.3p-gmbh.de\/pl\/wp-json\/wp\/v2\/product_tag?post=22114"}],"curies":[{"name":"wp","href":"https:\/\/api.w.org\/{rel}","templated":true}]}}