{"id":21754,"date":"2020-02-03T15:37:40","date_gmt":"2020-02-03T15:37:40","guid":{"rendered":"https:\/\/www.3p-gmbh.de\/?post_type=product&#038;p=21754"},"modified":"2020-04-15T14:28:32","modified_gmt":"2020-04-15T14:28:32","slug":"4-taschen-kleinformat-pharmafalzmaschine-guk-fa-35-4-sva-35-var-einhaengbare-kleinformat-stehend-auslage-guk-ks-310","status":"publish","type":"product","link":"https:\/\/www.3p-gmbh.de\/pl\/produkt\/4-taschen-kleinformat-pharmafalzmaschine-guk-fa-35-4-sva-35-var-einhaengbare-kleinformat-stehend-auslage-guk-ks-310\/","title":{"rendered":"4 Taschen Kleinformat Pharmafalzmaschine GUK FA 35-4-SVA 35 VAR einh\u00e4ngbare Kleinformat stehend Auslage GUK KS 310"},"content":{"rendered":"<p>4 Taschen Kleinformat Pharmafalzmaschine GUK FA 35-4-SVA 35 VAR<br \/>\nFalzwalzen neu in 2015<br \/>\nMAschine revidiert in gutem Zustand<\/p>\n<p>&#8211; SVA automatischer Trommelanleger f\u00fcr Papiere von 30 &#8211; 180 g\/qm<br \/>\n&#8211; Z\u00e4hlger\u00e4t IZVA 366 T<br \/>\n&#8211; Falzwerk 1 mit 4 Taschen 35cm Einlaufbreite und 4 Blindtaschen<br \/>\n&#8211; einh\u00e4ngbare Kleinformat stehend Auslage GUK KS 310<\/p>\n<p>-MA\u00e1schinenhandbuch<\/p>\n<p>max Format Station I: 32 x 65 cm<br \/>\nmin Format Station I: 6 x 9 cm<br \/>\nKleinste Falzung: 15 mm<\/p>\n","protected":false},"excerpt":{"rendered":"<p>4 Taschen Kleinformat Pharmafalzmaschine GUK FA 35-4-SVA 35 VAR Falzwalzen neu in 2015 MAschine revidiert in gutem Zustand &#8211; SVA automatischer Trommelanleger f\u00fcr Papiere von 30 &#8211; 180 g\/qm &#8211; Z\u00e4hlger\u00e4t IZVA 366 T &#8211; Falzwerk 1 mit 4 Taschen 35cm Einlaufbreite und 4 Blindtaschen &#8211; einh\u00e4ngbare Kleinformat stehend Auslage GUK KS 310 -MA\u00e1schinenhandbuch max [&hellip;]<\/p>\n","protected":false},"featured_media":21755,"template":"","meta":[],"product_brand":[],"product_cat":[83],"product_tag":[],"class_list":{"0":"post-21754","1":"product","2":"type-product","3":"status-publish","4":"has-post-thumbnail","6":"product_cat-falzmaschinen","7":"pa_hersteller-grieser-kunzmann-guk","8":"pa_typ-guk-fa-35-4-sva-35-var","10":"first","11":"outofstock","12":"sold-individually","13":"taxable","14":"shipping-taxable","15":"purchasable","16":"product-type-simple"},"jetpack_sharing_enabled":true,"_links":{"self":[{"href":"https:\/\/www.3p-gmbh.de\/pl\/wp-json\/wp\/v2\/product\/21754","targetHints":{"allow":["GET"]}}],"collection":[{"href":"https:\/\/www.3p-gmbh.de\/pl\/wp-json\/wp\/v2\/product"}],"about":[{"href":"https:\/\/www.3p-gmbh.de\/pl\/wp-json\/wp\/v2\/types\/product"}],"wp:featuredmedia":[{"embeddable":true,"href":"https:\/\/www.3p-gmbh.de\/pl\/wp-json\/wp\/v2\/media\/21755"}],"wp:attachment":[{"href":"https:\/\/www.3p-gmbh.de\/pl\/wp-json\/wp\/v2\/media?parent=21754"}],"wp:term":[{"taxonomy":"product_brand","embeddable":true,"href":"https:\/\/www.3p-gmbh.de\/pl\/wp-json\/wp\/v2\/product_brand?post=21754"},{"taxonomy":"product_cat","embeddable":true,"href":"https:\/\/www.3p-gmbh.de\/pl\/wp-json\/wp\/v2\/product_cat?post=21754"},{"taxonomy":"product_tag","embeddable":true,"href":"https:\/\/www.3p-gmbh.de\/pl\/wp-json\/wp\/v2\/product_tag?post=21754"}],"curies":[{"name":"wp","href":"https:\/\/api.w.org\/{rel}","templated":true}]}}