{"id":20639,"date":"2020-01-13T11:26:34","date_gmt":"2020-01-13T11:26:34","guid":{"rendered":"https:\/\/www.3p-gmbh.de\/?post_type=product&#038;p=20639"},"modified":"2020-04-15T14:27:50","modified_gmt":"2020-04-15T14:27:50","slug":"korrex-max-simmel-hochdruck-abziehpresse-nudel-modell-nuernberg","status":"publish","type":"product","link":"https:\/\/www.3p-gmbh.de\/pl\/produkt\/korrex-max-simmel-hochdruck-abziehpresse-nudel-modell-nuernberg\/","title":{"rendered":"Korrex Max Simmel Hochdruck Abziehpresse Nudel Modell N\u00fcrnberg"},"content":{"rendered":"<p>Urspr\u00fcnglich als Korrektur-Pressen f\u00fcr Schriftsetzer hergestellt, einfach zu bedienen, liefern Sie \u00fcber den Druckzylinder mit Bogengreifer saubere und kantenscharfe Drucke.<br \/>\nGr\u00f6ssere, fl\u00e4chige Linol- oder Holzschnitte werden ebenso wie Plakatschriften voll ausgedruckt !<\/p>\n<p>&#8211; Fundamentgr\u00f6sse ca. 40&#215;50 cm<br \/>\n&#8211; mit Bogen-Anlegtisch Format 38x50cm<br \/>\n&#8211; Druckzylinder mit Aufzug und Greifern<br \/>\n&#8211; elektrisch angetriebenes Farbwerk mit 1 Vereiberwalze, 2 Gummi-Einf\u00e4rbewalzen (bei Auslieferung Neu) und 2 Stahlverreibern davon einer changierend<\/p>\n","protected":false},"excerpt":{"rendered":"<p>Urspr\u00fcnglich als Korrektur-Pressen f\u00fcr Schriftsetzer hergestellt, einfach zu bedienen, liefern Sie \u00fcber den Druckzylinder mit Bogengreifer saubere und kantenscharfe Drucke. Gr\u00f6ssere, fl\u00e4chige Linol- oder Holzschnitte werden ebenso wie Plakatschriften voll ausgedruckt ! &#8211; Fundamentgr\u00f6sse ca. 40&#215;50 cm &#8211; mit Bogen-Anlegtisch Format 38x50cm &#8211; Druckzylinder mit Aufzug und Greifern &#8211; elektrisch angetriebenes Farbwerk mit 1 Vereiberwalze, [&hellip;]<\/p>\n","protected":false},"featured_media":20640,"template":"","meta":[],"product_brand":[],"product_cat":[343],"product_tag":[],"class_list":{"0":"post-20639","1":"product","2":"type-product","3":"status-publish","4":"has-post-thumbnail","6":"product_cat-buchdruck","7":"pa_hersteller-korrex","8":"pa_typ-nuernberg","10":"first","11":"instock","12":"taxable","13":"shipping-taxable","14":"purchasable","15":"product-type-simple"},"jetpack_sharing_enabled":true,"_links":{"self":[{"href":"https:\/\/www.3p-gmbh.de\/pl\/wp-json\/wp\/v2\/product\/20639","targetHints":{"allow":["GET"]}}],"collection":[{"href":"https:\/\/www.3p-gmbh.de\/pl\/wp-json\/wp\/v2\/product"}],"about":[{"href":"https:\/\/www.3p-gmbh.de\/pl\/wp-json\/wp\/v2\/types\/product"}],"wp:featuredmedia":[{"embeddable":true,"href":"https:\/\/www.3p-gmbh.de\/pl\/wp-json\/wp\/v2\/media\/20640"}],"wp:attachment":[{"href":"https:\/\/www.3p-gmbh.de\/pl\/wp-json\/wp\/v2\/media?parent=20639"}],"wp:term":[{"taxonomy":"product_brand","embeddable":true,"href":"https:\/\/www.3p-gmbh.de\/pl\/wp-json\/wp\/v2\/product_brand?post=20639"},{"taxonomy":"product_cat","embeddable":true,"href":"https:\/\/www.3p-gmbh.de\/pl\/wp-json\/wp\/v2\/product_cat?post=20639"},{"taxonomy":"product_tag","embeddable":true,"href":"https:\/\/www.3p-gmbh.de\/pl\/wp-json\/wp\/v2\/product_tag?post=20639"}],"curies":[{"name":"wp","href":"https:\/\/api.w.org\/{rel}","templated":true}]}}