{"id":20383,"date":"2020-01-09T11:15:37","date_gmt":"2020-01-09T11:15:37","guid":{"rendered":"https:\/\/www.3p-gmbh.de\/?post_type=product&#038;p=20383"},"modified":"2020-04-15T14:27:51","modified_gmt":"2020-04-15T14:27:51","slug":"habasit-heisspressvorrichtung-pq-51","status":"publish","type":"product","link":"https:\/\/www.3p-gmbh.de\/pl\/produkt\/habasit-heisspressvorrichtung-pq-51\/","title":{"rendered":"Habasit Heisspressvorrichtung PQ 51"},"content":{"rendered":"<p>f\u00fcr das Endverbinden von Habasit Maschinen- und Spindelb\u00e4ndern<br \/>\nbis zu einer Breite von 50 mm und einer Dicke von 2.5 mm mit dem Thermofix-Verfahren.<\/p>\n<p>&#8211; 1 Heizpresse<br \/>\n&#8211; mit Schneidezange<br \/>\n&#8211; mit 4 F\u00fchrungsschienen in der f\u00fcr die jeweilige Anwendung erforderlichen Breite 20,25,30 und 40mm.<br \/>\n&#8211; 1 K\u00fchlzange<br \/>\n&#8211; 2 Haltezwingen<br \/>\n&#8211; Koffer<\/p>\n","protected":false},"excerpt":{"rendered":"<p>f\u00fcr das Endverbinden von Habasit Maschinen- und Spindelb\u00e4ndern bis zu einer Breite von 50 mm und einer Dicke von 2.5 mm mit dem Thermofix-Verfahren. &#8211; 1 Heizpresse &#8211; mit Schneidezange &#8211; mit 4 F\u00fchrungsschienen in der f\u00fcr die jeweilige Anwendung erforderlichen Breite 20,25,30 und 40mm. &#8211; 1 K\u00fchlzange &#8211; 2 Haltezwingen &#8211; Koffer<\/p>\n","protected":false},"featured_media":20387,"template":"","meta":[],"product_brand":[],"product_cat":[1845],"product_tag":[],"class_list":{"0":"post-20383","1":"product","2":"type-product","3":"status-publish","4":"has-post-thumbnail","6":"product_cat-falzmaschinenzubehoer","8":"first","9":"instock","10":"taxable","11":"shipping-taxable","12":"purchasable","13":"product-type-simple"},"jetpack_sharing_enabled":true,"_links":{"self":[{"href":"https:\/\/www.3p-gmbh.de\/pl\/wp-json\/wp\/v2\/product\/20383","targetHints":{"allow":["GET"]}}],"collection":[{"href":"https:\/\/www.3p-gmbh.de\/pl\/wp-json\/wp\/v2\/product"}],"about":[{"href":"https:\/\/www.3p-gmbh.de\/pl\/wp-json\/wp\/v2\/types\/product"}],"wp:featuredmedia":[{"embeddable":true,"href":"https:\/\/www.3p-gmbh.de\/pl\/wp-json\/wp\/v2\/media\/20387"}],"wp:attachment":[{"href":"https:\/\/www.3p-gmbh.de\/pl\/wp-json\/wp\/v2\/media?parent=20383"}],"wp:term":[{"taxonomy":"product_brand","embeddable":true,"href":"https:\/\/www.3p-gmbh.de\/pl\/wp-json\/wp\/v2\/product_brand?post=20383"},{"taxonomy":"product_cat","embeddable":true,"href":"https:\/\/www.3p-gmbh.de\/pl\/wp-json\/wp\/v2\/product_cat?post=20383"},{"taxonomy":"product_tag","embeddable":true,"href":"https:\/\/www.3p-gmbh.de\/pl\/wp-json\/wp\/v2\/product_tag?post=20383"}],"curies":[{"name":"wp","href":"https:\/\/api.w.org\/{rel}","templated":true}]}}