{"id":19257,"date":"2019-12-19T09:46:34","date_gmt":"2019-12-19T09:46:34","guid":{"rendered":"https:\/\/www.3p-gmbh.de\/?post_type=product&#038;p=19257"},"modified":"2020-04-15T14:27:52","modified_gmt":"2020-04-15T14:27:52","slug":"blitz-vxke-304-90-laermgekapselter-kolben-kompressor","status":"publish","type":"product","link":"https:\/\/www.3p-gmbh.de\/pl\/produkt\/blitz-vxke-304-90-laermgekapselter-kolben-kompressor\/","title":{"rendered":"Blitz VXKE 304 &#8211; 90 L\u00e4rmgekapselter Kolben Kompressor"},"content":{"rendered":"<p>f\u00fcr \u00d6l und Wasser freie Druckluft<br \/>\n10 bar<br \/>\nKesselinhalt 90 Liter<\/p>\n","protected":false},"excerpt":{"rendered":"<p>f\u00fcr \u00d6l und Wasser freie Druckluft 10 bar Kesselinhalt 90 Liter<\/p>\n","protected":false},"featured_media":19258,"template":"","meta":[],"product_brand":[],"product_cat":[1492],"product_tag":[],"class_list":{"0":"post-19257","1":"product","2":"type-product","3":"status-publish","4":"has-post-thumbnail","6":"product_cat-kompressoren-und-vakuumpumpen","7":"pa_hersteller-blitz","8":"pa_typ-vxke-304-90","10":"first","11":"instock","12":"taxable","13":"shipping-taxable","14":"purchasable","15":"product-type-simple"},"jetpack_sharing_enabled":true,"_links":{"self":[{"href":"https:\/\/www.3p-gmbh.de\/pl\/wp-json\/wp\/v2\/product\/19257","targetHints":{"allow":["GET"]}}],"collection":[{"href":"https:\/\/www.3p-gmbh.de\/pl\/wp-json\/wp\/v2\/product"}],"about":[{"href":"https:\/\/www.3p-gmbh.de\/pl\/wp-json\/wp\/v2\/types\/product"}],"wp:featuredmedia":[{"embeddable":true,"href":"https:\/\/www.3p-gmbh.de\/pl\/wp-json\/wp\/v2\/media\/19258"}],"wp:attachment":[{"href":"https:\/\/www.3p-gmbh.de\/pl\/wp-json\/wp\/v2\/media?parent=19257"}],"wp:term":[{"taxonomy":"product_brand","embeddable":true,"href":"https:\/\/www.3p-gmbh.de\/pl\/wp-json\/wp\/v2\/product_brand?post=19257"},{"taxonomy":"product_cat","embeddable":true,"href":"https:\/\/www.3p-gmbh.de\/pl\/wp-json\/wp\/v2\/product_cat?post=19257"},{"taxonomy":"product_tag","embeddable":true,"href":"https:\/\/www.3p-gmbh.de\/pl\/wp-json\/wp\/v2\/product_tag?post=19257"}],"curies":[{"name":"wp","href":"https:\/\/api.w.org\/{rel}","templated":true}]}}