{"id":18931,"date":"2019-12-13T14:56:29","date_gmt":"2019-12-13T14:56:29","guid":{"rendered":"https:\/\/www.3p-gmbh.de\/?post_type=product&#038;p=18931"},"modified":"2020-04-15T14:27:05","modified_gmt":"2020-04-15T14:27:05","slug":"variamixer-rn-20-farbmischer","status":"publish","type":"product","link":"https:\/\/www.3p-gmbh.de\/pl\/produkt\/variamixer-rn-20-farbmischer\/","title":{"rendered":"Variamixer &#8211; RN 20 Farbmischer"},"content":{"rendered":"<p>f\u00fcr das schnelle und intensive Mischen von Druckfarben.<br \/>\nGr\u00fcndlicher Mischeffekt bei gleichzeitig rotierendem Farbbeh\u00e4lter<br \/>\n&#8211; ohne Blasen und ohne Klumpen.<\/p>\n<p>mit Sicherheitshaube<br \/>\n2 Mischbeh\u00e4lter Fassungsverm\u00f6gen 2-20 kg<br \/>\nKraftbedarf 0,75 kW<br \/>\nDrehstrom 380V\/50 Hz<\/p>\n","protected":false},"excerpt":{"rendered":"<p>f\u00fcr das schnelle und intensive Mischen von Druckfarben. Gr\u00fcndlicher Mischeffekt bei gleichzeitig rotierendem Farbbeh\u00e4lter &#8211; ohne Blasen und ohne Klumpen. mit Sicherheitshaube 2 Mischbeh\u00e4lter Fassungsverm\u00f6gen 2-20 kg Kraftbedarf 0,75 kW Drehstrom 380V\/50 Hz<\/p>\n","protected":false},"featured_media":18932,"template":"","meta":[],"product_brand":[],"product_cat":[418],"product_tag":[],"class_list":{"0":"post-18931","1":"product","2":"type-product","3":"status-publish","4":"has-post-thumbnail","6":"product_cat-druckmaschinenzubehoer-und-ersatzteile","7":"pa_hersteller-variamixer","8":"pa_typ-rn-20","10":"first","11":"instock","12":"taxable","13":"shipping-taxable","14":"purchasable","15":"product-type-simple"},"jetpack_sharing_enabled":true,"_links":{"self":[{"href":"https:\/\/www.3p-gmbh.de\/pl\/wp-json\/wp\/v2\/product\/18931","targetHints":{"allow":["GET"]}}],"collection":[{"href":"https:\/\/www.3p-gmbh.de\/pl\/wp-json\/wp\/v2\/product"}],"about":[{"href":"https:\/\/www.3p-gmbh.de\/pl\/wp-json\/wp\/v2\/types\/product"}],"wp:featuredmedia":[{"embeddable":true,"href":"https:\/\/www.3p-gmbh.de\/pl\/wp-json\/wp\/v2\/media\/18932"}],"wp:attachment":[{"href":"https:\/\/www.3p-gmbh.de\/pl\/wp-json\/wp\/v2\/media?parent=18931"}],"wp:term":[{"taxonomy":"product_brand","embeddable":true,"href":"https:\/\/www.3p-gmbh.de\/pl\/wp-json\/wp\/v2\/product_brand?post=18931"},{"taxonomy":"product_cat","embeddable":true,"href":"https:\/\/www.3p-gmbh.de\/pl\/wp-json\/wp\/v2\/product_cat?post=18931"},{"taxonomy":"product_tag","embeddable":true,"href":"https:\/\/www.3p-gmbh.de\/pl\/wp-json\/wp\/v2\/product_tag?post=18931"}],"curies":[{"name":"wp","href":"https:\/\/api.w.org\/{rel}","templated":true}]}}