{"id":18727,"date":"2019-12-10T14:31:58","date_gmt":"2019-12-10T14:31:58","guid":{"rendered":"https:\/\/www.3p-gmbh.de\/?post_type=product&#038;p=18727"},"modified":"2020-04-15T14:27:07","modified_gmt":"2020-04-15T14:27:07","slug":"rietschle-cev-3709-kompressor-fuer-luftpolster","status":"publish","type":"product","link":"https:\/\/www.3p-gmbh.de\/pl\/produkt\/rietschle-cev-3709-kompressor-fuer-luftpolster\/","title":{"rendered":"Rietschle CEV 3709 Kompressor f\u00fcr Luftpolster"},"content":{"rendered":"<p>\u2022 Radialgebl\u00e4se mit drei bis f\u00fcnf Stufen f\u00fcr den Druckbetrieb<br \/>\n\u2022 Kompaktes Design<br \/>\n\u2022 Niedrige Temperatur selbst bei Drosslung<br \/>\n\u2022 Schneller Start dank leichter Fl\u00fcgelr\u00e4der<\/p>\n","protected":false},"excerpt":{"rendered":"<p>\u2022 Radialgebl\u00e4se mit drei bis f\u00fcnf Stufen f\u00fcr den Druckbetrieb \u2022 Kompaktes Design \u2022 Niedrige Temperatur selbst bei Drosslung \u2022 Schneller Start dank leichter Fl\u00fcgelr\u00e4der<\/p>\n","protected":false},"featured_media":18728,"template":"","meta":[],"product_brand":[],"product_cat":[1492],"product_tag":[],"class_list":{"0":"post-18727","1":"product","2":"type-product","3":"status-publish","4":"has-post-thumbnail","6":"product_cat-kompressoren-und-vakuumpumpen","7":"pa_hersteller-rietschle-elmo","8":"pa_typ-cev-3709","10":"first","11":"instock","12":"taxable","13":"shipping-taxable","14":"purchasable","15":"product-type-simple"},"jetpack_sharing_enabled":true,"_links":{"self":[{"href":"https:\/\/www.3p-gmbh.de\/pl\/wp-json\/wp\/v2\/product\/18727","targetHints":{"allow":["GET"]}}],"collection":[{"href":"https:\/\/www.3p-gmbh.de\/pl\/wp-json\/wp\/v2\/product"}],"about":[{"href":"https:\/\/www.3p-gmbh.de\/pl\/wp-json\/wp\/v2\/types\/product"}],"wp:featuredmedia":[{"embeddable":true,"href":"https:\/\/www.3p-gmbh.de\/pl\/wp-json\/wp\/v2\/media\/18728"}],"wp:attachment":[{"href":"https:\/\/www.3p-gmbh.de\/pl\/wp-json\/wp\/v2\/media?parent=18727"}],"wp:term":[{"taxonomy":"product_brand","embeddable":true,"href":"https:\/\/www.3p-gmbh.de\/pl\/wp-json\/wp\/v2\/product_brand?post=18727"},{"taxonomy":"product_cat","embeddable":true,"href":"https:\/\/www.3p-gmbh.de\/pl\/wp-json\/wp\/v2\/product_cat?post=18727"},{"taxonomy":"product_tag","embeddable":true,"href":"https:\/\/www.3p-gmbh.de\/pl\/wp-json\/wp\/v2\/product_tag?post=18727"}],"curies":[{"name":"wp","href":"https:\/\/api.w.org\/{rel}","templated":true}]}}