{"id":18561,"date":"2019-12-09T15:50:16","date_gmt":"2019-12-09T15:50:16","guid":{"rendered":"https:\/\/www.3p-gmbh.de\/?post_type=product&#038;p=18561"},"modified":"2020-04-15T14:25:27","modified_gmt":"2020-04-15T14:25:27","slug":"horizon-afc-492sc-2-taschenfalzmaschinen-mit-schwertfalzwerk-perforieren-und-rillen","status":"publish","type":"product","link":"https:\/\/www.3p-gmbh.de\/pl\/produkt\/horizon-afc-492sc-2-taschenfalzmaschinen-mit-schwertfalzwerk-perforieren-und-rillen\/","title":{"rendered":"Horizon AFC-492sc 2 Taschenfalzmaschinen mit Schwertfalzwerk, Perforieren und Rillen"},"content":{"rendered":"<p>Format: 490mm x 648mm (19.2&#8243; x 25.5&#8243;)<br \/>\n2 Taschen, 1 Schwert<br \/>\nGesamt- und Vorwahlz\u00e4hler<br \/>\nvon einzel bis 16-Seiten Falz<br \/>\nbis zu 12.000 B\u00f6gen pro Stunde<\/p>\n<p>Ideal f\u00fcr Druckereien mit wenig Platz.<br \/>\nInklusive Zubeh\u00f6r und Handbuch<\/p>\n","protected":false},"excerpt":{"rendered":"<p>Format: 490mm x 648mm (19.2&#8243; x 25.5&#8243;) 2 Taschen, 1 Schwert Gesamt- und Vorwahlz\u00e4hler von einzel bis 16-Seiten Falz bis zu 12.000 B\u00f6gen pro Stunde Ideal f\u00fcr Druckereien mit wenig Platz. Inklusive Zubeh\u00f6r und Handbuch<\/p>\n","protected":false},"featured_media":18562,"template":"","meta":[],"product_brand":[],"product_cat":[83],"product_tag":[],"class_list":{"0":"post-18561","1":"product","2":"type-product","3":"status-publish","4":"has-post-thumbnail","6":"product_cat-falzmaschinen","7":"pa_hersteller-horizon","8":"pa_typ-afc-492sc","10":"first","11":"instock","12":"taxable","13":"shipping-taxable","14":"purchasable","15":"product-type-simple"},"jetpack_sharing_enabled":true,"_links":{"self":[{"href":"https:\/\/www.3p-gmbh.de\/pl\/wp-json\/wp\/v2\/product\/18561","targetHints":{"allow":["GET"]}}],"collection":[{"href":"https:\/\/www.3p-gmbh.de\/pl\/wp-json\/wp\/v2\/product"}],"about":[{"href":"https:\/\/www.3p-gmbh.de\/pl\/wp-json\/wp\/v2\/types\/product"}],"wp:featuredmedia":[{"embeddable":true,"href":"https:\/\/www.3p-gmbh.de\/pl\/wp-json\/wp\/v2\/media\/18562"}],"wp:attachment":[{"href":"https:\/\/www.3p-gmbh.de\/pl\/wp-json\/wp\/v2\/media?parent=18561"}],"wp:term":[{"taxonomy":"product_brand","embeddable":true,"href":"https:\/\/www.3p-gmbh.de\/pl\/wp-json\/wp\/v2\/product_brand?post=18561"},{"taxonomy":"product_cat","embeddable":true,"href":"https:\/\/www.3p-gmbh.de\/pl\/wp-json\/wp\/v2\/product_cat?post=18561"},{"taxonomy":"product_tag","embeddable":true,"href":"https:\/\/www.3p-gmbh.de\/pl\/wp-json\/wp\/v2\/product_tag?post=18561"}],"curies":[{"name":"wp","href":"https:\/\/api.w.org\/{rel}","templated":true}]}}