{"id":18508,"date":"2019-12-09T10:37:10","date_gmt":"2019-12-09T10:37:10","guid":{"rendered":"https:\/\/www.3p-gmbh.de\/?post_type=product&#038;p=18508"},"modified":"2020-04-15T14:25:27","modified_gmt":"2020-04-15T14:25:27","slug":"kurz-folienschneider-grau-106-cm","status":"publish","type":"product","link":"https:\/\/www.3p-gmbh.de\/pl\/produkt\/kurz-folienschneider-grau-106-cm\/","title":{"rendered":"Kurz Folienschneider grau 106 cm"},"content":{"rendered":"<ul>\n<li>Folienschneider zum zuschneiden von Pr\u00e4gefolien<\/li>\n<li>mit Abstechmesser<\/li>\n<li>max. Einlegebreite ca. 106 cm<\/li>\n<li>Stromanschlu\u00df: 220 V<\/li>\n<li>f\u00fcr Kern Innendurchmesser 25 mm<\/li>\n<\/ul>\n<p>&nbsp;<\/p>\n","protected":false},"excerpt":{"rendered":"<p>Folienschneider zum zuschneiden von Pr\u00e4gefolien mit Abstechmesser max. Einlegebreite ca. 106 cm Stromanschlu\u00df: 220 V f\u00fcr Kern Innendurchmesser 25 mm &nbsp;<\/p>\n","protected":false},"featured_media":18509,"template":"","meta":[],"product_brand":[],"product_cat":[343,87],"product_tag":[],"class_list":{"0":"post-18508","1":"product","2":"type-product","3":"status-publish","4":"has-post-thumbnail","6":"product_cat-buchdruck","7":"product_cat-sonstige-weiterverarbeitung","9":"first","10":"instock","11":"taxable","12":"shipping-taxable","13":"purchasable","14":"product-type-simple"},"jetpack_sharing_enabled":true,"_links":{"self":[{"href":"https:\/\/www.3p-gmbh.de\/pl\/wp-json\/wp\/v2\/product\/18508","targetHints":{"allow":["GET"]}}],"collection":[{"href":"https:\/\/www.3p-gmbh.de\/pl\/wp-json\/wp\/v2\/product"}],"about":[{"href":"https:\/\/www.3p-gmbh.de\/pl\/wp-json\/wp\/v2\/types\/product"}],"wp:featuredmedia":[{"embeddable":true,"href":"https:\/\/www.3p-gmbh.de\/pl\/wp-json\/wp\/v2\/media\/18509"}],"wp:attachment":[{"href":"https:\/\/www.3p-gmbh.de\/pl\/wp-json\/wp\/v2\/media?parent=18508"}],"wp:term":[{"taxonomy":"product_brand","embeddable":true,"href":"https:\/\/www.3p-gmbh.de\/pl\/wp-json\/wp\/v2\/product_brand?post=18508"},{"taxonomy":"product_cat","embeddable":true,"href":"https:\/\/www.3p-gmbh.de\/pl\/wp-json\/wp\/v2\/product_cat?post=18508"},{"taxonomy":"product_tag","embeddable":true,"href":"https:\/\/www.3p-gmbh.de\/pl\/wp-json\/wp\/v2\/product_tag?post=18508"}],"curies":[{"name":"wp","href":"https:\/\/api.w.org\/{rel}","templated":true}]}}