{"id":18487,"date":"2019-12-09T10:19:45","date_gmt":"2019-12-09T10:19:45","guid":{"rendered":"https:\/\/www.3p-gmbh.de\/?post_type=product&#038;p=18487"},"modified":"2020-04-15T14:25:27","modified_gmt":"2020-04-15T14:25:27","slug":"palettenheber-butler-1200","status":"publish","type":"product","link":"https:\/\/www.3p-gmbh.de\/pl\/produkt\/palettenheber-butler-1200\/","title":{"rendered":"Palettenheber Butler 1200"},"content":{"rendered":"<ul>\n<li>h\u00e4lt Paletten in der optimalen Arbeitsh\u00f6he<\/li>\n<li>heben und senken erfolgt \u00fcber Tipptaster<\/li>\n<li>Fahrrollen erm\u00f6glichen einen einfachen Transport zum Arbeitsplatz<\/li>\n<li>Gabell\u00e4nge 1100mm geeignet f\u00fcr Standard-Europaletten<\/li>\n<li>Eigengewicht: 330 kg<\/li>\n<li>Tragf\u00e4higkeit: 1200 kg<\/li>\n<li>Hubh\u00f6he: 1000 mm<\/li>\n<li>Stromversorgung: 380 V, deshalb viel besser als Scherenhubwagen mit Batterie<\/li>\n<\/ul>\n","protected":false},"excerpt":{"rendered":"<p>h\u00e4lt Paletten in der optimalen Arbeitsh\u00f6he heben und senken erfolgt \u00fcber Tipptaster Fahrrollen erm\u00f6glichen einen einfachen Transport zum Arbeitsplatz Gabell\u00e4nge 1100mm geeignet f\u00fcr Standard-Europaletten Eigengewicht: 330 kg Tragf\u00e4higkeit: 1200 kg Hubh\u00f6he: 1000 mm Stromversorgung: 380 V, deshalb viel besser als Scherenhubwagen mit Batterie<\/p>\n","protected":false},"featured_media":18479,"template":"","meta":[],"product_brand":[],"product_cat":[1761],"product_tag":[],"class_list":{"0":"post-18487","1":"product","2":"type-product","3":"status-publish","4":"has-post-thumbnail","6":"product_cat-stapelheber-stapellifte","7":"pa_typ-butler-1200","9":"first","10":"instock","11":"taxable","12":"shipping-taxable","13":"purchasable","14":"product-type-simple"},"jetpack_sharing_enabled":true,"_links":{"self":[{"href":"https:\/\/www.3p-gmbh.de\/pl\/wp-json\/wp\/v2\/product\/18487","targetHints":{"allow":["GET"]}}],"collection":[{"href":"https:\/\/www.3p-gmbh.de\/pl\/wp-json\/wp\/v2\/product"}],"about":[{"href":"https:\/\/www.3p-gmbh.de\/pl\/wp-json\/wp\/v2\/types\/product"}],"wp:featuredmedia":[{"embeddable":true,"href":"https:\/\/www.3p-gmbh.de\/pl\/wp-json\/wp\/v2\/media\/18479"}],"wp:attachment":[{"href":"https:\/\/www.3p-gmbh.de\/pl\/wp-json\/wp\/v2\/media?parent=18487"}],"wp:term":[{"taxonomy":"product_brand","embeddable":true,"href":"https:\/\/www.3p-gmbh.de\/pl\/wp-json\/wp\/v2\/product_brand?post=18487"},{"taxonomy":"product_cat","embeddable":true,"href":"https:\/\/www.3p-gmbh.de\/pl\/wp-json\/wp\/v2\/product_cat?post=18487"},{"taxonomy":"product_tag","embeddable":true,"href":"https:\/\/www.3p-gmbh.de\/pl\/wp-json\/wp\/v2\/product_tag?post=18487"}],"curies":[{"name":"wp","href":"https:\/\/api.w.org\/{rel}","templated":true}]}}