{"id":18478,"date":"2019-12-09T10:16:15","date_gmt":"2019-12-09T10:16:15","guid":{"rendered":"https:\/\/www.3p-gmbh.de\/?post_type=product&#038;p=18478"},"modified":"2020-04-15T14:25:27","modified_gmt":"2020-04-15T14:25:27","slug":"palettenlifte-fac","status":"publish","type":"product","link":"https:\/\/www.3p-gmbh.de\/pl\/produkt\/palettenlifte-fac\/","title":{"rendered":"Palettenlifte FAC"},"content":{"rendered":"<p>h\u00e4lt Paletten in der optimalen Arbeitsh\u00f6he, heben und senken erfolgt \u00fcber Tipptaster,<\/p>\n<p>Fahrrollen erm\u00f6glichen einen einfachen Transport zum Arbeitsplatz<br \/>\nGabell\u00e4nge 1100mm geeignet f\u00fcr Standard-Europaletten<br \/>\nEigengewicht: 330 kg<br \/>\nTragf\u00e4higkeit: 1200 kg<br \/>\nHubh\u00f6he: 1000 mm<br \/>\nStromversorgung: 380 V deshalb viel besser als Scherenhubwagen mit Batterie<\/p>\n","protected":false},"excerpt":{"rendered":"<p>h\u00e4lt Paletten in der optimalen Arbeitsh\u00f6he, heben und senken erfolgt \u00fcber Tipptaster, Fahrrollen erm\u00f6glichen einen einfachen Transport zum Arbeitsplatz Gabell\u00e4nge 1100mm geeignet f\u00fcr Standard-Europaletten Eigengewicht: 330 kg Tragf\u00e4higkeit: 1200 kg Hubh\u00f6he: 1000 mm Stromversorgung: 380 V deshalb viel besser als Scherenhubwagen mit Batterie<\/p>\n","protected":false},"featured_media":18483,"template":"","meta":[],"product_brand":[],"product_cat":[1761],"product_tag":[],"class_list":{"0":"post-18478","1":"product","2":"type-product","3":"status-publish","4":"has-post-thumbnail","6":"product_cat-stapelheber-stapellifte","7":"pa_typ-fac","9":"first","10":"instock","11":"taxable","12":"shipping-taxable","13":"purchasable","14":"product-type-simple"},"jetpack_sharing_enabled":true,"_links":{"self":[{"href":"https:\/\/www.3p-gmbh.de\/pl\/wp-json\/wp\/v2\/product\/18478","targetHints":{"allow":["GET"]}}],"collection":[{"href":"https:\/\/www.3p-gmbh.de\/pl\/wp-json\/wp\/v2\/product"}],"about":[{"href":"https:\/\/www.3p-gmbh.de\/pl\/wp-json\/wp\/v2\/types\/product"}],"wp:featuredmedia":[{"embeddable":true,"href":"https:\/\/www.3p-gmbh.de\/pl\/wp-json\/wp\/v2\/media\/18483"}],"wp:attachment":[{"href":"https:\/\/www.3p-gmbh.de\/pl\/wp-json\/wp\/v2\/media?parent=18478"}],"wp:term":[{"taxonomy":"product_brand","embeddable":true,"href":"https:\/\/www.3p-gmbh.de\/pl\/wp-json\/wp\/v2\/product_brand?post=18478"},{"taxonomy":"product_cat","embeddable":true,"href":"https:\/\/www.3p-gmbh.de\/pl\/wp-json\/wp\/v2\/product_cat?post=18478"},{"taxonomy":"product_tag","embeddable":true,"href":"https:\/\/www.3p-gmbh.de\/pl\/wp-json\/wp\/v2\/product_tag?post=18478"}],"curies":[{"name":"wp","href":"https:\/\/api.w.org\/{rel}","templated":true}]}}