{"id":18258,"date":"2019-12-05T13:15:55","date_gmt":"2019-12-05T13:15:55","guid":{"rendered":"https:\/\/www.3p-gmbh.de\/?post_type=product&#038;p=18258"},"modified":"2021-03-20T22:19:19","modified_gmt":"2021-03-20T22:19:19","slug":"ats-tanner-ultrasonic-us-2000-ab-transit-durchlauf-banderoliermaschine-mit-pneumatischem-produktniederhalter-und-einlaufrollentisch","status":"publish","type":"product","link":"https:\/\/www.3p-gmbh.de\/pl\/produkt\/ats-tanner-ultrasonic-us-2000-ab-transit-durchlauf-banderoliermaschine-mit-pneumatischem-produktniederhalter-und-einlaufrollentisch\/","title":{"rendered":"ATS Tanner UltraSonic US 2000-AB Transit Durchlauf Banderoliermaschine mit pneumatischem Produktniederhalter und Einlaufrollentisch"},"content":{"rendered":"<div><span style=\"font-family: Arial;\"><span style=\"color: #0000ff;\"><strong>Durchlauf\u00a0 Banderoliermaschine ATS Tanner UltraSonic US 2000-AB Transit mit angetriebenem Einlaufrollentisch Shuttleworth<br \/>\nBaujahr 2001<br \/>\nZ\u00e4hler nur 772.280 Umreifungen<\/strong><\/span><\/p>\n<p>Leistung bis 35 Banderolierungen pro Minute<br \/>\nBogengr\u00f6sse 360 x 180mm<br \/>\nBandbreite 30mm<\/p>\n<p>Mit der integrierten F\u00f6rderung banderoliert dieses Modell im Durchlauf die verschiedensten Produkte,<br \/>\neignet sich f\u00fcr vollautomatische Verpackungsstrassen und banderoliert in einem Arbeitsprozess die verschiedensten<br \/>\nProdukte wie Drucksachen, Computerformulare, Lebensmittel, W\u00e4schestapel oder technische Produkte.<\/p>\n<p>keine Umstellung von Papier zu Folienband<br \/>\nkeine Aufheizzeit, sofort betriebsbereit<br \/>\nohne Geruchsbildung<br \/>\nComputersteuerung und LED-St\u00f6rungsanzeige<\/p>\n<p>Weniger Wartung:<br \/>\nAblagerungen von Folienbrand und Ersetzen von Heizelementen entfallen<\/p>\n<p>Sonderausstattung<br \/>\n&#8211; Shuttleworth angetriebener Einlaufrollentisch<span style=\"color: #ff0000;\"> (alle Treibriemen ersetzt)<\/span><\/span><\/div>\n<div><span style=\"font-family: Arial;\">&#8211; pneumatischer Hinteranschlag<\/span><\/div>\n<div><span style=\"font-family: Arial;\">&#8211; pneumatische Mittenzentrierung<\/span><\/div>\n<div><span style=\"font-family: Arial;\">&#8211; zwei pneumatische \u00a0Niederhalter<\/span><\/div>\n<div><span style=\"font-family: Arial;\">-ein pneumatische\u00a0 Niederhalter in Arbeitsbreite beiligend, wenn die\u00a0Zentriereineineit nicht genutzt wird<br \/>\n<span style=\"color: #ff0000;\">&#8211; mit Markem Thermotransferdruckeinheit<\/span><\/span><\/div>\n<div><\/div>\n<div><span style=\"font-family: Arial;\">(Druckluft ist bauseits zu stellen)<\/span><\/div>\n","protected":false},"excerpt":{"rendered":"<p>Durchlauf\u00a0 Banderoliermaschine ATS Tanner UltraSonic US 2000-AB Transit mit angetriebenem Einlaufrollentisch Shuttleworth Baujahr 2001 Z\u00e4hler nur 772.280 Umreifungen Leistung bis 35 Banderolierungen pro Minute Bogengr\u00f6sse 360 x 180mm Bandbreite 30mm Mit der integrierten F\u00f6rderung banderoliert dieses Modell im Durchlauf die verschiedensten Produkte, eignet sich f\u00fcr vollautomatische Verpackungsstrassen und banderoliert in einem Arbeitsprozess die verschiedensten Produkte [&hellip;]<\/p>\n","protected":false},"featured_media":37492,"template":"","meta":[],"product_brand":[],"product_cat":[1746],"product_tag":[],"class_list":{"0":"post-18258","1":"product","2":"type-product","3":"status-publish","4":"has-post-thumbnail","6":"product_cat-banderoliermaschinen","7":"pa_hersteller-ats-tanner","8":"pa_typ-ultrasonic-us-2000-ab-transit","10":"first","11":"instock","12":"taxable","13":"shipping-taxable","14":"purchasable","15":"product-type-simple"},"jetpack_sharing_enabled":true,"_links":{"self":[{"href":"https:\/\/www.3p-gmbh.de\/pl\/wp-json\/wp\/v2\/product\/18258","targetHints":{"allow":["GET"]}}],"collection":[{"href":"https:\/\/www.3p-gmbh.de\/pl\/wp-json\/wp\/v2\/product"}],"about":[{"href":"https:\/\/www.3p-gmbh.de\/pl\/wp-json\/wp\/v2\/types\/product"}],"wp:featuredmedia":[{"embeddable":true,"href":"https:\/\/www.3p-gmbh.de\/pl\/wp-json\/wp\/v2\/media\/37492"}],"wp:attachment":[{"href":"https:\/\/www.3p-gmbh.de\/pl\/wp-json\/wp\/v2\/media?parent=18258"}],"wp:term":[{"taxonomy":"product_brand","embeddable":true,"href":"https:\/\/www.3p-gmbh.de\/pl\/wp-json\/wp\/v2\/product_brand?post=18258"},{"taxonomy":"product_cat","embeddable":true,"href":"https:\/\/www.3p-gmbh.de\/pl\/wp-json\/wp\/v2\/product_cat?post=18258"},{"taxonomy":"product_tag","embeddable":true,"href":"https:\/\/www.3p-gmbh.de\/pl\/wp-json\/wp\/v2\/product_tag?post=18258"}],"curies":[{"name":"wp","href":"https:\/\/api.w.org\/{rel}","templated":true}]}}