{"id":18170,"date":"2019-12-05T10:23:37","date_gmt":"2019-12-05T10:23:37","guid":{"rendered":"https:\/\/www.3p-gmbh.de\/?post_type=product&#038;p=18170"},"modified":"2020-04-15T14:25:29","modified_gmt":"2020-04-15T14:25:29","slug":"mega-stahl-normlicht-abstimmpultaufsatz-0b-mit-mega-stahl-schubladenschrank","status":"publish","type":"product","link":"https:\/\/www.3p-gmbh.de\/pl\/produkt\/mega-stahl-normlicht-abstimmpultaufsatz-0b-mit-mega-stahl-schubladenschrank\/","title":{"rendered":"Mega Stahl Normlicht Abstimmpultaufsatz 0B mit Mega Stahl Schubladenschrank"},"content":{"rendered":"<p>mit asymmetrischer Farbpr\u00fcfleuchte zur Vermeidung von Spiegelungen und Schattenbildung.<br \/>\nFarbpr\u00fcfleuchte mit Spezial-Leuchtstoffr\u00f6hren,<br \/>\nschr\u00e4ges Pult und magnetische R\u00fcckwand ausgeleuchtet f\u00fcr das Druckformat 0B<br \/>\n1 magnetische R\u00fcckwand Nutzma\u00df 100 x 72 cm<\/p>\n","protected":false},"excerpt":{"rendered":"<p>mit asymmetrischer Farbpr\u00fcfleuchte zur Vermeidung von Spiegelungen und Schattenbildung. Farbpr\u00fcfleuchte mit Spezial-Leuchtstoffr\u00f6hren, schr\u00e4ges Pult und magnetische R\u00fcckwand ausgeleuchtet f\u00fcr das Druckformat 0B 1 magnetische R\u00fcckwand Nutzma\u00df 100 x 72 cm<\/p>\n","protected":false},"featured_media":18171,"template":"","meta":[],"product_brand":[],"product_cat":[1780],"product_tag":[],"class_list":{"0":"post-18170","1":"product","2":"type-product","3":"status-publish","4":"has-post-thumbnail","6":"product_cat-messgeraete-und-qualitaetssicherung","7":"pa_hersteller-mega-stahl","9":"first","10":"instock","11":"taxable","12":"shipping-taxable","13":"purchasable","14":"product-type-simple"},"jetpack_sharing_enabled":true,"_links":{"self":[{"href":"https:\/\/www.3p-gmbh.de\/pl\/wp-json\/wp\/v2\/product\/18170","targetHints":{"allow":["GET"]}}],"collection":[{"href":"https:\/\/www.3p-gmbh.de\/pl\/wp-json\/wp\/v2\/product"}],"about":[{"href":"https:\/\/www.3p-gmbh.de\/pl\/wp-json\/wp\/v2\/types\/product"}],"wp:featuredmedia":[{"embeddable":true,"href":"https:\/\/www.3p-gmbh.de\/pl\/wp-json\/wp\/v2\/media\/18171"}],"wp:attachment":[{"href":"https:\/\/www.3p-gmbh.de\/pl\/wp-json\/wp\/v2\/media?parent=18170"}],"wp:term":[{"taxonomy":"product_brand","embeddable":true,"href":"https:\/\/www.3p-gmbh.de\/pl\/wp-json\/wp\/v2\/product_brand?post=18170"},{"taxonomy":"product_cat","embeddable":true,"href":"https:\/\/www.3p-gmbh.de\/pl\/wp-json\/wp\/v2\/product_cat?post=18170"},{"taxonomy":"product_tag","embeddable":true,"href":"https:\/\/www.3p-gmbh.de\/pl\/wp-json\/wp\/v2\/product_tag?post=18170"}],"curies":[{"name":"wp","href":"https:\/\/api.w.org\/{rel}","templated":true}]}}