{"id":17962,"date":"2019-12-03T09:40:56","date_gmt":"2019-12-03T09:40:56","guid":{"rendered":"http:\/\/www.3p-gmbh.de\/?post_type=product&#038;p=17962"},"modified":"2020-04-15T14:24:31","modified_gmt":"2020-04-15T14:24:31","slug":"baumann-bsw-p-stapelwender","status":"publish","type":"product","link":"https:\/\/www.3p-gmbh.de\/pl\/produkt\/baumann-bsw-p-stapelwender\/","title":{"rendered":"Baumann BSW-P Stapelwender"},"content":{"rendered":"<p>Plattform Innenmass 850 x 1370 mm<br \/>\nmax. \u00d6ffnung 1345mm<br \/>\nmin. \u00d6ffnung 620mm<br \/>\nStapelgewicht max.1000 kg<\/p>\n<p>Papier, Karton oder \u00e4hnliche Materialien manuell umzusetzenkostet Kraft und Zeit und ist somit sehr kostenintensiv.<br \/>\nMit den Stapelwendern kann man diese Arbeit ergonomisch und kosteng\u00fcnstig gestalten.<\/p>\n","protected":false},"excerpt":{"rendered":"<p>Plattform Innenmass 850 x 1370 mm max. \u00d6ffnung 1345mm min. \u00d6ffnung 620mm Stapelgewicht max.1000 kg Papier, Karton oder \u00e4hnliche Materialien manuell umzusetzenkostet Kraft und Zeit und ist somit sehr kostenintensiv. Mit den Stapelwendern kann man diese Arbeit ergonomisch und kosteng\u00fcnstig gestalten.<\/p>\n","protected":false},"featured_media":17963,"template":"","meta":[],"product_brand":[],"product_cat":[1762],"product_tag":[],"class_list":{"0":"post-17962","1":"product","2":"type-product","3":"status-publish","4":"has-post-thumbnail","6":"product_cat-stapelwender","7":"pa_hersteller-baumann","8":"pa_typ-bsw-p","10":"first","11":"instock","12":"taxable","13":"shipping-taxable","14":"purchasable","15":"product-type-simple"},"jetpack_sharing_enabled":true,"_links":{"self":[{"href":"https:\/\/www.3p-gmbh.de\/pl\/wp-json\/wp\/v2\/product\/17962","targetHints":{"allow":["GET"]}}],"collection":[{"href":"https:\/\/www.3p-gmbh.de\/pl\/wp-json\/wp\/v2\/product"}],"about":[{"href":"https:\/\/www.3p-gmbh.de\/pl\/wp-json\/wp\/v2\/types\/product"}],"wp:featuredmedia":[{"embeddable":true,"href":"https:\/\/www.3p-gmbh.de\/pl\/wp-json\/wp\/v2\/media\/17963"}],"wp:attachment":[{"href":"https:\/\/www.3p-gmbh.de\/pl\/wp-json\/wp\/v2\/media?parent=17962"}],"wp:term":[{"taxonomy":"product_brand","embeddable":true,"href":"https:\/\/www.3p-gmbh.de\/pl\/wp-json\/wp\/v2\/product_brand?post=17962"},{"taxonomy":"product_cat","embeddable":true,"href":"https:\/\/www.3p-gmbh.de\/pl\/wp-json\/wp\/v2\/product_cat?post=17962"},{"taxonomy":"product_tag","embeddable":true,"href":"https:\/\/www.3p-gmbh.de\/pl\/wp-json\/wp\/v2\/product_tag?post=17962"}],"curies":[{"name":"wp","href":"https:\/\/api.w.org\/{rel}","templated":true}]}}