{"id":17904,"date":"2019-12-03T08:07:34","date_gmt":"2019-12-03T08:07:34","guid":{"rendered":"http:\/\/www.3p-gmbh.de\/?post_type=product&#038;p=17904"},"modified":"2020-04-15T14:24:31","modified_gmt":"2020-04-15T14:24:31","slug":"hydraulische-schwenkarm-stanzmaschine-usm-dvsm-30","status":"publish","type":"product","link":"https:\/\/www.3p-gmbh.de\/pl\/produkt\/hydraulische-schwenkarm-stanzmaschine-usm-dvsm-30\/","title":{"rendered":"Hydraulische Schwenkarm-Stanzmaschine USM DVSM-30"},"content":{"rendered":"<p>zur manuellen Best\u00fcckung mit Material und Werkzeug, besonders f\u00fcr kleinere Losgr\u00f6\u00dfen oder kleinere Teileabmessungen geeignet.<\/p>\n<p>Druckleistung 250 KN<br \/>\nStanzfl\u00e4che ca. 30 x 50 cm schwenkbar<br \/>\nAuflagetisch ca. 45 x 90 cm<br \/>\n380 Volt<\/p>\n","protected":false},"excerpt":{"rendered":"<p>zur manuellen Best\u00fcckung mit Material und Werkzeug, besonders f\u00fcr kleinere Losgr\u00f6\u00dfen oder kleinere Teileabmessungen geeignet. Druckleistung 250 KN Stanzfl\u00e4che ca. 30 x 50 cm schwenkbar Auflagetisch ca. 45 x 90 cm 380 Volt<\/p>\n","protected":false},"featured_media":17905,"template":"","meta":[],"product_brand":[],"product_cat":[1760],"product_tag":[],"class_list":{"0":"post-17904","1":"product","2":"type-product","3":"status-publish","4":"has-post-thumbnail","6":"product_cat-stanzen","7":"pa_hersteller-usm","9":"first","10":"instock","11":"taxable","12":"shipping-taxable","13":"purchasable","14":"product-type-simple"},"jetpack_sharing_enabled":true,"_links":{"self":[{"href":"https:\/\/www.3p-gmbh.de\/pl\/wp-json\/wp\/v2\/product\/17904","targetHints":{"allow":["GET"]}}],"collection":[{"href":"https:\/\/www.3p-gmbh.de\/pl\/wp-json\/wp\/v2\/product"}],"about":[{"href":"https:\/\/www.3p-gmbh.de\/pl\/wp-json\/wp\/v2\/types\/product"}],"wp:featuredmedia":[{"embeddable":true,"href":"https:\/\/www.3p-gmbh.de\/pl\/wp-json\/wp\/v2\/media\/17905"}],"wp:attachment":[{"href":"https:\/\/www.3p-gmbh.de\/pl\/wp-json\/wp\/v2\/media?parent=17904"}],"wp:term":[{"taxonomy":"product_brand","embeddable":true,"href":"https:\/\/www.3p-gmbh.de\/pl\/wp-json\/wp\/v2\/product_brand?post=17904"},{"taxonomy":"product_cat","embeddable":true,"href":"https:\/\/www.3p-gmbh.de\/pl\/wp-json\/wp\/v2\/product_cat?post=17904"},{"taxonomy":"product_tag","embeddable":true,"href":"https:\/\/www.3p-gmbh.de\/pl\/wp-json\/wp\/v2\/product_tag?post=17904"}],"curies":[{"name":"wp","href":"https:\/\/api.w.org\/{rel}","templated":true}]}}