{"id":17702,"date":"2019-11-26T12:08:08","date_gmt":"2019-11-26T12:08:08","guid":{"rendered":"http:\/\/www.3p-gmbh.de\/?post_type=product&#038;p=17702"},"modified":"2021-01-11T12:36:00","modified_gmt":"2021-01-11T12:36:00","slug":"leibinger-nummerierwerke-grade-oder-quersteller-fuer-heidelberg-gto-46-heidelberg-52-oder-speedmaster-52","status":"publish","type":"product","link":"https:\/\/www.3p-gmbh.de\/pl\/produkt\/leibinger-nummerierwerke-grade-oder-quersteller-fuer-heidelberg-gto-46-heidelberg-52-oder-speedmaster-52\/","title":{"rendered":"Leibinger Nummerierwerke Grade oder Quersteller f\u00fcr Heidelberg GTO 46\/52 oder Speedmaster 52"},"content":{"rendered":"<ul>\n<li>gebraucht, komplett zerlegt, gereinigt und revidiert<\/li>\n<li>verf\u00fcgbar als: vorw\u00e4rtsz\u00e4hlend, r\u00fcckw\u00e4rtszahlend, vertikal stehend und horizontal stehend<\/li>\n<li>7-stellig<\/li>\n<\/ul>\n","protected":false},"excerpt":{"rendered":"<p>gebraucht, komplett zerlegt, gereinigt und revidiert verf\u00fcgbar als: vorw\u00e4rtsz\u00e4hlend, r\u00fcckw\u00e4rtszahlend, vertikal stehend und horizontal stehend 7-stellig<\/p>\n","protected":false},"featured_media":35298,"template":"","meta":[],"product_brand":[],"product_cat":[343],"product_tag":[],"class_list":{"0":"post-17702","1":"product","2":"type-product","3":"status-publish","4":"has-post-thumbnail","6":"product_cat-buchdruck","7":"pa_bezeichnung_typ-buchdruck-numerierwerke","8":"pa_hersteller-leibinger","10":"first","11":"instock","12":"taxable","13":"shipping-taxable","14":"purchasable","15":"product-type-simple"},"jetpack_sharing_enabled":true,"_links":{"self":[{"href":"https:\/\/www.3p-gmbh.de\/pl\/wp-json\/wp\/v2\/product\/17702","targetHints":{"allow":["GET"]}}],"collection":[{"href":"https:\/\/www.3p-gmbh.de\/pl\/wp-json\/wp\/v2\/product"}],"about":[{"href":"https:\/\/www.3p-gmbh.de\/pl\/wp-json\/wp\/v2\/types\/product"}],"wp:featuredmedia":[{"embeddable":true,"href":"https:\/\/www.3p-gmbh.de\/pl\/wp-json\/wp\/v2\/media\/35298"}],"wp:attachment":[{"href":"https:\/\/www.3p-gmbh.de\/pl\/wp-json\/wp\/v2\/media?parent=17702"}],"wp:term":[{"taxonomy":"product_brand","embeddable":true,"href":"https:\/\/www.3p-gmbh.de\/pl\/wp-json\/wp\/v2\/product_brand?post=17702"},{"taxonomy":"product_cat","embeddable":true,"href":"https:\/\/www.3p-gmbh.de\/pl\/wp-json\/wp\/v2\/product_cat?post=17702"},{"taxonomy":"product_tag","embeddable":true,"href":"https:\/\/www.3p-gmbh.de\/pl\/wp-json\/wp\/v2\/product_tag?post=17702"}],"curies":[{"name":"wp","href":"https:\/\/api.w.org\/{rel}","templated":true}]}}