{"id":17687,"date":"2019-11-26T08:46:35","date_gmt":"2019-11-26T08:46:35","guid":{"rendered":"http:\/\/www.3p-gmbh.de\/?post_type=product&#038;p=17687"},"modified":"2023-11-28T16:45:40","modified_gmt":"2023-11-28T16:45:40","slug":"grimm-farbmischer","status":"publish","type":"product","link":"https:\/\/www.3p-gmbh.de\/pl\/produkt\/grimm-farbmischer\/","title":{"rendered":"Grimm Farbmischer"},"content":{"rendered":"<p><strong>Grimm Farbmischer<\/strong><br \/>\n<em><strong>wie Busch FM 12<\/strong><\/em><\/p>\n<p>mit 3 Mischbeh\u00e4ltern<br \/>\nmit zwei Mischarmen<br \/>\nmit aufklappbarem Mischarm f\u00fcr das schnelle und intensive Mischen von Druckfarben<br \/>\nDer gr\u00fcndliche Mischeffekt wird durch den Mischarm bei gleichzeitig rotierendem Farbbeh\u00e4lter erreicht<br \/>\n&#8211; ohne Blasen und ohne Klumpen.<\/p>\n<p>Fassungsverm\u00f6gen 2 &#8211; bis. ca. 12 kg<br \/>\nKraftsrom, Leistungsaufnahme 0.37 kW<\/p>\n","protected":false},"excerpt":{"rendered":"<p>Grimm Farbmischer wie Busch FM 12 mit 3 Mischbeh\u00e4ltern mit zwei Mischarmen mit aufklappbarem Mischarm f\u00fcr das schnelle und intensive Mischen von Druckfarben Der gr\u00fcndliche Mischeffekt wird durch den Mischarm bei gleichzeitig rotierendem Farbbeh\u00e4lter erreicht &#8211; ohne Blasen und ohne Klumpen. Fassungsverm\u00f6gen 2 &#8211; bis. ca. 12 kg Kraftsrom, Leistungsaufnahme 0.37 kW<\/p>\n","protected":false},"featured_media":95262,"template":"","meta":[],"product_brand":[],"product_cat":[418],"product_tag":[],"class_list":{"0":"post-17687","1":"product","2":"type-product","3":"status-publish","4":"has-post-thumbnail","6":"product_cat-druckmaschinenzubehoer-und-ersatzteile","7":"pa_hersteller-grimm","9":"first","10":"instock","11":"taxable","12":"shipping-taxable","13":"purchasable","14":"product-type-simple"},"jetpack_sharing_enabled":true,"_links":{"self":[{"href":"https:\/\/www.3p-gmbh.de\/pl\/wp-json\/wp\/v2\/product\/17687","targetHints":{"allow":["GET"]}}],"collection":[{"href":"https:\/\/www.3p-gmbh.de\/pl\/wp-json\/wp\/v2\/product"}],"about":[{"href":"https:\/\/www.3p-gmbh.de\/pl\/wp-json\/wp\/v2\/types\/product"}],"wp:featuredmedia":[{"embeddable":true,"href":"https:\/\/www.3p-gmbh.de\/pl\/wp-json\/wp\/v2\/media\/95262"}],"wp:attachment":[{"href":"https:\/\/www.3p-gmbh.de\/pl\/wp-json\/wp\/v2\/media?parent=17687"}],"wp:term":[{"taxonomy":"product_brand","embeddable":true,"href":"https:\/\/www.3p-gmbh.de\/pl\/wp-json\/wp\/v2\/product_brand?post=17687"},{"taxonomy":"product_cat","embeddable":true,"href":"https:\/\/www.3p-gmbh.de\/pl\/wp-json\/wp\/v2\/product_cat?post=17687"},{"taxonomy":"product_tag","embeddable":true,"href":"https:\/\/www.3p-gmbh.de\/pl\/wp-json\/wp\/v2\/product_tag?post=17687"}],"curies":[{"name":"wp","href":"https:\/\/api.w.org\/{rel}","templated":true}]}}