{"id":17311,"date":"2019-11-21T14:29:57","date_gmt":"2019-11-21T14:29:57","guid":{"rendered":"http:\/\/www.3p-gmbh.de\/?post_type=product&#038;p=17311"},"modified":"2020-04-15T14:23:51","modified_gmt":"2020-04-15T14:23:51","slug":"traenklein-usm-universalstanzmaschine","status":"publish","type":"product","link":"https:\/\/www.3p-gmbh.de\/pl\/produkt\/traenklein-usm-universalstanzmaschine\/","title":{"rendered":"Tr\u00e4nklein USM Universalstanzmaschine\u00a0"},"content":{"rendered":"<p>mit einem Werkzeug f\u00fcr Registerschnitt 45\u00b0, Messerl\u00e4nge 40 cm<\/p>\n<p>eignet sich zum Stanzen von Papier, Karton, Plastik usw.<br \/>\nSie kann mit zahlreichen leicht auswechselbaren Stanzwerkzeugen f\u00fcr die verschiedenartigsten Stanzarbeiten ausger\u00fcstet werden.<br \/>\nDie Konstruktion der Stanzmaschine besteht aus drei Hauptteilen: Grundgestell, Werkzeugschlitten und Auflagetisch.<br \/>\nDie Hubausl\u00f6sung geschieht \u00fcber einen elektrischen Fu\u00dftaster (oder automatisch),<br \/>\ndie Hubh\u00f6he der Maschine ist je nach Werkzeugform und Stanzmaterial einstellbar.<br \/>\nBeim Stanzen entstehender Abfall f\u00e4llt \u00fcber zwei Rinnen seitlich ab und kann in Beh\u00e4lter gesammelt werden.<\/p>\n<p>+zum Stanzen von Papier, Karton und Plastik mit Ober- und Untermesser<br \/>\n+elektr. Ausr\u00fcstung: Getriebe-Bremsmotor 400 Volt, 3 Ph,50 Hz., 1,5 kW<br \/>\n+Stapelh\u00f6he max. 80 mm<br \/>\n+Hub max. 100 mm<br \/>\n+Tischgr\u00f6\u00dfe 900 x 480 mm<br \/>\n+Platzbedarf 100 x 95 x 140 cm<br \/>\n+Gewicht netto 350 kg<\/p>\n","protected":false},"excerpt":{"rendered":"<p>mit einem Werkzeug f\u00fcr Registerschnitt 45\u00b0, Messerl\u00e4nge 40 cm eignet sich zum Stanzen von Papier, Karton, Plastik usw. Sie kann mit zahlreichen leicht auswechselbaren Stanzwerkzeugen f\u00fcr die verschiedenartigsten Stanzarbeiten ausger\u00fcstet werden. Die Konstruktion der Stanzmaschine besteht aus drei Hauptteilen: Grundgestell, Werkzeugschlitten und Auflagetisch. Die Hubausl\u00f6sung geschieht \u00fcber einen elektrischen Fu\u00dftaster (oder automatisch), die Hubh\u00f6he der [&hellip;]<\/p>\n","protected":false},"featured_media":17314,"template":"","meta":[],"product_brand":[],"product_cat":[1760],"product_tag":[],"class_list":{"0":"post-17311","1":"product","2":"type-product","3":"status-publish","4":"has-post-thumbnail","6":"product_cat-stanzen","7":"pa_hersteller-karl-traenklein","8":"pa_typ-usm","10":"first","11":"instock","12":"taxable","13":"shipping-taxable","14":"purchasable","15":"product-type-simple"},"jetpack_sharing_enabled":true,"_links":{"self":[{"href":"https:\/\/www.3p-gmbh.de\/pl\/wp-json\/wp\/v2\/product\/17311","targetHints":{"allow":["GET"]}}],"collection":[{"href":"https:\/\/www.3p-gmbh.de\/pl\/wp-json\/wp\/v2\/product"}],"about":[{"href":"https:\/\/www.3p-gmbh.de\/pl\/wp-json\/wp\/v2\/types\/product"}],"wp:featuredmedia":[{"embeddable":true,"href":"https:\/\/www.3p-gmbh.de\/pl\/wp-json\/wp\/v2\/media\/17314"}],"wp:attachment":[{"href":"https:\/\/www.3p-gmbh.de\/pl\/wp-json\/wp\/v2\/media?parent=17311"}],"wp:term":[{"taxonomy":"product_brand","embeddable":true,"href":"https:\/\/www.3p-gmbh.de\/pl\/wp-json\/wp\/v2\/product_brand?post=17311"},{"taxonomy":"product_cat","embeddable":true,"href":"https:\/\/www.3p-gmbh.de\/pl\/wp-json\/wp\/v2\/product_cat?post=17311"},{"taxonomy":"product_tag","embeddable":true,"href":"https:\/\/www.3p-gmbh.de\/pl\/wp-json\/wp\/v2\/product_tag?post=17311"}],"curies":[{"name":"wp","href":"https:\/\/api.w.org\/{rel}","templated":true}]}}