{"id":17181,"date":"2019-11-21T09:45:55","date_gmt":"2019-11-21T09:45:55","guid":{"rendered":"http:\/\/www.3p-gmbh.de\/?post_type=product&#038;p=17181"},"modified":"2020-04-15T14:23:06","modified_gmt":"2020-04-15T14:23:06","slug":"pamatec-oem-heidelberg-pt-220-vollautomatische-inline-brueckenstanzmaschine","status":"publish","type":"product","link":"https:\/\/www.3p-gmbh.de\/pl\/produkt\/pamatec-oem-heidelberg-pt-220-vollautomatische-inline-brueckenstanzmaschine\/","title":{"rendered":"PamaTec OEM Heidelberg PT-220 vollautomatische Inline-Br\u00fcckenstanzmaschine"},"content":{"rendered":"<p>vollautomatische Inline-Br\u00fcckenstanzmaschine PamaTec OEM Heidelberg PT-220<br \/>\nkonfiguriert f\u00fcr L\u00e4ngsschneiden, Bandstahlschnitt, Linienwerkzeuge und Querschneiden<\/p>\n<p>Stanzt gefalzte Lagen und Einzelbogen hinter der Falzmaschine oder dem Sammelhefter.<br \/>\nAbh\u00e4ngig von der Produktl\u00e4nge und -st\u00e4rke betr\u00e4gt die maximale Taktgeschwindigkeit 7.500 Exemplare pro Stunde.<br \/>\nDas maximale Stanzformat ist auf 600 x 220 Millimeter ausgelegt.<\/p>\n<p>Es lassen sich vielf\u00e4ltige Veredelungsm\u00f6glichkeiten umsetzen: Abriss- oder Eckenperforation, Wire-O-Stanzungen und Abheftlochungen.<br \/>\nTrenn-, Register- und Dreiseitenbeschnitte sind ebenso m\u00f6glich wie Bandstahlschnitte f\u00fcr individuelle Formenstanzen,<br \/>\ndie daf\u00fcr ben\u00f6tigten Werkzeuge sind nicht im Lieferumfang !!<\/p>\n<p>Die verarbeitbaren Produktst\u00e4rken liegen beim Schneiden bei vier Millimeter,<br \/>\nbeim Perforieren bei drei Millimeter und beim Bandstahlschnitt bei zwei Millimeter.<\/p>\n<p>Die Bogen\u00fcbernahme erfolgt direkt von der Falzmaschine oder dem Sammelhefter mit einer h\u00f6henverstellbaren B\u00e4nderzuf\u00fchrung.<br \/>\nEin pneumatisches Ausrichtsystem sorgt f\u00fcr die genaue Positionierung der Bogen in der Stanze<br \/>\nund damit f\u00fcr eine hohe Stanzgenauigkeit.<\/p>\n<p>Einlaufbreite 70 cm<br \/>\nArbeitsbreite 60 cm<\/p>\n<p>Ausstattung<br \/>\nBandtransport f\u00fcr 2 Nutzen mit 4 Transportb\u00e4ndern 15 mm Breite,<br \/>\n1 Aufnahme f\u00fcr L\u00e4ngsschneiden,<br \/>\nAusschnittwerkzeug (Breite 6mm optional sind auch 8-10-12-15 mm verf\u00fcgbar,<br \/>\n2 Aufnahmen f\u00fcr Linienwerkzeuge Stanzbild Eurolochung<br \/>\nAufnahme Bandstahlschnitt, Vorausrichtung,<br \/>\n\u00dcbergabeauslauf,<br \/>\nZentralschmierung,<br \/>\nTF-Schnittstelle.<\/p>\n<p>Erkl\u00e4rung Schneidtypen:<br \/>\nBandstahlschnitt: beliebige Formstanzung bis zu 2 mm Dicke<br \/>\nL\u00e4ngsschnitt: Kopf- und Fu\u00dfbeschnitt, Trennschnitt, Streifenausschnitt<br \/>\nQuerschnitt: Schneidarbeiten quer zur Papierlaufrichtung z.B. Frontbeschnitt<br \/>\nLinienperforation: z.B. Eckenperforation, Wire-O oder Abheftlochung<\/p>\n<p>Zentralschmierung zur Versorung aller Lagerstellen mit Fett f\u00fcr den Antrieb.<br \/>\nDiese sollte mindestens t\u00e4glich einmal bet\u00e4tigt werden.<br \/>\nDer Progressivverteiler sorgt f\u00fcr eine gleichm\u00e4\u00dfige Fettung.<\/p>\n","protected":false},"excerpt":{"rendered":"<p>vollautomatische Inline-Br\u00fcckenstanzmaschine PamaTec OEM Heidelberg PT-220 konfiguriert f\u00fcr L\u00e4ngsschneiden, Bandstahlschnitt, Linienwerkzeuge und Querschneiden Stanzt gefalzte Lagen und Einzelbogen hinter der Falzmaschine oder dem Sammelhefter. Abh\u00e4ngig von der Produktl\u00e4nge und -st\u00e4rke betr\u00e4gt die maximale Taktgeschwindigkeit 7.500 Exemplare pro Stunde. Das maximale Stanzformat ist auf 600 x 220 Millimeter ausgelegt. Es lassen sich vielf\u00e4ltige Veredelungsm\u00f6glichkeiten umsetzen: Abriss- [&hellip;]<\/p>\n","protected":false},"featured_media":17182,"template":"","meta":[],"product_brand":[],"product_cat":[1760],"product_tag":[],"class_list":{"0":"post-17181","1":"product","2":"type-product","3":"status-publish","4":"has-post-thumbnail","6":"product_cat-stanzen","7":"pa_hersteller-pamatec-oem-heidelberg","8":"pa_typ-pt-220","10":"first","11":"instock","12":"taxable","13":"shipping-taxable","14":"purchasable","15":"product-type-simple"},"jetpack_sharing_enabled":true,"_links":{"self":[{"href":"https:\/\/www.3p-gmbh.de\/pl\/wp-json\/wp\/v2\/product\/17181","targetHints":{"allow":["GET"]}}],"collection":[{"href":"https:\/\/www.3p-gmbh.de\/pl\/wp-json\/wp\/v2\/product"}],"about":[{"href":"https:\/\/www.3p-gmbh.de\/pl\/wp-json\/wp\/v2\/types\/product"}],"wp:featuredmedia":[{"embeddable":true,"href":"https:\/\/www.3p-gmbh.de\/pl\/wp-json\/wp\/v2\/media\/17182"}],"wp:attachment":[{"href":"https:\/\/www.3p-gmbh.de\/pl\/wp-json\/wp\/v2\/media?parent=17181"}],"wp:term":[{"taxonomy":"product_brand","embeddable":true,"href":"https:\/\/www.3p-gmbh.de\/pl\/wp-json\/wp\/v2\/product_brand?post=17181"},{"taxonomy":"product_cat","embeddable":true,"href":"https:\/\/www.3p-gmbh.de\/pl\/wp-json\/wp\/v2\/product_cat?post=17181"},{"taxonomy":"product_tag","embeddable":true,"href":"https:\/\/www.3p-gmbh.de\/pl\/wp-json\/wp\/v2\/product_tag?post=17181"}],"curies":[{"name":"wp","href":"https:\/\/api.w.org\/{rel}","templated":true}]}}