{"id":16977,"date":"2019-11-18T15:19:11","date_gmt":"2019-11-18T15:19:11","guid":{"rendered":"http:\/\/www.3p-gmbh.de\/?post_type=product&#038;p=16977"},"modified":"2020-04-15T14:23:07","modified_gmt":"2020-04-15T14:23:07","slug":"mbo-z2-mobiler-kreuzbruch-mit-navigatorsteuerung","status":"publish","type":"product","link":"https:\/\/www.3p-gmbh.de\/pl\/produkt\/mbo-z2-mobiler-kreuzbruch-mit-navigatorsteuerung\/","title":{"rendered":"MBO Z2 mobiles, 180\u00b0 drehbares Kreuzbruchfalzwerk mit Navigatorsteuerung"},"content":{"rendered":"<p>Das fahrbare Schwertfalzwerk Z 2 ist um 180 \u00b0 schwenkbar und erm\u00f6glicht das Falzen sowohl von oben als auch von unten. Es l\u00e4sst sich f\u00fcr diverse Einsatzzwecke nutzen:<\/p>\n<ul>\n<li>an Kombi- und Taschenfalzmaschinen als Falzwerk IV f\u00fcr 32 Seiten, zur Herstellung von englischem, deutschem und internationalem Vierbruch sowie f\u00fcr Sonderfalzarten.<\/li>\n<li>an Taschenfalzmaschinen als Falzwerk III \u2013 hier kann das Falzgut zum zentralen Bedienpult zur\u00fcckgef\u00fchrt werden.<\/li>\n<li>f\u00fcr Parallelfalzungen zum R\u00fccken nach dem 1. und 2. Kreuzbruch bei Kombifalzmaschinen, in Verbindung mit dem Eckf\u00f6rdertisch<\/li>\n<li>im Anschluss an Sammelhefter zum Kleinfalzen von Brosch\u00fcren im rechten Winkel und, in Verbindung mit dem Eckf\u00f6rdertisch, parallel zum R\u00fccken.<\/li>\n<li>als Lagenfalzwerk zum Kleinfalzen der Produkte im rechten Winkel oder parallel zum R\u00fccken, in Verbindung mit einem Trommelanleger, Eckf\u00f6rdertisch sowie einer Auslage.<\/li>\n<li>f\u00fcr sehr eng geschlossenen Fensterfalz bei Taschenfalzmaschinen nach dem Falzwerk II, bei Kombifalzmaschinen in Verbindung mit dem Eckf\u00f6rdertisch.<\/li>\n<\/ul>\n","protected":false},"excerpt":{"rendered":"<p>Das fahrbare Schwertfalzwerk Z 2 ist um 180 \u00b0 schwenkbar und erm\u00f6glicht das Falzen sowohl von oben als auch von unten. Es l\u00e4sst sich f\u00fcr diverse Einsatzzwecke nutzen: an Kombi- und Taschenfalzmaschinen als Falzwerk IV f\u00fcr 32 Seiten, zur Herstellung von englischem, deutschem und internationalem Vierbruch sowie f\u00fcr Sonderfalzarten. an Taschenfalzmaschinen als Falzwerk III \u2013 [&hellip;]<\/p>\n","protected":false},"featured_media":23232,"template":"","meta":[],"product_brand":[],"product_cat":[1842],"product_tag":[],"class_list":{"0":"post-16977","1":"product","2":"type-product","3":"status-publish","4":"has-post-thumbnail","6":"product_cat-falzwerke","7":"pa_hersteller-mbo-oppenweiler","8":"pa_typ-mbo-z2","10":"first","11":"instock","12":"taxable","13":"shipping-taxable","14":"purchasable","15":"product-type-simple"},"jetpack_sharing_enabled":true,"_links":{"self":[{"href":"https:\/\/www.3p-gmbh.de\/pl\/wp-json\/wp\/v2\/product\/16977","targetHints":{"allow":["GET"]}}],"collection":[{"href":"https:\/\/www.3p-gmbh.de\/pl\/wp-json\/wp\/v2\/product"}],"about":[{"href":"https:\/\/www.3p-gmbh.de\/pl\/wp-json\/wp\/v2\/types\/product"}],"wp:featuredmedia":[{"embeddable":true,"href":"https:\/\/www.3p-gmbh.de\/pl\/wp-json\/wp\/v2\/media\/23232"}],"wp:attachment":[{"href":"https:\/\/www.3p-gmbh.de\/pl\/wp-json\/wp\/v2\/media?parent=16977"}],"wp:term":[{"taxonomy":"product_brand","embeddable":true,"href":"https:\/\/www.3p-gmbh.de\/pl\/wp-json\/wp\/v2\/product_brand?post=16977"},{"taxonomy":"product_cat","embeddable":true,"href":"https:\/\/www.3p-gmbh.de\/pl\/wp-json\/wp\/v2\/product_cat?post=16977"},{"taxonomy":"product_tag","embeddable":true,"href":"https:\/\/www.3p-gmbh.de\/pl\/wp-json\/wp\/v2\/product_tag?post=16977"}],"curies":[{"name":"wp","href":"https:\/\/api.w.org\/{rel}","templated":true}]}}