{"id":16943,"date":"2019-11-18T14:47:14","date_gmt":"2019-11-18T14:47:14","guid":{"rendered":"http:\/\/www.3p-gmbh.de\/?post_type=product&#038;p=16943"},"modified":"2020-04-15T14:23:07","modified_gmt":"2020-04-15T14:23:07","slug":"screen-cezanne-elite-ft-s5500-flachbettscanner","status":"publish","type":"product","link":"https:\/\/www.3p-gmbh.de\/pl\/produkt\/screen-cezanne-elite-ft-s5500-flachbettscanner\/","title":{"rendered":"Screen Cezanne Elite FT-S5500 Flachbettscanner"},"content":{"rendered":"<ul>\n<li>CCD-Zeile, 8.000 Elemente pro Linie<\/li>\n<li>Vorlagentypen (Aufsicht): Farbe, Schwarz\/Weiss, Graustufen<\/li>\n<li>Vorlagentypen (Durchsicht): Farbpositive, Farbnegative, Strichelemente, Graustufen<\/li>\n<li>Scangr\u00f6sse 329 x 530 mm (13.0&#8243; x 20.9&#8243;)<\/li>\n<li>Optische Aufl\u00f6sung bei Halbton 589 &#8211; 5.300 dpi<\/li>\n<li>Optische Aufl\u00f6sung bei Strichelementen 600, 1,200, 2,000 dpi<\/li>\n<li>Ausgabeaufl\u00f6sung bei Halbton 20 &#8211; 20.000 dpi, bei Strichelementen 360 &#8211; 4.000 dpi<\/li>\n<li>max. Aufl\u00f6sung 4.2 D<\/li>\n<li>Farbtiefe 32 bit bei CMYK, 48 bit RGB, 8 bit Graustufe<\/li>\n<li>Ausgabeformate TIFF, EPS, DCS, SCITEX CT, JPEG , YCC<\/li>\n<li>Interface SCSI 2<\/li>\n<\/ul>\n","protected":false},"excerpt":{"rendered":"<p>CCD-Zeile, 8.000 Elemente pro Linie Vorlagentypen (Aufsicht): Farbe, Schwarz\/Weiss, Graustufen Vorlagentypen (Durchsicht): Farbpositive, Farbnegative, Strichelemente, Graustufen Scangr\u00f6sse 329 x 530 mm (13.0&#8243; x 20.9&#8243;) Optische Aufl\u00f6sung bei Halbton 589 &#8211; 5.300 dpi Optische Aufl\u00f6sung bei Strichelementen 600, 1,200, 2,000 dpi Ausgabeaufl\u00f6sung bei Halbton 20 &#8211; 20.000 dpi, bei Strichelementen 360 &#8211; 4.000 dpi max. Aufl\u00f6sung [&hellip;]<\/p>\n","protected":false},"featured_media":16944,"template":"","meta":[],"product_brand":[],"product_cat":[1643],"product_tag":[],"class_list":{"0":"post-16943","1":"product","2":"type-product","3":"status-publish","4":"has-post-thumbnail","6":"product_cat-flachbettscanner","7":"pa_bezeichnung_typ-cezanne-elite-ft-s5500","8":"pa_hersteller-dainippon-screen","10":"first","11":"instock","12":"taxable","13":"shipping-taxable","14":"purchasable","15":"product-type-simple"},"jetpack_sharing_enabled":true,"_links":{"self":[{"href":"https:\/\/www.3p-gmbh.de\/pl\/wp-json\/wp\/v2\/product\/16943","targetHints":{"allow":["GET"]}}],"collection":[{"href":"https:\/\/www.3p-gmbh.de\/pl\/wp-json\/wp\/v2\/product"}],"about":[{"href":"https:\/\/www.3p-gmbh.de\/pl\/wp-json\/wp\/v2\/types\/product"}],"wp:featuredmedia":[{"embeddable":true,"href":"https:\/\/www.3p-gmbh.de\/pl\/wp-json\/wp\/v2\/media\/16944"}],"wp:attachment":[{"href":"https:\/\/www.3p-gmbh.de\/pl\/wp-json\/wp\/v2\/media?parent=16943"}],"wp:term":[{"taxonomy":"product_brand","embeddable":true,"href":"https:\/\/www.3p-gmbh.de\/pl\/wp-json\/wp\/v2\/product_brand?post=16943"},{"taxonomy":"product_cat","embeddable":true,"href":"https:\/\/www.3p-gmbh.de\/pl\/wp-json\/wp\/v2\/product_cat?post=16943"},{"taxonomy":"product_tag","embeddable":true,"href":"https:\/\/www.3p-gmbh.de\/pl\/wp-json\/wp\/v2\/product_tag?post=16943"}],"curies":[{"name":"wp","href":"https:\/\/api.w.org\/{rel}","templated":true}]}}