{"id":16777,"date":"2019-11-15T14:11:45","date_gmt":"2019-11-15T14:11:45","guid":{"rendered":"http:\/\/www.3p-gmbh.de\/?post_type=product&#038;p=16777"},"modified":"2020-04-15T14:23:08","modified_gmt":"2020-04-15T14:23:08","slug":"baumer-hhs-heissleim-klebesystem-mit-c-1100-8-steuerung-und-heissleimtank-hhs-hmp-04-1x2-pde","status":"publish","type":"product","link":"https:\/\/www.3p-gmbh.de\/pl\/produkt\/baumer-hhs-heissleim-klebesystem-mit-c-1100-8-steuerung-und-heissleimtank-hhs-hmp-04-1x2-pde\/","title":{"rendered":"Baumer HHS Hei\u00dfleim Klebesystem mit C 1100-8 Steuerung und Hei\u00dfleimtank HHS HMP-04-1&#215;2-PDE"},"content":{"rendered":"<p>Hei\u00dfleim Klebesystem bestehend aus:<\/p>\n<ul>\n<li>Baumer HHS C 1100-8 Steuerger\u00e4t<br \/>\nf\u00fcr 8 Kan\u00e4le<\/li>\n<li>Baumer HHS HMP-04-1&#215;2-PDE Hei\u00dfleimtank<br \/>\n8kg Tank mit 2 Anschl\u00fcssen<\/li>\n<\/ul>\n","protected":false},"excerpt":{"rendered":"<p>Hei\u00dfleim Klebesystem bestehend aus: Baumer HHS C 1100-8 Steuerger\u00e4t f\u00fcr 8 Kan\u00e4le Baumer HHS HMP-04-1&#215;2-PDE Hei\u00dfleimtank 8kg Tank mit 2 Anschl\u00fcssen<\/p>\n","protected":false},"featured_media":16780,"template":"","meta":[],"product_brand":[],"product_cat":[1845],"product_tag":[],"class_list":{"0":"post-16777","1":"product","2":"type-product","3":"status-publish","4":"has-post-thumbnail","6":"product_cat-falzmaschinenzubehoer","7":"pa_hersteller-baumer-hhs","8":"pa_typ-c-1100-8","9":"pa_typ-hmp-04-1x2-pde","11":"first","12":"instock","13":"taxable","14":"shipping-taxable","15":"purchasable","16":"product-type-simple"},"jetpack_sharing_enabled":true,"_links":{"self":[{"href":"https:\/\/www.3p-gmbh.de\/pl\/wp-json\/wp\/v2\/product\/16777","targetHints":{"allow":["GET"]}}],"collection":[{"href":"https:\/\/www.3p-gmbh.de\/pl\/wp-json\/wp\/v2\/product"}],"about":[{"href":"https:\/\/www.3p-gmbh.de\/pl\/wp-json\/wp\/v2\/types\/product"}],"wp:featuredmedia":[{"embeddable":true,"href":"https:\/\/www.3p-gmbh.de\/pl\/wp-json\/wp\/v2\/media\/16780"}],"wp:attachment":[{"href":"https:\/\/www.3p-gmbh.de\/pl\/wp-json\/wp\/v2\/media?parent=16777"}],"wp:term":[{"taxonomy":"product_brand","embeddable":true,"href":"https:\/\/www.3p-gmbh.de\/pl\/wp-json\/wp\/v2\/product_brand?post=16777"},{"taxonomy":"product_cat","embeddable":true,"href":"https:\/\/www.3p-gmbh.de\/pl\/wp-json\/wp\/v2\/product_cat?post=16777"},{"taxonomy":"product_tag","embeddable":true,"href":"https:\/\/www.3p-gmbh.de\/pl\/wp-json\/wp\/v2\/product_tag?post=16777"}],"curies":[{"name":"wp","href":"https:\/\/api.w.org\/{rel}","templated":true}]}}